{"id":731485,"date":"2025-08-27T21:32:54","date_gmt":"2025-08-27T18:32:54","guid":{"rendered":"https:\/\/roveyayinevi.com.tr\/index.php\/urun\/bulanik-ve-klasik-uygulamalar-ile-cok-kriterli-karar-verme-teknikleri\/"},"modified":"2026-04-16T02:39:11","modified_gmt":"2026-04-15T23:39:11","slug":"bulanik-ve-klasik-uygulamalar-ile-cok-kriterli-karar-verme-teknikleri","status":"publish","type":"product","link":"https:\/\/roveyayinevi.com.tr\/index.php\/urun\/bulanik-ve-klasik-uygulamalar-ile-cok-kriterli-karar-verme-teknikleri\/","title":{"rendered":"Bulan\u0131k ve Klasik Uygulamalar ile \u00c7ok Kriterli Karar Verme Teknikleri"},"content":{"rendered":"<p>Bulan\u0131k ve Klasik Uygulamalar ile \u00c7ok Kriterli Karar Verme Teknikleri<\/p>\n","protected":false},"excerpt":{"rendered":"<p>Bulan\u0131k ve Klasik Uygulamalar ile \u00c7ok Kriterli Karar Verme Teknikleri<\/p>\n","protected":false},"featured_media":0,"template":"","meta":{"_monsterinsights_skip_tracking":false,"_monsterinsights_sitenote_active":false,"_monsterinsights_sitenote_note":"","_monsterinsights_sitenote_category":0},"product_brand":[],"product_cat":[14841,13043],"product_tag":[],"class_list":{"0":"post-731485","1":"product","2":"type-product","3":"status-publish","5":"product_cat-arastirma-inceleme-kuram","6":"product_cat-ekonomi","7":"pa_cilt-ciltsiz","8":"pa_tur-kitap","9":"pa_yayinevi-gazi-kitabevi","10":"pa_yazar-okkes-yilmaz-emre-yakut","12":"first","13":"instock","14":"sale","15":"shipping-taxable","16":"purchasable","17":"product-type-simple"},"_links":{"self":[{"href":"https:\/\/roveyayinevi.com.tr\/index.php\/wp-json\/wp\/v2\/product\/731485","targetHints":{"allow":["GET"]}}],"collection":[{"href":"https:\/\/roveyayinevi.com.tr\/index.php\/wp-json\/wp\/v2\/product"}],"about":[{"href":"https:\/\/roveyayinevi.com.tr\/index.php\/wp-json\/wp\/v2\/types\/product"}],"wp:attachment":[{"href":"https:\/\/roveyayinevi.com.tr\/index.php\/wp-json\/wp\/v2\/media?parent=731485"}],"wp:term":[{"taxonomy":"product_brand","embeddable":true,"href":"https:\/\/roveyayinevi.com.tr\/index.php\/wp-json\/wp\/v2\/product_brand?post=731485"},{"taxonomy":"product_cat","embeddable":true,"href":"https:\/\/roveyayinevi.com.tr\/index.php\/wp-json\/wp\/v2\/product_cat?post=731485"},{"taxonomy":"product_tag","embeddable":true,"href":"https:\/\/roveyayinevi.com.tr\/index.php\/wp-json\/wp\/v2\/product_tag?post=731485"}],"curies":[{"name":"wp","href":"https:\/\/api.w.org\/{rel}","templated":true}]}}