{"id":731484,"date":"2025-08-27T21:32:53","date_gmt":"2025-08-27T18:32:53","guid":{"rendered":"https:\/\/roveyayinevi.com.tr\/index.php\/urun\/misyonerlerin-masum-olmayan-seyahatleri\/"},"modified":"2026-04-16T02:39:11","modified_gmt":"2026-04-15T23:39:11","slug":"misyonerlerin-masum-olmayan-seyahatleri","status":"publish","type":"product","link":"https:\/\/roveyayinevi.com.tr\/index.php\/urun\/misyonerlerin-masum-olmayan-seyahatleri\/","title":{"rendered":"Misyonerlerin Masum Olmayan Seyahatleri"},"content":{"rendered":"<p>\u201cSonralar\u0131 sapk\u0131nla\u015farak putlara tapmaya ba\u015flayan H\u0131ristiyanlara ceza olarak Tanr\u0131 T\u00fcrkleri g\u00f6ndermi\u015f, Onlar da kiliseleri camilere \u00e7evirmi\u015flerdir.\u201d   \u201cT\u00fcrk camilerinden gelen ezan sesini duymak ve insanlar\u0131 ne yapmaya \u00e7a\u011f\u0131rd\u0131\u011f\u0131n\u0131 bilmek insan\u0131 \u00fczer \u00e7\u00fcnk\u00fc insanlar Hz. \u0130sa\u2019ya de\u011fil Hz. Muhammed\u2019in tanr\u0131s\u0131na ibadete \u00e7a\u011fr\u0131lmaktad\u0131rlar. Yani insanlar tanr\u0131s\u0131zl\u0131\u011fa davet edilmektedirler.\u201d   H\u0131ristiyan misyonerlerin \u201ckutsal topraklar\u201d diye adland\u0131rd\u0131klar\u0131 b\u00f6lgeyi T\u00fcrklerin elinde tutuyor olmas\u0131 y\u00fczlerce y\u0131ld\u0131r artarak \u00e7o\u011falan bir \u00f6fkenin ve kinin birikmesine neden oluyor. H\u0131ristiyanlar a\u00e7\u0131s\u0131ndan Asya, Tanr\u0131\u2019n\u0131n o\u011flunun do\u011fdu\u011fu ve bir zamanlar ya\u015fad\u0131\u011f\u0131 yerdir. Ancak d\u00fcnyada en fazla n\u00fcfusa sahip k\u0131ta olmas\u0131na ra\u011fmen, \u00e7ok az H\u0131ristiyan ya\u015famaktad\u0131r burada. Yazar Favell Lee Mortimer\u2019in kaleme ald\u0131\u011f\u0131 bu kitap, H\u0131ristiyan misyonerlerin Asya\u2019da yapt\u0131klar\u0131 seyahatlerde tuttuklar\u0131, hi\u00e7 de masum say\u0131lmayan notlar\u0131 i\u00e7eriyor. Misyonerlerin seyahatleri s\u0131ras\u0131nda tuttuklar\u0131 notlardan da anla\u015f\u0131l\u0131yor ki H\u0131ristiyanlar\u0131n \u00e7ok b\u00fcy\u00fck bir motivasyonlar\u0131 var h\u00e2l\u00e2&#8230; Kutsal topraklar\u0131 geri almak&#8230; <\/p>\n","protected":false},"excerpt":{"rendered":"<p>\u201cSonralar\u0131 sapk\u0131nla\u015farak putlara tapmaya ba\u015flayan H\u0131ristiyanlara ceza olarak Tanr\u0131 T\u00fcrkleri g\u00f6ndermi\u015f, Onlar da kiliseleri camilere \u00e7evirmi\u015flerdir.\u201d \u201cT\u00fcrk camilerinden gelen ezan sesini duymak ve insanlar\u0131 ne yapmaya<span class=\"excerpt-hellip\"> [\u2026]<\/span><\/p>\n","protected":false},"featured_media":0,"template":"","meta":{"_monsterinsights_skip_tracking":false,"_monsterinsights_sitenote_active":false,"_monsterinsights_sitenote_note":"","_monsterinsights_sitenote_category":0},"product_brand":[],"product_cat":[12370,12304],"product_tag":[],"class_list":{"0":"post-731484","1":"product","2":"type-product","3":"status-publish","5":"product_cat-arastirma-inceleme","6":"product_cat-tarih","7":"pa_cilt-ciltsiz","8":"pa_tur-kitap","9":"pa_yayinevi-destek-yayinlari","10":"pa_yazar-favell-lee-mortimer","12":"first","13":"instock","14":"sale","15":"shipping-taxable","16":"purchasable","17":"product-type-simple"},"_links":{"self":[{"href":"https:\/\/roveyayinevi.com.tr\/index.php\/wp-json\/wp\/v2\/product\/731484","targetHints":{"allow":["GET"]}}],"collection":[{"href":"https:\/\/roveyayinevi.com.tr\/index.php\/wp-json\/wp\/v2\/product"}],"about":[{"href":"https:\/\/roveyayinevi.com.tr\/index.php\/wp-json\/wp\/v2\/types\/product"}],"wp:attachment":[{"href":"https:\/\/roveyayinevi.com.tr\/index.php\/wp-json\/wp\/v2\/media?parent=731484"}],"wp:term":[{"taxonomy":"product_brand","embeddable":true,"href":"https:\/\/roveyayinevi.com.tr\/index.php\/wp-json\/wp\/v2\/product_brand?post=731484"},{"taxonomy":"product_cat","embeddable":true,"href":"https:\/\/roveyayinevi.com.tr\/index.php\/wp-json\/wp\/v2\/product_cat?post=731484"},{"taxonomy":"product_tag","embeddable":true,"href":"https:\/\/roveyayinevi.com.tr\/index.php\/wp-json\/wp\/v2\/product_tag?post=731484"}],"curies":[{"name":"wp","href":"https:\/\/api.w.org\/{rel}","templated":true}]}}