{"id":731483,"date":"2025-08-27T21:32:52","date_gmt":"2025-08-27T18:32:52","guid":{"rendered":"https:\/\/roveyayinevi.com.tr\/index.php\/urun\/ibni-haldun-entelektuel-bir-biyografi\/"},"modified":"2026-04-16T02:39:11","modified_gmt":"2026-04-15T23:39:11","slug":"ibni-haldun-entelektuel-bir-biyografi","status":"publish","type":"product","link":"https:\/\/roveyayinevi.com.tr\/index.php\/urun\/ibni-haldun-entelektuel-bir-biyografi\/","title":{"rendered":"\u0130bni Haldun &#8211; Entelekt\u00fcel Bir Biyografi"},"content":{"rendered":"<p>Tarihin kanunlar\u0131n\u0131n \u015fa\u015f\u0131rt\u0131c\u0131 derecede orijinal bir analizi olan Mukaddime\u2019yi, \u00e7a\u011fda\u015f kaynaklardan yararlanarak inceleyen Irwin, \u0130bni Haldun\u2019un ya\u015fam\u0131n\u0131n ve d\u00fc\u015f\u00fcncesinin orta\u00e7a\u011f \u0130slam teolojisi, felsefesi, siyaseti, edebiyat\u0131, ekonomisi dahil olmak \u00fczere tarihsel ve entelekt\u00fcel ba\u011flam\u0131n\u0131 a\u00e7\u0131kl\u0131yor.   \u201c\u0130bni Haldun&#8217;un geleneksel g\u00f6r\u00fc\u015flerini sorgulayan bu \u00f6nemli kitap, Robert Irwin\u2019in orta\u00e7a\u011f M\u00fcsl\u00fcman zihni hakk\u0131ndaki derin bilgisini ve anlay\u0131\u015f\u0131n\u0131 yans\u0131t\u0131yor.\u201d \u2013Hugh Kennedy   \u201cRobert Irwin sadece orta\u00e7a\u011f Arap k\u00fclt\u00fcr\u00fc \u00fczerine bir otorite de\u011fil, ayn\u0131 zamanda a\u00e7\u0131k, zevkli ve neredeyse ansiklopedik bir bilgiyle yazan bir gazeteci ve romanc\u0131.\u201d \u2013Michael Dirda   \u201c\u0130bni Haldun 14. y\u00fczy\u0131ldan \u00e7\u0131kar\u0131ld\u0131 ve modern varsay\u0131mlar\u0131m\u0131za uyacak \u015fekilde yeniden \u015fekillendirildi. Bu, canl\u0131 ve derinlemesine bilgili bir kitap, son derece b\u00fcy\u00fcleyici.\u201d \u2013Noel Malcolm<\/p>\n","protected":false},"excerpt":{"rendered":"<p>Tarihin kanunlar\u0131n\u0131n \u015fa\u015f\u0131rt\u0131c\u0131 derecede orijinal bir analizi olan Mukaddime\u2019yi, \u00e7a\u011fda\u015f kaynaklardan yararlanarak inceleyen Irwin, \u0130bni Haldun\u2019un ya\u015fam\u0131n\u0131n ve d\u00fc\u015f\u00fcncesinin orta\u00e7a\u011f \u0130slam teolojisi, felsefesi, siyaseti, edebiyat\u0131, ekonomisi<span class=\"excerpt-hellip\"> [\u2026]<\/span><\/p>\n","protected":false},"featured_media":0,"template":"","meta":{"_monsterinsights_skip_tracking":false,"_monsterinsights_sitenote_active":false,"_monsterinsights_sitenote_note":"","_monsterinsights_sitenote_category":0},"product_brand":[],"product_cat":[13946,12304],"product_tag":[],"class_list":{"0":"post-731483","1":"product","2":"type-product","3":"status-publish","5":"product_cat-biyografi-otobiyografi","6":"product_cat-tarih","7":"pa_cilt-ciltsiz","8":"pa_tur-kitap","9":"pa_yayinevi-alfa-yayinlari","10":"pa_yazar-robert-irwin","12":"first","13":"instock","14":"sale","15":"shipping-taxable","16":"purchasable","17":"product-type-simple"},"_links":{"self":[{"href":"https:\/\/roveyayinevi.com.tr\/index.php\/wp-json\/wp\/v2\/product\/731483","targetHints":{"allow":["GET"]}}],"collection":[{"href":"https:\/\/roveyayinevi.com.tr\/index.php\/wp-json\/wp\/v2\/product"}],"about":[{"href":"https:\/\/roveyayinevi.com.tr\/index.php\/wp-json\/wp\/v2\/types\/product"}],"wp:attachment":[{"href":"https:\/\/roveyayinevi.com.tr\/index.php\/wp-json\/wp\/v2\/media?parent=731483"}],"wp:term":[{"taxonomy":"product_brand","embeddable":true,"href":"https:\/\/roveyayinevi.com.tr\/index.php\/wp-json\/wp\/v2\/product_brand?post=731483"},{"taxonomy":"product_cat","embeddable":true,"href":"https:\/\/roveyayinevi.com.tr\/index.php\/wp-json\/wp\/v2\/product_cat?post=731483"},{"taxonomy":"product_tag","embeddable":true,"href":"https:\/\/roveyayinevi.com.tr\/index.php\/wp-json\/wp\/v2\/product_tag?post=731483"}],"curies":[{"name":"wp","href":"https:\/\/api.w.org\/{rel}","templated":true}]}}