{"id":731482,"date":"2025-08-27T21:32:51","date_gmt":"2025-08-27T18:32:51","guid":{"rendered":"https:\/\/roveyayinevi.com.tr\/index.php\/urun\/kutsal-topraklar-uzerine-oynanan-oyunlar\/"},"modified":"2026-04-16T02:39:11","modified_gmt":"2026-04-15T23:39:11","slug":"kutsal-topraklar-uzerine-oynanan-oyunlar","status":"publish","type":"product","link":"https:\/\/roveyayinevi.com.tr\/index.php\/urun\/kutsal-topraklar-uzerine-oynanan-oyunlar\/","title":{"rendered":"Kutsal Topraklar \u00dczerine Oynanan Oyunlar"},"content":{"rendered":"<p>Armagedon topraklar\u0131 \u00fczerinde ger\u00e7ekle\u015fen Filistin Seferi\u2019ni hi\u00e7 kimse g\u00f6z ard\u0131 edemez. Kutsal topraklar, tarih boyunca pek \u00e7ok sava\u015fa ev sahipli\u011fi yapm\u0131\u015ft\u0131r. Bel\u00e7ika, Avrupa\u2019da \u201cEr Meydan\u0131\u201d olmadan \u00e7ok \u00f6nce bile Filistin t\u00fcm d\u00fcnyan\u0131n \u201cEr Meydan\u0131\u201d olma rol\u00fcn\u00fc \u00fcstlenmi\u015fti. Asya ile Afrika\u2019y\u0131 birbirine ba\u011flayan bu g\u00fczerg\u00e2hta M\u0131s\u0131rl\u0131lar ile Asurlular, \u0130srailo\u011fullar\u0131 ile Kenan \u00dclkesi ordular\u0131, Yunanl\u0131lar ile Romal\u0131lar ve Eyyubi kuvvetleriyle Ha\u00e7l\u0131lar aras\u0131nda \u00e7ok b\u00fcy\u00fck sava\u015flar ya\u015fanm\u0131\u015ft\u0131r. Bu dar alanda sava\u015fan komutanlar\u0131n isimleri en az Hz. \u0130sa kadar \u00f6nemlidir. Kutsal topraklar \u00fczerinde oynanan oyunlar\u0131 bir \u0130ngiliz subay\u0131n\u0131n g\u00f6z\u00fcnden ibretle okuyacaks\u0131n\u0131z bu kez! I. D\u00fcnya Sava\u015f\u0131 s\u0131ras\u0131nda Almanlar\u0131n T\u00fcrkleri sava\u015fa dahil etmesinden beri, T\u00fcrkleri kendi topraklar\u0131nda yok etme plan\u0131 yap\u0131lm\u0131\u015ft\u0131 ve bu nedenle M\u0131s\u0131r savunmas\u0131 Filistin\u2019e ta\u015f\u0131nd\u0131<\/p>\n","protected":false},"excerpt":{"rendered":"<p>Armagedon topraklar\u0131 \u00fczerinde ger\u00e7ekle\u015fen Filistin Seferi\u2019ni hi\u00e7 kimse g\u00f6z ard\u0131 edemez. Kutsal topraklar, tarih boyunca pek \u00e7ok sava\u015fa ev sahipli\u011fi yapm\u0131\u015ft\u0131r. Bel\u00e7ika, Avrupa\u2019da \u201cEr Meydan\u0131\u201d olmadan<span class=\"excerpt-hellip\"> [\u2026]<\/span><\/p>\n","protected":false},"featured_media":0,"template":"","meta":{"_monsterinsights_skip_tracking":false,"_monsterinsights_sitenote_active":false,"_monsterinsights_sitenote_note":"","_monsterinsights_sitenote_category":0},"product_brand":[],"product_cat":[12370,12304],"product_tag":[],"class_list":{"0":"post-731482","1":"product","2":"type-product","3":"status-publish","5":"product_cat-arastirma-inceleme","6":"product_cat-tarih","7":"pa_cilt-ciltsiz","8":"pa_tur-kitap","9":"pa_yayinevi-destek-yayinlari","10":"pa_yazar-henry-osmond-lock","12":"first","13":"instock","14":"sale","15":"shipping-taxable","16":"purchasable","17":"product-type-simple"},"_links":{"self":[{"href":"https:\/\/roveyayinevi.com.tr\/index.php\/wp-json\/wp\/v2\/product\/731482","targetHints":{"allow":["GET"]}}],"collection":[{"href":"https:\/\/roveyayinevi.com.tr\/index.php\/wp-json\/wp\/v2\/product"}],"about":[{"href":"https:\/\/roveyayinevi.com.tr\/index.php\/wp-json\/wp\/v2\/types\/product"}],"wp:attachment":[{"href":"https:\/\/roveyayinevi.com.tr\/index.php\/wp-json\/wp\/v2\/media?parent=731482"}],"wp:term":[{"taxonomy":"product_brand","embeddable":true,"href":"https:\/\/roveyayinevi.com.tr\/index.php\/wp-json\/wp\/v2\/product_brand?post=731482"},{"taxonomy":"product_cat","embeddable":true,"href":"https:\/\/roveyayinevi.com.tr\/index.php\/wp-json\/wp\/v2\/product_cat?post=731482"},{"taxonomy":"product_tag","embeddable":true,"href":"https:\/\/roveyayinevi.com.tr\/index.php\/wp-json\/wp\/v2\/product_tag?post=731482"}],"curies":[{"name":"wp","href":"https:\/\/api.w.org\/{rel}","templated":true}]}}