{"id":731481,"date":"2025-08-27T21:32:50","date_gmt":"2025-08-27T18:32:50","guid":{"rendered":"https:\/\/roveyayinevi.com.tr\/index.php\/urun\/herkes-icin-yapay-zeka\/"},"modified":"2026-04-16T02:39:11","modified_gmt":"2026-04-15T23:39:11","slug":"herkes-icin-yapay-zeka","status":"publish","type":"product","link":"https:\/\/roveyayinevi.com.tr\/index.php\/urun\/herkes-icin-yapay-zeka\/","title":{"rendered":"Herkes \u0130\u00e7in Yapay Zeka"},"content":{"rendered":"<p>Yapay zek\u00e2 nedir, nelerden olu\u015fur ve nas\u0131l \u00e7al\u0131\u015f\u0131r?Yapay zek\u00e2 hakk\u0131nda s\u00f6ylentiler \u00e7ok, bilgiler az. Herkesin bir tahmini var, baz\u0131lar\u0131n\u0131nsa beklentisi y\u00fcksek&#8230; Me\u015fhur yapay zek\u00e2n\u0131n hangi teknolojilerden ve disiplinlerden olu\u015ftu\u011funu merak ediyorsan\u0131z, nas\u0131l \u00e7al\u0131\u015ft\u0131\u011f\u0131n\u0131 \u00f6\u011frenmek istiyorsan\u0131z bu kitap tam size g\u00f6re. \u00dcstelik s\u00f6z\u00fc edilen teknolojileri anlamak i\u00e7in \u00f6ncesinde bilmeniz gereken hi\u00e7bir \u015fey yok. \u00d6\u011frenci, ev han\u0131m\u0131, doktor, m\u00fchendis, psikolog, fenomen, Youtuber&#8230; Hangi meslekten olursan\u0131z olun, kitab\u0131n i\u00e7eri\u011fini takip edebilmek \u00e7ok kolay&#8230; Son derece yal\u0131n bir dille, a\u00e7\u0131klay\u0131c\u0131 ve bolca g\u00f6rselle desteklenmi\u015f konular\u0131n i\u00e7inde keyifle ilerlerken, yapay zek\u00e2 uygulamalar\u0131n\u0131z\u0131 geli\u015ftirdi\u011finizin fark\u0131nda bile olmayacaks\u0131n\u0131z. Kariyerini yapay zek\u00e2 \u00fczerine in\u015fa etmek isteyenler a\u00e7\u0131s\u0131ndan da son derece do\u011fru ve etkili bir ba\u015flang\u0131\u00e7 kitab\u0131&#8230; <\/p>\n","protected":false},"excerpt":{"rendered":"<p>Yapay zek\u00e2 nedir, nelerden olu\u015fur ve nas\u0131l \u00e7al\u0131\u015f\u0131r?Yapay zek\u00e2 hakk\u0131nda s\u00f6ylentiler \u00e7ok, bilgiler az. Herkesin bir tahmini var, baz\u0131lar\u0131n\u0131nsa beklentisi y\u00fcksek&#8230; Me\u015fhur yapay zek\u00e2n\u0131n hangi teknolojilerden<span class=\"excerpt-hellip\"> [\u2026]<\/span><\/p>\n","protected":false},"featured_media":0,"template":"","meta":{"_monsterinsights_skip_tracking":false,"_monsterinsights_sitenote_active":false,"_monsterinsights_sitenote_note":"","_monsterinsights_sitenote_category":0},"product_brand":[],"product_cat":[13005,37328],"product_tag":[],"class_list":{"0":"post-731481","1":"product","2":"type-product","3":"status-publish","5":"product_cat-bilim-muhendislik","6":"product_cat-diger-bilim-muhendislik","7":"pa_cilt-ciltsiz","8":"pa_tur-kitap","9":"pa_yayinevi-destek-yayinlari","10":"pa_yazar-zafer-demirkol","12":"first","13":"instock","14":"sale","15":"shipping-taxable","16":"purchasable","17":"product-type-simple"},"_links":{"self":[{"href":"https:\/\/roveyayinevi.com.tr\/index.php\/wp-json\/wp\/v2\/product\/731481","targetHints":{"allow":["GET"]}}],"collection":[{"href":"https:\/\/roveyayinevi.com.tr\/index.php\/wp-json\/wp\/v2\/product"}],"about":[{"href":"https:\/\/roveyayinevi.com.tr\/index.php\/wp-json\/wp\/v2\/types\/product"}],"wp:attachment":[{"href":"https:\/\/roveyayinevi.com.tr\/index.php\/wp-json\/wp\/v2\/media?parent=731481"}],"wp:term":[{"taxonomy":"product_brand","embeddable":true,"href":"https:\/\/roveyayinevi.com.tr\/index.php\/wp-json\/wp\/v2\/product_brand?post=731481"},{"taxonomy":"product_cat","embeddable":true,"href":"https:\/\/roveyayinevi.com.tr\/index.php\/wp-json\/wp\/v2\/product_cat?post=731481"},{"taxonomy":"product_tag","embeddable":true,"href":"https:\/\/roveyayinevi.com.tr\/index.php\/wp-json\/wp\/v2\/product_tag?post=731481"}],"curies":[{"name":"wp","href":"https:\/\/api.w.org\/{rel}","templated":true}]}}