{"id":731479,"date":"2025-08-27T21:32:49","date_gmt":"2025-08-27T18:32:49","guid":{"rendered":"https:\/\/roveyayinevi.com.tr\/index.php\/urun\/celeste-icin-bir-yuva\/"},"modified":"2026-04-16T02:39:11","modified_gmt":"2026-04-15T23:39:11","slug":"celeste-icin-bir-yuva","status":"publish","type":"product","link":"https:\/\/roveyayinevi.com.tr\/index.php\/urun\/celeste-icin-bir-yuva\/","title":{"rendered":"Celeste \u0130\u00e7in Bir Yuva"},"content":{"rendered":"<p>Celeste asla s\u0131radan bir fare de\u011fil! 1800&#8217;lerin Kuzey Amerika&#8217;s\u0131nda, bir plantasyondaki evin kuytular\u0131nda, sessiz sedas\u0131z sepetler \u00f6ren bir sanatk\u00e2r!K\u00fc\u00e7\u00fcc\u00fck farenin k\u00fc\u00e7\u00fcc\u00fck d\u00fcnyas\u0131, b\u00f6lgedeki ku\u015flar\u0131 inceleyip resmetmeye gelen \u00fcnl\u00fc do\u011fabilimci John James Audubon&#8217;un gen\u00e7 \u00e7\u0131ra\u011f\u0131 Joseph\u2019la kar\u015f\u0131la\u015f\u0131nca de\u011fi\u015fiyor. Yuva hasreti \u00e7eken bu iki g\u00fczel ruh, dost oluyor. Celeste, bir yandan Audubon\u2019un tutup resimledi\u011fi ku\u015flara, bir yandan da bu resimlere arka planlar \u00e7izen Joseph\u2019a yard\u0131m ediyor.Henry Cole, ger\u00e7ek bir hik\u00e2yeden yola \u00e7\u0131karak yazd\u0131\u011f\u0131 bu g\u00fczel kitab\u0131n her sayfas\u0131nda, yuvan\u0131n ve dostlu\u011fun anlam\u0131n\u0131 arayan Celeste&#8217;in maceras\u0131na harikulade \u00e7izimleriyle e\u015flik ediyor.Bu dokunakl\u0131 hik\u00e2yenin i\u00e7inde gezinirken, ku\u015flar ve yaban hayat\u0131 resimleriyle bilinen \u00fcnl\u00fc do\u011fabilimci John James Audubon\u2019u da yak\u0131ndan tan\u0131ma f\u0131rsat\u0131 bulacaks\u0131n\u0131z.Celeste kendine bir yuva arayan bir farecik.Peki, o yuva s\u0131cac\u0131k bir \u00e7izmenin burnu mu?Ya da Celeste\u2019in yeni arkada\u015f\u0131 Joseph\u2019\u0131n g\u00f6mlek cebi mi?Yoksa yuva, Celeste\u2019in y\u00fcre\u011finin derinliklerinde, dostluklar\u0131n ye\u015ferdi\u011fi o yer mi?<\/p>\n","protected":false},"excerpt":{"rendered":"<p>Celeste asla s\u0131radan bir fare de\u011fil! 1800&#8217;lerin Kuzey Amerika&#8217;s\u0131nda, bir plantasyondaki evin kuytular\u0131nda, sessiz sedas\u0131z sepetler \u00f6ren bir sanatk\u00e2r!K\u00fc\u00e7\u00fcc\u00fck farenin k\u00fc\u00e7\u00fcc\u00fck d\u00fcnyas\u0131, b\u00f6lgedeki ku\u015flar\u0131 inceleyip resmetmeye<span class=\"excerpt-hellip\"> [\u2026]<\/span><\/p>\n","protected":false},"featured_media":0,"template":"","meta":{"_monsterinsights_skip_tracking":false,"_monsterinsights_sitenote_active":false,"_monsterinsights_sitenote_note":"","_monsterinsights_sitenote_category":0},"product_brand":[],"product_cat":[12275,12274],"product_tag":[],"class_list":{"0":"post-731479","1":"product","2":"type-product","3":"status-publish","5":"product_cat-6-12-yas-kitaplari","6":"product_cat-cocuk-ve-genclik-kitaplari","7":"pa_cilt-ciltsiz","8":"pa_tur-kitap","9":"pa_yayinevi-kuraldisi-yayinevi","10":"pa_yazar-henry-cole","12":"first","13":"instock","14":"sale","15":"shipping-taxable","16":"purchasable","17":"product-type-simple"},"_links":{"self":[{"href":"https:\/\/roveyayinevi.com.tr\/index.php\/wp-json\/wp\/v2\/product\/731479","targetHints":{"allow":["GET"]}}],"collection":[{"href":"https:\/\/roveyayinevi.com.tr\/index.php\/wp-json\/wp\/v2\/product"}],"about":[{"href":"https:\/\/roveyayinevi.com.tr\/index.php\/wp-json\/wp\/v2\/types\/product"}],"wp:attachment":[{"href":"https:\/\/roveyayinevi.com.tr\/index.php\/wp-json\/wp\/v2\/media?parent=731479"}],"wp:term":[{"taxonomy":"product_brand","embeddable":true,"href":"https:\/\/roveyayinevi.com.tr\/index.php\/wp-json\/wp\/v2\/product_brand?post=731479"},{"taxonomy":"product_cat","embeddable":true,"href":"https:\/\/roveyayinevi.com.tr\/index.php\/wp-json\/wp\/v2\/product_cat?post=731479"},{"taxonomy":"product_tag","embeddable":true,"href":"https:\/\/roveyayinevi.com.tr\/index.php\/wp-json\/wp\/v2\/product_tag?post=731479"}],"curies":[{"name":"wp","href":"https:\/\/api.w.org\/{rel}","templated":true}]}}