{"id":731475,"date":"2025-08-27T21:32:44","date_gmt":"2025-08-27T18:32:44","guid":{"rendered":"https:\/\/roveyayinevi.com.tr\/index.php\/urun\/ertan-sarihan\/"},"modified":"2026-04-16T02:39:11","modified_gmt":"2026-04-15T23:39:11","slug":"ertan-sarihan","status":"publish","type":"product","link":"https:\/\/roveyayinevi.com.tr\/index.php\/urun\/ertan-sarihan\/","title":{"rendered":"Ertan Sar\u0131han"},"content":{"rendered":"<p>Bu kitapta \u201c\u00d6lenler \/ d\u00f6v\u00fc\u015ferek \u00f6ld\u00fcler; \/ g\u00fcne\u015fe g\u00f6m\u00fcld\u00fcler\u201d diyerek sokaklar\u0131 ve alanlar\u0131 inletti\u011fimiz o g\u00fczel insanlar\u0131m\u0131zdan birini, Ertan Sar\u0131han\u2019\u0131n hik\u00e2yesini okuyaca\u011f\u0131z. Ertan Sar\u0131han 1942 y\u0131l\u0131nda Fatsa\u2019n\u0131n Beyceli k\u00f6y\u00fcnde d\u00fcnyaya geldi. \u00c7ok okuyordu. Tart\u0131\u015fmalar\u0131 can kula\u011f\u0131yla dinledikten sonra konu\u015furdu. Bilgi d\u00fczeyi \u00e7o\u011fumuzdan geli\u015fkindi. Gen\u00e7li\u011fin verdi\u011fi co\u015fkuyla hayalindeki d\u00fcnyay\u0131 yaratabilmek ad\u0131na \u00e7aresizlerin \u00e7aresi, umutsuzlar\u0131n umudu olmaya \u00e7al\u0131\u015ft\u0131. Halk\u0131n yan\u0131nda olmak, devasa boyuttaki sorunlara \u00e7\u00f6z\u00fcm \u00fcretmek ad\u0131na \u00e7ok sevdi\u011fi \u00f6\u011fretmenli\u011fe ara vermek zorunda kald\u0131. M\u00fccadelesi boyunca hi\u00e7bir ayr\u0131m yapmad\u0131. \u201cS\u00f6m\u00fcr\u00fcye son verece\u011fiz, haks\u0131zl\u0131klar\u0131, yolsuzluklar\u0131, a\u00e7l\u0131\u011f\u0131 ve sefaleti ortadan kald\u0131raca\u011f\u0131z\u201d \u015fiar\u0131yla haks\u0131zl\u0131\u011f\u0131, yolsuzlu\u011fu ortadan kald\u0131rmak ad\u0131na \u00e7abalad\u0131. K\u00f6y k\u00f6y dola\u015farak f\u0131nd\u0131k, t\u00fct\u00fcn ve \u00e7ay \u00fcretimindeki s\u00f6m\u00fcr\u00fc mekanizmalar\u0131n\u0131 anlatt\u0131. \u00dcreticileri bir araya getirip onlara \u00f6rg\u00fctl\u00fc bir yap\u0131 i\u00e7inde m\u00fccadele etmelerini \u00f6nerdi. G\u00fc\u00e7 birli\u011finin sa\u011flanmas\u0131yla, \u00fcreticiler birlikte daha g\u00fc\u00e7l\u00fc olduklar\u0131n\u0131 hissettiler. B\u00f6lgede tefecilere, stok\u00e7ulara kar\u015f\u0131 m\u00fccadelenin \u00f6n saflar\u0131nda yer ald\u0131. Meydanlarda \u201c\u00fcreten biziz, y\u00f6neten de biz olaca\u011f\u0131z. S\u00f6m\u00fcr\u00fcs\u00fcz, e\u015fit bir d\u00fcnya kuruluncaya kadar m\u00fccadeleye devam edece\u011fiz\u201d diyenlerin say\u0131s\u0131 g\u00fcn ge\u00e7tik\u00e7e \u00e7\u0131\u011f gibi b\u00fcy\u00fcd\u00fc. M\u00fccadele alan\u0131 sinsi may\u0131nlarla \u00e7evrelense de \u00f6l\u00fcme kafa tutarak, \u201ckurtulu\u015fa kadar sava\u015faca\u011f\u0131z\u201d s\u00f6z\u00fcnden d\u00f6nmedi. O b\u00fcy\u00fck usta ile yolu K\u0131z\u0131ldere\u2019de kesi\u015fti\u011finde b\u00f6lgedeki dostlar\u0131n\u0131n t\u00fcm \u0131srarlar\u0131na ra\u011fmen geri d\u00f6nmedi. Onlarla birlikte y\u00fcr\u00fcd\u00fc \u00f6l\u00fcme&#8230; \u0130LBAY KAHRAMAN 1950 y\u0131l\u0131nda Mu\u015f\u2019ta do\u011fdu. \u0130lk ve ortaokulu Mu\u015f\u2019ta, liseyi Samsun\u2019da okudu. \u0130stanbul \u00dcniversitesi Fen Fak\u00fcltesi Biyoloji B\u00f6l\u00fcm\u00fc mezunudur. 1983 y\u0131l\u0131nda Devrimci Yol \u00d6rg\u00fct\u00fc \u00fcyesi oldu\u011fu gerek\u00e7esi ve 1402 say\u0131l\u0131 yasayla \u0130stanbul \u00dcniversitesi Cerrahpa\u015fa T\u0131p Fak\u00fcltesi\u2019ndeki g\u00f6revine \u0130stanbul S\u0131k\u0131y\u00f6netim Komutanl\u0131\u011f\u0131 taraf\u0131ndan son verildi. Evli ve iki \u00e7ocuk babas\u0131 olan \u0130lbay Kahraman \u0130stanbul\u2019da ya\u015f\u0131yor. <\/p>\n","protected":false},"excerpt":{"rendered":"<p>Bu kitapta \u201c\u00d6lenler \/ d\u00f6v\u00fc\u015ferek \u00f6ld\u00fcler; \/ g\u00fcne\u015fe g\u00f6m\u00fcld\u00fcler\u201d diyerek sokaklar\u0131 ve alanlar\u0131 inletti\u011fimiz o g\u00fczel insanlar\u0131m\u0131zdan birini, Ertan Sar\u0131han\u2019\u0131n hik\u00e2yesini okuyaca\u011f\u0131z. Ertan Sar\u0131han 1942 y\u0131l\u0131nda<span class=\"excerpt-hellip\"> [\u2026]<\/span><\/p>\n","protected":false},"featured_media":0,"template":"","meta":{"_monsterinsights_skip_tracking":false,"_monsterinsights_sitenote_active":false,"_monsterinsights_sitenote_note":"","_monsterinsights_sitenote_category":0},"product_brand":[],"product_cat":[12304,14128],"product_tag":[],"class_list":{"0":"post-731475","1":"product","2":"type-product","3":"status-publish","5":"product_cat-tarih","6":"product_cat-yakin-tarih","7":"pa_cilt-ciltsiz","8":"pa_tur-kitap","9":"pa_yayinevi-ayrinti-yayinlari","10":"pa_yazar-ilbay-kahraman","12":"first","13":"instock","14":"sale","15":"shipping-taxable","16":"purchasable","17":"product-type-simple"},"_links":{"self":[{"href":"https:\/\/roveyayinevi.com.tr\/index.php\/wp-json\/wp\/v2\/product\/731475","targetHints":{"allow":["GET"]}}],"collection":[{"href":"https:\/\/roveyayinevi.com.tr\/index.php\/wp-json\/wp\/v2\/product"}],"about":[{"href":"https:\/\/roveyayinevi.com.tr\/index.php\/wp-json\/wp\/v2\/types\/product"}],"wp:attachment":[{"href":"https:\/\/roveyayinevi.com.tr\/index.php\/wp-json\/wp\/v2\/media?parent=731475"}],"wp:term":[{"taxonomy":"product_brand","embeddable":true,"href":"https:\/\/roveyayinevi.com.tr\/index.php\/wp-json\/wp\/v2\/product_brand?post=731475"},{"taxonomy":"product_cat","embeddable":true,"href":"https:\/\/roveyayinevi.com.tr\/index.php\/wp-json\/wp\/v2\/product_cat?post=731475"},{"taxonomy":"product_tag","embeddable":true,"href":"https:\/\/roveyayinevi.com.tr\/index.php\/wp-json\/wp\/v2\/product_tag?post=731475"}],"curies":[{"name":"wp","href":"https:\/\/api.w.org\/{rel}","templated":true}]}}