{"id":731474,"date":"2025-08-27T21:32:43","date_gmt":"2025-08-27T18:32:43","guid":{"rendered":"https:\/\/roveyayinevi.com.tr\/index.php\/urun\/ruth-ciltli\/"},"modified":"2026-04-16T02:39:11","modified_gmt":"2026-04-15T23:39:11","slug":"ruth-ciltli","status":"publish","type":"product","link":"https:\/\/roveyayinevi.com.tr\/index.php\/urun\/ruth-ciltli\/","title":{"rendered":"Ruth (Ciltli)"},"content":{"rendered":"<p>Lou Andreas-Salom\u00e9 yap\u0131tlar\u0131nda kendi deneyimlerinden yola \u00e7\u0131karak, gelene\u011fin k\u0131s\u0131tlad\u0131\u011f\u0131 hayatlar\u0131nda kendi  yollar\u0131n\u0131 bulmaya \u00e7al\u0131\u015fan kad\u0131nlar\u0131, yeti\u015fkinli\u011fe ad\u0131m atmaya haz\u0131rlanan gen\u00e7 k\u0131zlar\u0131 anlatm\u0131\u015ft\u0131r. Bu kad\u0131n hik\u00e2yeleri aras\u0131nda kilit \u00f6nem ta\u015f\u0131yan Ruth, yazar\u0131n sa\u011fl\u0131\u011f\u0131nda en \u00e7ok ilgi \u00e7eken yap\u0131t\u0131d\u0131r. 1895 y\u0131l\u0131nda yay\u0131mlanan roman zaman\u0131n edebi zevkini yans\u0131t\u0131r.\u00c7ocuksu bir \u00e7ekicili\u011fe sahip esrarengiz bir gen\u00e7 k\u0131z, i\u015fini \u00e7ok seven bir e\u011fitimci olan \u00f6\u011fretmeninin kalbini tutu\u015ftururken, ya\u015fad\u0131klar\u0131 kar\u015f\u0131l\u0131kl\u0131 bir b\u00fcy\u00fclenmeye d\u00f6n\u00fc\u015f\u00fcr. Gen\u00e7 k\u0131z\u0131n i\u00e7 \u00e2lemi psikolojik tahlillerle aktar\u0131l\u0131r. 1928 y\u0131l\u0131na dek on bask\u0131 yapan Ruth\u2019un okurlar\u0131 aras\u0131nda Rainer Maria Rilke ve Sigmund Freud gibi \u00fcnl\u00fc ki\u015filer de vard\u0131. Hatta romandan \u00e7ok etkilenen Rilke kendi k\u0131z\u0131na \u201cRuth\u201d ad\u0131n\u0131 vermi\u015fti<\/p>\n","protected":false},"excerpt":{"rendered":"<p>Lou Andreas-Salom\u00e9 yap\u0131tlar\u0131nda kendi deneyimlerinden yola \u00e7\u0131karak, gelene\u011fin k\u0131s\u0131tlad\u0131\u011f\u0131 hayatlar\u0131nda kendi yollar\u0131n\u0131 bulmaya \u00e7al\u0131\u015fan kad\u0131nlar\u0131, yeti\u015fkinli\u011fe ad\u0131m atmaya haz\u0131rlanan gen\u00e7 k\u0131zlar\u0131 anlatm\u0131\u015ft\u0131r. Bu kad\u0131n hik\u00e2yeleri aras\u0131nda<span class=\"excerpt-hellip\"> [\u2026]<\/span><\/p>\n","protected":false},"featured_media":0,"template":"","meta":{"_monsterinsights_skip_tracking":false,"_monsterinsights_sitenote_active":false,"_monsterinsights_sitenote_note":"","_monsterinsights_sitenote_category":0},"product_brand":[],"product_cat":[12291,26797],"product_tag":[],"class_list":{"0":"post-731474","1":"product","2":"type-product","3":"status-publish","5":"product_cat-edebiyat","6":"product_cat-modern-klasikler","7":"pa_cilt-ciltli","8":"pa_tur-kitap","9":"pa_yayinevi-is-bankasi-kultur-yayinlari","10":"pa_yazar-lou-andreas-salome","12":"first","13":"instock","14":"sale","15":"shipping-taxable","16":"purchasable","17":"product-type-simple"},"_links":{"self":[{"href":"https:\/\/roveyayinevi.com.tr\/index.php\/wp-json\/wp\/v2\/product\/731474","targetHints":{"allow":["GET"]}}],"collection":[{"href":"https:\/\/roveyayinevi.com.tr\/index.php\/wp-json\/wp\/v2\/product"}],"about":[{"href":"https:\/\/roveyayinevi.com.tr\/index.php\/wp-json\/wp\/v2\/types\/product"}],"wp:attachment":[{"href":"https:\/\/roveyayinevi.com.tr\/index.php\/wp-json\/wp\/v2\/media?parent=731474"}],"wp:term":[{"taxonomy":"product_brand","embeddable":true,"href":"https:\/\/roveyayinevi.com.tr\/index.php\/wp-json\/wp\/v2\/product_brand?post=731474"},{"taxonomy":"product_cat","embeddable":true,"href":"https:\/\/roveyayinevi.com.tr\/index.php\/wp-json\/wp\/v2\/product_cat?post=731474"},{"taxonomy":"product_tag","embeddable":true,"href":"https:\/\/roveyayinevi.com.tr\/index.php\/wp-json\/wp\/v2\/product_tag?post=731474"}],"curies":[{"name":"wp","href":"https:\/\/api.w.org\/{rel}","templated":true}]}}