{"id":731473,"date":"2025-08-27T21:32:42","date_gmt":"2025-08-27T18:32:42","guid":{"rendered":"https:\/\/roveyayinevi.com.tr\/index.php\/urun\/muhtesem-gatsby-ciltli\/"},"modified":"2026-04-16T02:39:11","modified_gmt":"2026-04-15T23:39:11","slug":"muhtesem-gatsby-ciltli","status":"publish","type":"product","link":"https:\/\/roveyayinevi.com.tr\/index.php\/urun\/muhtesem-gatsby-ciltli\/","title":{"rendered":"Muhte\u015fem Gatsby (Ciltli)"},"content":{"rendered":"<p>Muhte\u015fem Gatsby yaln\u0131zca Fitzgerald\u2019\u0131n en parlak yap\u0131t\u0131 de\u011fil, ayn\u0131 zamanda 20. y\u00fczy\u0131l Amerikan edebiyat\u0131n\u0131n en iyi romanlar\u0131ndan biridir. Kahraman\u0131 Jay Gatsby\u2019nin Long Island\u2019da bir malik\u00e2nede s\u00fcrd\u00fcrd\u00fc\u011f\u00fc debdebeli ya\u015fam tarz\u0131, \u201cCaz \u00c7a\u011f\u0131\u201d olarak bilinen 1920\u2019li y\u0131llar\u0131 b\u00fct\u00fcn co\u015fkusu, a\u015f\u0131r\u0131l\u0131klar\u0131, \u015fiddeti ve \u00e7\u00f6k\u00fc\u015f\u00fcyle yans\u0131t\u0131r. E\u011fitimsiz bir aileden gelen yoksul Gatsby, kendini ba\u015ftan yarat\u0131r. Servet ve g\u00fc\u00e7 kazanarak yeni umutlar ve ba\u015flang\u0131\u00e7lar vaat eden bir hayat\u0131n e\u015fi\u011fine gelen bu gizemli milyonerin tek d\u00fcrt\u00fcs\u00fc saplant\u0131 haline getirdi\u011fi ilk a\u015fk\u0131 Daisy\u2019ye kavu\u015fmakt\u0131r. En parlak d\u00fc\u015flerinin bir \u00f6p\u00fcc\u00fckte cisimle\u015fti\u011fi be\u015f y\u0131l \u00f6nceki bir an\u0131 yeniden yakalamakt\u0131r asl\u0131nda. Ama ge\u00e7mi\u015f ge\u00e7mi\u015ftir ve tekrar edilmesi m\u00fcmk\u00fcn de\u011fildir. Gatsby\u2019nin u\u011frad\u0131\u011f\u0131 y\u0131k\u0131m, Amerikan R\u00fcyas\u0131\u2019n\u0131n da \u00e7\u00f6k\u00fc\u015f\u00fcd\u00fcr. <\/p>\n","protected":false},"excerpt":{"rendered":"<p>Muhte\u015fem Gatsby yaln\u0131zca Fitzgerald\u2019\u0131n en parlak yap\u0131t\u0131 de\u011fil, ayn\u0131 zamanda 20. y\u00fczy\u0131l Amerikan edebiyat\u0131n\u0131n en iyi romanlar\u0131ndan biridir. Kahraman\u0131 Jay Gatsby\u2019nin Long Island\u2019da bir malik\u00e2nede s\u00fcrd\u00fcrd\u00fc\u011f\u00fc<span class=\"excerpt-hellip\"> [\u2026]<\/span><\/p>\n","protected":false},"featured_media":0,"template":"","meta":{"_monsterinsights_skip_tracking":false,"_monsterinsights_sitenote_active":false,"_monsterinsights_sitenote_note":"","_monsterinsights_sitenote_category":0},"product_brand":[],"product_cat":[12291,26797],"product_tag":[],"class_list":{"0":"post-731473","1":"product","2":"type-product","3":"status-publish","5":"product_cat-edebiyat","6":"product_cat-modern-klasikler","7":"pa_cilt-ciltli","8":"pa_tur-kitap","9":"pa_yayinevi-is-bankasi-kultur-yayinlari","10":"pa_yazar-f-scott-fitzgerald","12":"first","13":"instock","14":"sale","15":"shipping-taxable","16":"purchasable","17":"product-type-simple"},"_links":{"self":[{"href":"https:\/\/roveyayinevi.com.tr\/index.php\/wp-json\/wp\/v2\/product\/731473","targetHints":{"allow":["GET"]}}],"collection":[{"href":"https:\/\/roveyayinevi.com.tr\/index.php\/wp-json\/wp\/v2\/product"}],"about":[{"href":"https:\/\/roveyayinevi.com.tr\/index.php\/wp-json\/wp\/v2\/types\/product"}],"wp:attachment":[{"href":"https:\/\/roveyayinevi.com.tr\/index.php\/wp-json\/wp\/v2\/media?parent=731473"}],"wp:term":[{"taxonomy":"product_brand","embeddable":true,"href":"https:\/\/roveyayinevi.com.tr\/index.php\/wp-json\/wp\/v2\/product_brand?post=731473"},{"taxonomy":"product_cat","embeddable":true,"href":"https:\/\/roveyayinevi.com.tr\/index.php\/wp-json\/wp\/v2\/product_cat?post=731473"},{"taxonomy":"product_tag","embeddable":true,"href":"https:\/\/roveyayinevi.com.tr\/index.php\/wp-json\/wp\/v2\/product_tag?post=731473"}],"curies":[{"name":"wp","href":"https:\/\/api.w.org\/{rel}","templated":true}]}}