{"id":731472,"date":"2025-08-27T21:32:42","date_gmt":"2025-08-27T18:32:42","guid":{"rendered":"https:\/\/roveyayinevi.com.tr\/index.php\/urun\/sahabe-donemi-iktidar-kavgasi\/"},"modified":"2026-04-16T02:39:11","modified_gmt":"2026-04-15T23:39:11","slug":"sahabe-donemi-iktidar-kavgasi","status":"publish","type":"product","link":"https:\/\/roveyayinevi.com.tr\/index.php\/urun\/sahabe-donemi-iktidar-kavgasi\/","title":{"rendered":"Sahabe D\u00f6nemi \u0130ktidar Kavgas\u0131"},"content":{"rendered":"<p>M\u00fcsl\u00fcman siyasal k\u00fclt\u00fcr\u00fcn\u00fcn olu\u015fumunda Hz. Peygamber sonras\u0131n\u0131n \u00f6zel bir yeri vard\u0131r. \u0130lk m\u00fcsl\u00fcman neslini, bu d\u00f6nem siyasi olaylar\u0131n\u0131 ve bu olaylar\u0131n akt\u00f6rlerini incelemek zorunday\u0131z.Bu nesille kurdu\u011fumuz sevgi ba\u011f\u0131, bizi do\u011fruyu ortaya koymaktan al\u0131koymamal\u0131d\u0131r. \u0130slam tarihinde ilk yanl\u0131\u015fl\u0131klar siyasi alanda yap\u0131lm\u0131\u015f ve daha sonra din\u00ee ve ilm\u00ee alanlara sirayet etmi\u015ftir.Bu yanl\u0131\u015fl\u0131klar sorgulan\u0131p d\u00fczeltilecek yerde kutsanm\u0131\u015f ve mukaddes bir cehaletle kar\u015f\u0131 kar\u015f\u0131ya kal\u0131nm\u0131\u015ft\u0131r. Siyasal zihnin \u00fcretti\u011fi sorunlar\u0131 \u00e7\u00f6zemedi\u011fimizden, bu sorunlar gittik\u00e7e derinle\u015fmi\u015f ve k\u00f6kle\u015fmi\u015fir. M\u00fcsl\u00fcman zihni gelece\u011fi, ge\u00e7mi\u015finde aramaktad\u0131r; \u00dcstelik bunu ideal nesiller s\u00f6ylemi ile s\u00fcslemektedir. Bu kitap, Hz. Peygamber sonras\u0131 siyasi sorunlar\u0131 mercek alt\u0131na almaktad\u0131r.<\/p>\n","protected":false},"excerpt":{"rendered":"<p>M\u00fcsl\u00fcman siyasal k\u00fclt\u00fcr\u00fcn\u00fcn olu\u015fumunda Hz. Peygamber sonras\u0131n\u0131n \u00f6zel bir yeri vard\u0131r. \u0130lk m\u00fcsl\u00fcman neslini, bu d\u00f6nem siyasi olaylar\u0131n\u0131 ve bu olaylar\u0131n akt\u00f6rlerini incelemek zorunday\u0131z.Bu nesille kurdu\u011fumuz<span class=\"excerpt-hellip\"> [\u2026]<\/span><\/p>\n","protected":false},"featured_media":0,"template":"","meta":{"_monsterinsights_skip_tracking":false,"_monsterinsights_sitenote_active":false,"_monsterinsights_sitenote_note":"","_monsterinsights_sitenote_category":0},"product_brand":[],"product_cat":[16789,12718,12719],"product_tag":[],"class_list":{"0":"post-731472","1":"product","2":"type-product","3":"status-publish","5":"product_cat-diger-islam","6":"product_cat-din","7":"product_cat-islam","8":"pa_cilt-ciltsiz","9":"pa_tur-kitap","10":"pa_yayinevi-otto-yayinlari","11":"pa_yazar-ahmet-akbulut","13":"first","14":"instock","15":"sale","16":"shipping-taxable","17":"purchasable","18":"product-type-simple"},"_links":{"self":[{"href":"https:\/\/roveyayinevi.com.tr\/index.php\/wp-json\/wp\/v2\/product\/731472","targetHints":{"allow":["GET"]}}],"collection":[{"href":"https:\/\/roveyayinevi.com.tr\/index.php\/wp-json\/wp\/v2\/product"}],"about":[{"href":"https:\/\/roveyayinevi.com.tr\/index.php\/wp-json\/wp\/v2\/types\/product"}],"wp:attachment":[{"href":"https:\/\/roveyayinevi.com.tr\/index.php\/wp-json\/wp\/v2\/media?parent=731472"}],"wp:term":[{"taxonomy":"product_brand","embeddable":true,"href":"https:\/\/roveyayinevi.com.tr\/index.php\/wp-json\/wp\/v2\/product_brand?post=731472"},{"taxonomy":"product_cat","embeddable":true,"href":"https:\/\/roveyayinevi.com.tr\/index.php\/wp-json\/wp\/v2\/product_cat?post=731472"},{"taxonomy":"product_tag","embeddable":true,"href":"https:\/\/roveyayinevi.com.tr\/index.php\/wp-json\/wp\/v2\/product_tag?post=731472"}],"curies":[{"name":"wp","href":"https:\/\/api.w.org\/{rel}","templated":true}]}}