{"id":731471,"date":"2025-08-27T21:32:41","date_gmt":"2025-08-27T18:32:41","guid":{"rendered":"https:\/\/roveyayinevi.com.tr\/index.php\/urun\/ayni-gemide-degiliz\/"},"modified":"2026-04-16T02:39:11","modified_gmt":"2026-04-15T23:39:11","slug":"ayni-gemide-degiliz","status":"publish","type":"product","link":"https:\/\/roveyayinevi.com.tr\/index.php\/urun\/ayni-gemide-degiliz\/","title":{"rendered":"Ayn\u0131 Gemide De\u011filiz"},"content":{"rendered":"<p>Bir toplumda yaln\u0131z bir ki\u015fi tek ba\u015f\u0131na yokluk  yoksuzluk, i\u015fsizlik, paras\u0131zl\u0131k, evsizlik gibi a\u011f\u0131r ko\u015fullarla kar\u015f\u0131la\u015f\u0131rsa dayanma g\u00fcc\u00fc \u00e7ok \u00e7abuk t\u00fckenebilir. Ancak s\u0131rtlad\u0131\u011f\u0131 s\u0131k\u0131nt\u0131lar\u0131n herkese birden y\u00fcklenmi\u015f oldu\u011funu \u00f6\u011frenirse, ruhen rahatlar, sanki en a\u011f\u0131r sorunlar\u0131 hafiflemi\u015f gibi hisseder. Bu ruh halini a\u00e7\u0131klayan bir atas\u00f6z\u00fcm\u00fcz vard\u0131r: \u201cEl ile Gelen D\u00fc\u011f\u00fcn Bayram\u201d. Bu atas\u00f6z\u00fcm\u00fcz\u00fcn a\u00e7\u0131klamas\u0131 \u015fudur: \u00c7ok a\u011f\u0131r ko\u015fullar alt\u0131nda ezilen bir ki\u015fi, \u201cyaln\u0131z benim ba\u015f\u0131mda de\u011fil, herkes ayn\u0131 s\u0131k\u0131nt\u0131 i\u00e7indedir&#8221; diye teselli bulur. \u0130\u015fte insanlar\u0131n bu ruh halini \u00e7ok iyi bilen kurnaz egemenler, s\u00f6m\u00fcrgeciler ve para babalar\u0131 bir tekerleme uydurmu\u015flard\u0131r: &#8220;Hepimiz Ayn\u0131 Gemideyiz&#8221; \u00d6zellikle ekonomik bunal\u0131mlarda bu s\u00f6ylem s\u0131k s\u0131k piyasaya s\u00fcr\u00fcl\u00fcr. Emek\u00e7iler, emekliler, i\u015fsizler, yoksullar y\u0131k\u0131c\u0131 ekonomik bunal\u0131mlarda inlerken: kurnaz tilkiler saraylar\u0131nda, k\u00f6\u015fklerinde, yal\u0131lar\u0131nda g\u00f6rkemli ya\u015famlar\u0131n\u0131 s\u00fcrd\u00fcr\u00fcp ayn\u0131 masal\u0131 toplumun \u00fczerine boca ederler: &#8220;Hepimiz Ayn\u0131 Gemideyiz!&#8221; Yaln\u0131z \u00fclkemizin de\u011fil, t\u00fcm d\u00fcnya halklar\u0131n\u0131n Corona vir\u00fcs pandemi salg\u0131n\u0131yla bo\u011fu\u015ftu\u011fu g\u00fcn\u00fcm\u00fczde yine o &#8220;uyu\u015fturucu s\u00f6ylemi \u00e7ok s\u0131k i\u015fitir olduk: &#8220;Hepimiz Ayn\u0131 Gemideyiz!&#8221; Ger\u00e7ekten hepimiz ayn\u0131 gemide miyiz? Yabanc\u0131 \u00fclkelerden ve \u00fclkemizin \u00e7e\u015fitli katmanlar\u0131ndan verdi\u011fimiz \u00f6rnekleri, somut verileri bu kitapta tek tek g\u00f6zlerinizin \u00f6n\u00fcne serdik. Bakal\u0131m sizler ne diyeceksiniz? Hepimiz Ayn\u0131 Gemide miyiz?<\/p>\n","protected":false},"excerpt":{"rendered":"<p>Bir toplumda yaln\u0131z bir ki\u015fi tek ba\u015f\u0131na yokluk yoksuzluk, i\u015fsizlik, paras\u0131zl\u0131k, evsizlik gibi a\u011f\u0131r ko\u015fullarla kar\u015f\u0131la\u015f\u0131rsa dayanma g\u00fcc\u00fc \u00e7ok \u00e7abuk t\u00fckenebilir. Ancak s\u0131rtlad\u0131\u011f\u0131 s\u0131k\u0131nt\u0131lar\u0131n herkese birden<span class=\"excerpt-hellip\"> [\u2026]<\/span><\/p>\n","protected":false},"featured_media":0,"template":"","meta":{"_monsterinsights_skip_tracking":false,"_monsterinsights_sitenote_active":false,"_monsterinsights_sitenote_note":"","_monsterinsights_sitenote_category":0},"product_brand":[],"product_cat":[13072,12291],"product_tag":[],"class_list":{"0":"post-731471","1":"product","2":"type-product","3":"status-publish","5":"product_cat-arastirma-inceleme-referans","6":"product_cat-edebiyat","7":"pa_cilt-ciltsiz","8":"pa_tur-kitap","9":"pa_yayinevi-nergiz-yayinlari","10":"pa_yazar-yilmaz-dikbas","12":"first","13":"instock","14":"sale","15":"shipping-taxable","16":"purchasable","17":"product-type-simple"},"_links":{"self":[{"href":"https:\/\/roveyayinevi.com.tr\/index.php\/wp-json\/wp\/v2\/product\/731471","targetHints":{"allow":["GET"]}}],"collection":[{"href":"https:\/\/roveyayinevi.com.tr\/index.php\/wp-json\/wp\/v2\/product"}],"about":[{"href":"https:\/\/roveyayinevi.com.tr\/index.php\/wp-json\/wp\/v2\/types\/product"}],"wp:attachment":[{"href":"https:\/\/roveyayinevi.com.tr\/index.php\/wp-json\/wp\/v2\/media?parent=731471"}],"wp:term":[{"taxonomy":"product_brand","embeddable":true,"href":"https:\/\/roveyayinevi.com.tr\/index.php\/wp-json\/wp\/v2\/product_brand?post=731471"},{"taxonomy":"product_cat","embeddable":true,"href":"https:\/\/roveyayinevi.com.tr\/index.php\/wp-json\/wp\/v2\/product_cat?post=731471"},{"taxonomy":"product_tag","embeddable":true,"href":"https:\/\/roveyayinevi.com.tr\/index.php\/wp-json\/wp\/v2\/product_tag?post=731471"}],"curies":[{"name":"wp","href":"https:\/\/api.w.org\/{rel}","templated":true}]}}