{"id":731470,"date":"2025-08-27T21:32:39","date_gmt":"2025-08-27T18:32:39","guid":{"rendered":"https:\/\/roveyayinevi.com.tr\/index.php\/urun\/sahipsiz-sozler\/"},"modified":"2026-04-16T02:39:11","modified_gmt":"2026-04-15T23:39:11","slug":"sahipsiz-sozler","status":"publish","type":"product","link":"https:\/\/roveyayinevi.com.tr\/index.php\/urun\/sahipsiz-sozler\/","title":{"rendered":"Sahipsiz S\u00f6zler"},"content":{"rendered":"<p>K\u00fct\u00fcphane raflar\u0131nda farkl\u0131 bi\u00e7im ve d\u00fczenlerde bir\u00e7ok \u00f6rne\u011fine rastlanan antoloji niteli\u011findeki \u015fiir mecmualar\u0131ndan se\u00e7ilen beyitleri merakl\u0131lar\u0131n\u0131n ilgisine sunan bu \u00e7al\u0131\u015fma, binlerce beyit aras\u0131ndan se\u00e7ilen y\u00fcz yirmi iki beyti i\u00e7ermektedir. Bu y\u00fcz yirmi iki beytin hangi k\u0131staslara g\u00f6re se\u00e7ildi\u011fini ise Prof.Dr. \u00d6mer Z\u00fclfe \u015f\u00f6yle izah etmektedir:\u00d6rneklerin se\u00e7imindeki ilk k\u0131stas, beyitlerin \u201cL\u00e2-edr\u00ee\u201d unvan\u0131n\u0131 ta\u015f\u0131mas\u0131 ya da \u015fairine dair herhangi bir kayd\u0131n bulunmamas\u0131yd\u0131. Kitab\u0131n ad\u0131 da bu y\u00fczden Sahipsiz S\u00f6zler oldu. \u015eairinin unutulmu\u015f olmas\u0131 veya bilinmemesi, asl\u0131nda \u015fiirin yaln\u0131z ba\u015f\u0131na s\u00f6z meydan\u0131ndaki g\u00fcc\u00fcn\u00fc g\u00f6steren \u00f6nemli bir etkendir. \u015eiir ve \u00f6zelde de beyit, \u015fairinden ayr\u0131larak istiklalini kazanm\u0131\u015f ve b\u00f6ylece ge\u00e7mi\u015f ve gelecek zamanlara tek ba\u015f\u0131na ad\u0131n\u0131 yazd\u0131rm\u0131\u015f olmaktad\u0131r. Ku\u015fkusuz, buradaki beyitlerin hepsi sahipsiz de\u011fildir. Sahan\u0131n ehli olanlar baz\u0131lar\u0131n\u0131n \u015fairini tahmin edebilirler.\u0130kinci k\u0131stas, beyitlerin s\u00f6yleni\u015finin ak\u0131c\u0131, anlam\u0131n\u0131n a\u00e7\u0131k (fas\u00eeh) ve T\u00fcrk\u00e7enin incelikleriyle \u00f6r\u00fcl\u00fc olmas\u0131yd\u0131. Bu t\u00fcr beyitlerin \u00e7o\u011fu kez \u015ferhe kap\u0131 aralayan derin d\u00fc\u015f\u00fcncelerle kurgulanmad\u0131\u011f\u0131 bilinir. Fakat ne olursa olsun her biri T\u00fcrk\u00e7enin e\u015fsiz ifade kudretini g\u00f6steren canl\u0131 \u00f6rneklerdir.Se\u00e7imi belirleyen \u00fc\u00e7\u00fcnc\u00fc k\u0131stas ise, beyitlerin eskilerin \u015fiirde arad\u0131\u011f\u0131, kimi zaman sihr-i hel\u00e2l ve kimi zaman da sehl-i m\u00fcmteni tan\u0131m\u0131n\u0131 yak\u0131\u015ft\u0131rd\u0131klar\u0131 incelikli bulu\u015flar, etkili ifadeler ve \u00e7arp\u0131c\u0131 s\u00f6yleyi\u015fler i\u00e7eren n\u00fckteli beyitler olmas\u0131yd\u0131. Bu \u00f6zellik de asl\u0131nda yine T\u00fcrk\u00e7enin zaferini ilandan ba\u015fka bir \u015fey de\u011fildir.<\/p>\n","protected":false},"excerpt":{"rendered":"<p>K\u00fct\u00fcphane raflar\u0131nda farkl\u0131 bi\u00e7im ve d\u00fczenlerde bir\u00e7ok \u00f6rne\u011fine rastlanan antoloji niteli\u011findeki \u015fiir mecmualar\u0131ndan se\u00e7ilen beyitleri merakl\u0131lar\u0131n\u0131n ilgisine sunan bu \u00e7al\u0131\u015fma, binlerce beyit aras\u0131ndan se\u00e7ilen y\u00fcz yirmi<span class=\"excerpt-hellip\"> [\u2026]<\/span><\/p>\n","protected":false},"featured_media":0,"template":"","meta":{"_monsterinsights_skip_tracking":false,"_monsterinsights_sitenote_active":false,"_monsterinsights_sitenote_note":"","_monsterinsights_sitenote_category":0},"product_brand":[],"product_cat":[12291,12509],"product_tag":[],"class_list":{"0":"post-731470","1":"product","2":"type-product","3":"status-publish","5":"product_cat-edebiyat","6":"product_cat-siir","7":"pa_cilt-ciltsiz","8":"pa_tur-kitap","9":"pa_yayinevi-otuken-nesriyat","10":"pa_yazar-omer-zulfe","12":"first","13":"instock","14":"sale","15":"shipping-taxable","16":"purchasable","17":"product-type-simple"},"_links":{"self":[{"href":"https:\/\/roveyayinevi.com.tr\/index.php\/wp-json\/wp\/v2\/product\/731470","targetHints":{"allow":["GET"]}}],"collection":[{"href":"https:\/\/roveyayinevi.com.tr\/index.php\/wp-json\/wp\/v2\/product"}],"about":[{"href":"https:\/\/roveyayinevi.com.tr\/index.php\/wp-json\/wp\/v2\/types\/product"}],"wp:attachment":[{"href":"https:\/\/roveyayinevi.com.tr\/index.php\/wp-json\/wp\/v2\/media?parent=731470"}],"wp:term":[{"taxonomy":"product_brand","embeddable":true,"href":"https:\/\/roveyayinevi.com.tr\/index.php\/wp-json\/wp\/v2\/product_brand?post=731470"},{"taxonomy":"product_cat","embeddable":true,"href":"https:\/\/roveyayinevi.com.tr\/index.php\/wp-json\/wp\/v2\/product_cat?post=731470"},{"taxonomy":"product_tag","embeddable":true,"href":"https:\/\/roveyayinevi.com.tr\/index.php\/wp-json\/wp\/v2\/product_tag?post=731470"}],"curies":[{"name":"wp","href":"https:\/\/api.w.org\/{rel}","templated":true}]}}