{"id":731468,"date":"2025-08-27T21:32:37","date_gmt":"2025-08-27T18:32:37","guid":{"rendered":"https:\/\/roveyayinevi.com.tr\/index.php\/urun\/kisa-kulakli-tavsancik-ile-kucuk-fil\/"},"modified":"2026-04-16T02:39:11","modified_gmt":"2026-04-15T23:39:11","slug":"kisa-kulakli-tavsancik-ile-kucuk-fil","status":"publish","type":"product","link":"https:\/\/roveyayinevi.com.tr\/index.php\/urun\/kisa-kulakli-tavsancik-ile-kucuk-fil\/","title":{"rendered":"K\u0131sa Kulakl\u0131 Tav\u015fanc\u0131k ile K\u00fc\u00e7\u00fck Fil"},"content":{"rendered":"<p>Bonbon\u2019un s\u0131n\u0131f\u0131na yeni bir \u00f6\u011frenci geldi. \u00d6\u011fretmeni K\u00fc\u00e7\u00fck Fil \u015ea\u015fa\u2019y\u0131 Bonbon\u2019un yan\u0131na oturttu ve iki ufakl\u0131k hemen arkada\u015f oldu. Yaln\u0131z K\u00fc\u00e7\u00fck Fil tav\u015fanc\u0131\u011f\u0131n pe\u015finden hi\u00e7 ayr\u0131lm\u0131yordu. Bir s\u00fcre sonra bu durum Bonbon\u2019un biraz can\u0131n\u0131 s\u0131kmaya ba\u015flad\u0131 ve \u015ea\u015fa\u2019yla bir oyun oynamaya karar verdiK\u0131sa Kulakl\u0131 Tav\u015fanc\u0131k kitab\u0131n\u0131n yazar\u0131 Julia Liu\u2019dan yeni kurulan arkada\u015fl\u0131klar \u00fczerine yepyeni bir macera daha! <\/p>\n","protected":false},"excerpt":{"rendered":"<p>Bonbon\u2019un s\u0131n\u0131f\u0131na yeni bir \u00f6\u011frenci geldi. \u00d6\u011fretmeni K\u00fc\u00e7\u00fck Fil \u015ea\u015fa\u2019y\u0131 Bonbon\u2019un yan\u0131na oturttu ve iki ufakl\u0131k hemen arkada\u015f oldu. Yaln\u0131z K\u00fc\u00e7\u00fck Fil tav\u015fanc\u0131\u011f\u0131n pe\u015finden hi\u00e7 ayr\u0131lm\u0131yordu.<span class=\"excerpt-hellip\"> [\u2026]<\/span><\/p>\n","protected":false},"featured_media":0,"template":"","meta":{"_monsterinsights_skip_tracking":false,"_monsterinsights_sitenote_active":false,"_monsterinsights_sitenote_note":"","_monsterinsights_sitenote_category":0},"product_brand":[],"product_cat":[12275,12274],"product_tag":[],"class_list":{"0":"post-731468","1":"product","2":"type-product","3":"status-publish","5":"product_cat-6-12-yas-kitaplari","6":"product_cat-cocuk-ve-genclik-kitaplari","7":"pa_cilt-ciltsiz","8":"pa_tur-kitap","9":"pa_yayinevi-yapi-kredi-yayinlari","10":"pa_yazar-julia-liu","12":"first","13":"instock","14":"sale","15":"shipping-taxable","16":"purchasable","17":"product-type-simple"},"_links":{"self":[{"href":"https:\/\/roveyayinevi.com.tr\/index.php\/wp-json\/wp\/v2\/product\/731468","targetHints":{"allow":["GET"]}}],"collection":[{"href":"https:\/\/roveyayinevi.com.tr\/index.php\/wp-json\/wp\/v2\/product"}],"about":[{"href":"https:\/\/roveyayinevi.com.tr\/index.php\/wp-json\/wp\/v2\/types\/product"}],"wp:attachment":[{"href":"https:\/\/roveyayinevi.com.tr\/index.php\/wp-json\/wp\/v2\/media?parent=731468"}],"wp:term":[{"taxonomy":"product_brand","embeddable":true,"href":"https:\/\/roveyayinevi.com.tr\/index.php\/wp-json\/wp\/v2\/product_brand?post=731468"},{"taxonomy":"product_cat","embeddable":true,"href":"https:\/\/roveyayinevi.com.tr\/index.php\/wp-json\/wp\/v2\/product_cat?post=731468"},{"taxonomy":"product_tag","embeddable":true,"href":"https:\/\/roveyayinevi.com.tr\/index.php\/wp-json\/wp\/v2\/product_tag?post=731468"}],"curies":[{"name":"wp","href":"https:\/\/api.w.org\/{rel}","templated":true}]}}