{"id":731461,"date":"2025-08-27T21:32:30","date_gmt":"2025-08-27T18:32:30","guid":{"rendered":"https:\/\/roveyayinevi.com.tr\/index.php\/urun\/ikizce-oykuler\/"},"modified":"2026-04-16T02:39:10","modified_gmt":"2026-04-15T23:39:10","slug":"ikizce-oykuler","status":"publish","type":"product","link":"https:\/\/roveyayinevi.com.tr\/index.php\/urun\/ikizce-oykuler\/","title":{"rendered":"\u0130kizce \u00d6yk\u00fcler"},"content":{"rendered":"<p>\u00c7i\u011fdem, ak\u015fam olunca sakin bir k\u00f6\u015feye \u00e7ekilip bir an \u00f6nce kitab\u0131 okumay\u0131 d\u00fc\u015f\u00fcn\u00fcyordu. Merakla okumaya ba\u015flad\u0131. Okuduk\u00e7a merak\u0131 daha da artt\u0131. Anla\u015f\u0131lan o ki bu vatan kolay kazan\u0131lmam\u0131\u015ft\u0131. Fark\u0131nda de\u011fildi ama g\u00f6zleri ya\u015farmaya ba\u015flad\u0131. Nihayet kitab\u0131 bitirdi\u011finde ne g\u00f6rse iyiydi: Arkada\u015flar\u0131yla ara\u015ft\u0131rd\u0131klar\u0131 gizem sonunda \u00e7\u00f6z\u00fclm\u00fc\u015ft\u00fc. <\/p>\n","protected":false},"excerpt":{"rendered":"<p>\u00c7i\u011fdem, ak\u015fam olunca sakin bir k\u00f6\u015feye \u00e7ekilip bir an \u00f6nce kitab\u0131 okumay\u0131 d\u00fc\u015f\u00fcn\u00fcyordu. Merakla okumaya ba\u015flad\u0131. Okuduk\u00e7a merak\u0131 daha da artt\u0131. Anla\u015f\u0131lan o ki bu vatan<span class=\"excerpt-hellip\"> [\u2026]<\/span><\/p>\n","protected":false},"featured_media":0,"template":"","meta":{"_monsterinsights_skip_tracking":false,"_monsterinsights_sitenote_active":false,"_monsterinsights_sitenote_note":"","_monsterinsights_sitenote_category":0},"product_brand":[],"product_cat":[12275,12274],"product_tag":[],"class_list":{"0":"post-731461","1":"product","2":"type-product","3":"status-publish","5":"product_cat-6-12-yas-kitaplari","6":"product_cat-cocuk-ve-genclik-kitaplari","7":"pa_cilt-ciltsiz","8":"pa_tur-kitap","9":"pa_yayinevi-yade-yayinlari","10":"pa_yazar-elif-simsek-zeynep-simsek","12":"first","13":"instock","14":"sale","15":"shipping-taxable","16":"purchasable","17":"product-type-simple"},"_links":{"self":[{"href":"https:\/\/roveyayinevi.com.tr\/index.php\/wp-json\/wp\/v2\/product\/731461","targetHints":{"allow":["GET"]}}],"collection":[{"href":"https:\/\/roveyayinevi.com.tr\/index.php\/wp-json\/wp\/v2\/product"}],"about":[{"href":"https:\/\/roveyayinevi.com.tr\/index.php\/wp-json\/wp\/v2\/types\/product"}],"wp:attachment":[{"href":"https:\/\/roveyayinevi.com.tr\/index.php\/wp-json\/wp\/v2\/media?parent=731461"}],"wp:term":[{"taxonomy":"product_brand","embeddable":true,"href":"https:\/\/roveyayinevi.com.tr\/index.php\/wp-json\/wp\/v2\/product_brand?post=731461"},{"taxonomy":"product_cat","embeddable":true,"href":"https:\/\/roveyayinevi.com.tr\/index.php\/wp-json\/wp\/v2\/product_cat?post=731461"},{"taxonomy":"product_tag","embeddable":true,"href":"https:\/\/roveyayinevi.com.tr\/index.php\/wp-json\/wp\/v2\/product_tag?post=731461"}],"curies":[{"name":"wp","href":"https:\/\/api.w.org\/{rel}","templated":true}]}}