{"id":731459,"date":"2025-08-27T21:32:28","date_gmt":"2025-08-27T18:32:28","guid":{"rendered":"https:\/\/roveyayinevi.com.tr\/index.php\/urun\/robot-sahsuvar-onum-arkam-sobe-3\/"},"modified":"2026-04-16T02:39:10","modified_gmt":"2026-04-15T23:39:10","slug":"robot-sahsuvar-onum-arkam-sobe-3","status":"publish","type":"product","link":"https:\/\/roveyayinevi.com.tr\/index.php\/urun\/robot-sahsuvar-onum-arkam-sobe-3\/","title":{"rendered":"Robot \u015eahsuvar &#8211; \u00d6n\u00fcm Arkam Sobe 3"},"content":{"rendered":"<p>Bir &#8220;B\u00f6\u00f6!&#8221; sesi bile bizi korkutabilir. Sadece korkutan bu mudur? De\u011fil elbette! Zamanla bir\u00e7ok korku zihnimize kurulur. Peki onlardan kurtulman\u0131n yolu yok mudur? Var elbette! Acaba bu nas\u0131l olur? Bulut\u2019la Robot \u015eahsuvar\u2019\u0131n maceralar\u0131ndan bir \u00e7are bulunur.<\/p>\n","protected":false},"excerpt":{"rendered":"<p>Bir &#8220;B\u00f6\u00f6!&#8221; sesi bile bizi korkutabilir. Sadece korkutan bu mudur? De\u011fil elbette! Zamanla bir\u00e7ok korku zihnimize kurulur. Peki onlardan kurtulman\u0131n yolu yok mudur? Var elbette! Acaba<span class=\"excerpt-hellip\"> [\u2026]<\/span><\/p>\n","protected":false},"featured_media":0,"template":"","meta":{"_monsterinsights_skip_tracking":false,"_monsterinsights_sitenote_active":false,"_monsterinsights_sitenote_note":"","_monsterinsights_sitenote_category":0},"product_brand":[],"product_cat":[12913,12274],"product_tag":[],"class_list":{"0":"post-731459","1":"product","2":"type-product","3":"status-publish","5":"product_cat-3-6-yas-kitaplari","6":"product_cat-cocuk-ve-genclik-kitaplari","7":"pa_cilt-ciltsiz","8":"pa_tur-kitap","9":"pa_yayinevi-otuken-nesriyat","10":"pa_yazar-ozge-karaevli","12":"first","13":"instock","14":"sale","15":"shipping-taxable","16":"purchasable","17":"product-type-simple"},"_links":{"self":[{"href":"https:\/\/roveyayinevi.com.tr\/index.php\/wp-json\/wp\/v2\/product\/731459","targetHints":{"allow":["GET"]}}],"collection":[{"href":"https:\/\/roveyayinevi.com.tr\/index.php\/wp-json\/wp\/v2\/product"}],"about":[{"href":"https:\/\/roveyayinevi.com.tr\/index.php\/wp-json\/wp\/v2\/types\/product"}],"wp:attachment":[{"href":"https:\/\/roveyayinevi.com.tr\/index.php\/wp-json\/wp\/v2\/media?parent=731459"}],"wp:term":[{"taxonomy":"product_brand","embeddable":true,"href":"https:\/\/roveyayinevi.com.tr\/index.php\/wp-json\/wp\/v2\/product_brand?post=731459"},{"taxonomy":"product_cat","embeddable":true,"href":"https:\/\/roveyayinevi.com.tr\/index.php\/wp-json\/wp\/v2\/product_cat?post=731459"},{"taxonomy":"product_tag","embeddable":true,"href":"https:\/\/roveyayinevi.com.tr\/index.php\/wp-json\/wp\/v2\/product_tag?post=731459"}],"curies":[{"name":"wp","href":"https:\/\/api.w.org\/{rel}","templated":true}]}}