{"id":731458,"date":"2025-08-27T21:32:27","date_gmt":"2025-08-27T18:32:27","guid":{"rendered":"https:\/\/roveyayinevi.com.tr\/index.php\/urun\/is-sagligi-ve-guvenligi-hukuku-ciltli\/"},"modified":"2026-04-16T02:39:10","modified_gmt":"2026-04-15T23:39:10","slug":"is-sagligi-ve-guvenligi-hukuku-ciltli","status":"publish","type":"product","link":"https:\/\/roveyayinevi.com.tr\/index.php\/urun\/is-sagligi-ve-guvenligi-hukuku-ciltli\/","title":{"rendered":"\u0130\u015f Sa\u011fl\u0131\u011f\u0131 ve G\u00fcvenli\u011fi Hukuku (Ciltli)"},"content":{"rendered":"<p>\u201c\u0130nsan Haklar\u0131 Evrensel Bildirgesine g\u00f6re, her \u015fahs\u0131n, yiyecek, giyim, konut, t\u0131bbi bak\u0131m, gerekli sosyal hizmetler dahil olmak \u00fczere, sa\u011fl\u0131\u011f\u0131n\u0131 ve refah\u0131n\u0131 temin edecek uygun bir hayat seviyesine ve iradesi d\u0131\u015f\u0131nda, i\u015fsizlik, hastal\u0131k, engellilik, dulluk, ya\u015fl\u0131l\u0131k gibi haller dolay\u0131s\u0131yla ge\u00e7im imkanlar\u0131ndan yoksun kald\u0131\u011f\u0131nda, toplumun bir \u00fcyesi olmak itibar\u0131yla sosyal g\u00fcvenli\u011fe hakk\u0131 vard\u0131r\u201d (m.22, m.25\/I).\u201cBize g\u00f6re, kendi imk\u00e2nlar\u0131yla veya Aile Hukukundaki nafaka h\u00fck\u00fcmleri \u00e7er\u00e7evesinde, sa\u011fl\u0131\u011f\u0131n\u0131 ve refah\u0131n\u0131 temin edecek uygun bir hayat seviyesine sahip olamayan herkesin, \u0130nsan Haklar\u0131 Evrensel Bildirgesinde de belirtildi\u011fi \u00fczere, toplumun bir \u00fcyesi olmak itibar\u0131yla sosyal g\u00fcvenli\u011fe hakk\u0131 oldu\u011fu kabul edilmeli, dolay\u0131s\u0131yla, i\u015f kazas\u0131 veya meslek hastal\u0131\u011f\u0131 sonucunda, yaln\u0131zca \u00e7al\u0131\u015fanlar\u0131n ve sosyal g\u00fcvenlik mevzuat\u0131nda hak sahibi say\u0131lan ki\u015filerin zararlar\u0131 Sosyal G\u00fcvenlik Kurumunca kar\u015f\u0131lanmal\u0131 ve Kurum gerekti\u011finde i\u015fverene r\u00fccu etmeli, b\u00f6ylece, \u00e7al\u0131\u015fanlar ve hak sahipleri, i\u015fverene dava a\u00e7mak, dava s\u00fcrecinin sona ermesini beklemek ve bazen de fiilen tazminat alamamak durumunda kalmamal\u0131d\u0131rlar.\u201d<\/p>\n","protected":false},"excerpt":{"rendered":"<p>\u201c\u0130nsan Haklar\u0131 Evrensel Bildirgesine g\u00f6re, her \u015fahs\u0131n, yiyecek, giyim, konut, t\u0131bbi bak\u0131m, gerekli sosyal hizmetler dahil olmak \u00fczere, sa\u011fl\u0131\u011f\u0131n\u0131 ve refah\u0131n\u0131 temin edecek uygun bir hayat<span class=\"excerpt-hellip\"> [\u2026]<\/span><\/p>\n","protected":false},"featured_media":0,"template":"","meta":{"_monsterinsights_skip_tracking":false,"_monsterinsights_sitenote_active":false,"_monsterinsights_sitenote_note":"","_monsterinsights_sitenote_category":0},"product_brand":[],"product_cat":[15350,17602],"product_tag":[],"class_list":{"0":"post-731458","1":"product","2":"type-product","3":"status-publish","5":"product_cat-hukuk","6":"product_cat-hukuk-uzerine","7":"pa_cilt-ciltli","8":"pa_tur-kitap","9":"pa_yayinevi-otuken-nesriyat","10":"pa_yazar-h-fehim-ucisik","12":"first","13":"instock","14":"sale","15":"shipping-taxable","16":"purchasable","17":"product-type-simple"},"_links":{"self":[{"href":"https:\/\/roveyayinevi.com.tr\/index.php\/wp-json\/wp\/v2\/product\/731458","targetHints":{"allow":["GET"]}}],"collection":[{"href":"https:\/\/roveyayinevi.com.tr\/index.php\/wp-json\/wp\/v2\/product"}],"about":[{"href":"https:\/\/roveyayinevi.com.tr\/index.php\/wp-json\/wp\/v2\/types\/product"}],"wp:attachment":[{"href":"https:\/\/roveyayinevi.com.tr\/index.php\/wp-json\/wp\/v2\/media?parent=731458"}],"wp:term":[{"taxonomy":"product_brand","embeddable":true,"href":"https:\/\/roveyayinevi.com.tr\/index.php\/wp-json\/wp\/v2\/product_brand?post=731458"},{"taxonomy":"product_cat","embeddable":true,"href":"https:\/\/roveyayinevi.com.tr\/index.php\/wp-json\/wp\/v2\/product_cat?post=731458"},{"taxonomy":"product_tag","embeddable":true,"href":"https:\/\/roveyayinevi.com.tr\/index.php\/wp-json\/wp\/v2\/product_tag?post=731458"}],"curies":[{"name":"wp","href":"https:\/\/api.w.org\/{rel}","templated":true}]}}