{"id":731456,"date":"2025-08-27T21:32:25","date_gmt":"2025-08-27T18:32:25","guid":{"rendered":"https:\/\/roveyayinevi.com.tr\/index.php\/urun\/sozcuklere-tutunmak\/"},"modified":"2026-04-16T02:39:10","modified_gmt":"2026-04-15T23:39:10","slug":"sozcuklere-tutunmak","status":"publish","type":"product","link":"https:\/\/roveyayinevi.com.tr\/index.php\/urun\/sozcuklere-tutunmak\/","title":{"rendered":"S\u00f6zc\u00fcklere Tutunmak"},"content":{"rendered":"<p>G\u00fcn ge\u00e7tik\u00e7e anlam\u0131n salt s\u00f6zc\u00fcklerden olu\u015fmad\u0131\u011f\u0131n\u0131 kavray\u0131p, yeni tatlar, yeni yollar, yeni geni\u015flikler i\u00e7inde ama \u015fiirin kendi evreninde yolculu\u011fumuzu s\u00fcrd\u00fcrece\u011fiz. D\u00fc\u015fmenin ve t\u00f6kezlemenin her zaman g\u00fcndemde oldu\u011fu bir \u00e7\u0131plak, kaygan, umursamazl\u0131klar\u0131 da bar\u0131nd\u0131rd\u0131\u011f\u0131n\u0131 bilerek y\u00fcr\u00fcyece\u011fiz. Kimsenin sizi zorlamad\u0131\u011f\u0131, g\u00f6revlendirmedi\u011fi, hadi bunu da sen yap demedi\u011fi bir alana \u00e7\u0131k\u0131p; yitip gitmek \u00fczere oldu\u011funu duyuracaks\u0131n. Zaman\u0131n i\u00e7inde \u00f6ylesine derin, \u00f6ylesine ya\u015fanm\u0131\u015fl\u0131klarla dolu kavrad\u0131\u011f\u0131n anlar ve olgular var ki; bunu sen duyuyorsun, bu senin s\u00f6zc\u00fcklerinle ve senin dilinle anlat\u0131labilir ancak. Ka\u00e7amad\u0131\u011f\u0131n, i\u00e7inde k\u0131vrand\u0131\u011f\u0131n sanc\u0131dan daha \u00e7ok ac\u0131n\u0131n ve tat duygusunun birlikte ya\u015fand\u0131\u011f\u0131 anlar bunlar. Bir taraftan o derinlerde biriken ve bir t\u00fcrl\u00fc dam\u0131t\u0131p ak\u0131tamad\u0131\u011f\u0131n koyu saydam s\u0131v\u0131, bir yanda a\u011f\u0131rl\u0131\u011f\u0131 giderek \u00e7o\u011falan, \u00e7\u00f6z\u00fclmesi gereken zorunlulu\u011fun. Dilin ve s\u00f6zc\u00fcklerin izin verdi\u011fi s\u00fcrece bunlardan kurtulabilirsin ya da birikenin eski kabu\u011funu soyup, onun yeni kabuklar edinmesini sa\u011flayabilirsin. Sa\u011f\u0131lmayan\u0131n ka\u00e7\u0131n\u0131lmazl\u0131\u011f\u0131yla ac\u0131n\u0131 azaltman\u0131n yollar\u0131n\u0131 aramaya ba\u015flasan, o yolun \u015fiirden ge\u00e7ti\u011fini g\u00f6rerek, ne gerekiyorsa onu giyinip \u00f6yle \u00e7\u0131ksan kar\u015f\u0131s\u0131na. Bir terzinin kesip bi\u00e7mesiyle dikemeyece\u011fi bir giysinin yine kendi ellerinle, g\u00f6z \u0131\u015f\u0131\u011f\u0131nla, g\u00f6n\u00fcl rahatl\u0131\u011f\u0131nla, teyellerini ince ince kuma\u015f\u0131na ekleyerek dikece\u011fin bir giysiyi giymeye haz\u0131rlanacaks\u0131n.&#8221; <\/p>\n","protected":false},"excerpt":{"rendered":"<p>G\u00fcn ge\u00e7tik\u00e7e anlam\u0131n salt s\u00f6zc\u00fcklerden olu\u015fmad\u0131\u011f\u0131n\u0131 kavray\u0131p, yeni tatlar, yeni yollar, yeni geni\u015flikler i\u00e7inde ama \u015fiirin kendi evreninde yolculu\u011fumuzu s\u00fcrd\u00fcrece\u011fiz. D\u00fc\u015fmenin ve t\u00f6kezlemenin her zaman g\u00fcndemde<span class=\"excerpt-hellip\"> [\u2026]<\/span><\/p>\n","protected":false},"featured_media":0,"template":"","meta":{"_monsterinsights_skip_tracking":false,"_monsterinsights_sitenote_active":false,"_monsterinsights_sitenote_note":"","_monsterinsights_sitenote_category":0},"product_brand":[],"product_cat":[12777,12291],"product_tag":[],"class_list":{"0":"post-731456","1":"product","2":"type-product","3":"status-publish","5":"product_cat-deneme","6":"product_cat-edebiyat","7":"pa_cilt-ciltsiz","8":"pa_tur-kitap","9":"pa_yayinevi-imgenin-cocuklari","10":"pa_yazar-asim-ozturk","12":"first","13":"instock","14":"sale","15":"shipping-taxable","16":"purchasable","17":"product-type-simple"},"_links":{"self":[{"href":"https:\/\/roveyayinevi.com.tr\/index.php\/wp-json\/wp\/v2\/product\/731456","targetHints":{"allow":["GET"]}}],"collection":[{"href":"https:\/\/roveyayinevi.com.tr\/index.php\/wp-json\/wp\/v2\/product"}],"about":[{"href":"https:\/\/roveyayinevi.com.tr\/index.php\/wp-json\/wp\/v2\/types\/product"}],"wp:attachment":[{"href":"https:\/\/roveyayinevi.com.tr\/index.php\/wp-json\/wp\/v2\/media?parent=731456"}],"wp:term":[{"taxonomy":"product_brand","embeddable":true,"href":"https:\/\/roveyayinevi.com.tr\/index.php\/wp-json\/wp\/v2\/product_brand?post=731456"},{"taxonomy":"product_cat","embeddable":true,"href":"https:\/\/roveyayinevi.com.tr\/index.php\/wp-json\/wp\/v2\/product_cat?post=731456"},{"taxonomy":"product_tag","embeddable":true,"href":"https:\/\/roveyayinevi.com.tr\/index.php\/wp-json\/wp\/v2\/product_tag?post=731456"}],"curies":[{"name":"wp","href":"https:\/\/api.w.org\/{rel}","templated":true}]}}