{"id":731453,"date":"2025-08-27T21:32:22","date_gmt":"2025-08-27T18:32:22","guid":{"rendered":"https:\/\/roveyayinevi.com.tr\/index.php\/urun\/kara-kiz-ve-belalisi\/"},"modified":"2025-08-31T17:20:01","modified_gmt":"2025-08-31T14:20:01","slug":"kara-kiz-ve-belalisi","status":"publish","type":"product","link":"https:\/\/roveyayinevi.com.tr\/index.php\/urun\/kara-kiz-ve-belalisi\/","title":{"rendered":"Kara K\u0131z ve Belal\u0131s\u0131"},"content":{"rendered":"<p>&#8220;Her \u015fey yolunda gidiyor gibiydi. Kara K\u0131z, Duygu\u2019nun mama getirme eylemine al\u0131\u015fm\u0131\u015ft\u0131. Yuvas\u0131ndan ba\u015f\u0131n\u0131 kald\u0131r\u0131p, kimin geldi\u011fini g\u00f6r\u00fcyor, sonra ald\u0131rmaz g\u00f6r\u00fcnerek onu karton kutunun k\u00fc\u00e7\u00fck deliklerinden izlemeye koyuluyordu. Yavrular\u0131n hareketlili\u011fi, karton kutudan y\u00fckselen t\u0131rman\u0131\u015f seslerinden anla\u015f\u0131l\u0131yordu. Kimi zaman onlar\u0131n minicik y\u00fczlerini, merakl\u0131 bak\u0131\u015flar\u0131n\u0131 havaland\u0131rma deliklerinden g\u00f6rebiliyordu.&#8221; <\/p>\n","protected":false},"excerpt":{"rendered":"<p>&#8220;Her \u015fey yolunda gidiyor gibiydi. Kara K\u0131z, Duygu\u2019nun mama getirme eylemine al\u0131\u015fm\u0131\u015ft\u0131. Yuvas\u0131ndan ba\u015f\u0131n\u0131 kald\u0131r\u0131p, kimin geldi\u011fini g\u00f6r\u00fcyor, sonra ald\u0131rmaz g\u00f6r\u00fcnerek onu karton kutunun k\u00fc\u00e7\u00fck deliklerinden<span class=\"excerpt-hellip\"> [\u2026]<\/span><\/p>\n","protected":false},"featured_media":0,"template":"","meta":{"_monsterinsights_skip_tracking":false,"_monsterinsights_sitenote_active":false,"_monsterinsights_sitenote_note":"","_monsterinsights_sitenote_category":0},"product_brand":[],"product_cat":[12291,12711],"product_tag":[],"class_list":{"0":"post-731453","1":"product","2":"type-product","3":"status-publish","5":"product_cat-edebiyat","6":"product_cat-roman-oyku","7":"pa_cilt-ciltsiz","8":"pa_tur-kitap","9":"pa_yayinevi-imgenin-cocuklari","10":"pa_yazar-suzan-kuyumcu","12":"first","13":"instock","14":"sale","15":"shipping-taxable","16":"purchasable","17":"product-type-simple"},"_links":{"self":[{"href":"https:\/\/roveyayinevi.com.tr\/index.php\/wp-json\/wp\/v2\/product\/731453","targetHints":{"allow":["GET"]}}],"collection":[{"href":"https:\/\/roveyayinevi.com.tr\/index.php\/wp-json\/wp\/v2\/product"}],"about":[{"href":"https:\/\/roveyayinevi.com.tr\/index.php\/wp-json\/wp\/v2\/types\/product"}],"wp:attachment":[{"href":"https:\/\/roveyayinevi.com.tr\/index.php\/wp-json\/wp\/v2\/media?parent=731453"}],"wp:term":[{"taxonomy":"product_brand","embeddable":true,"href":"https:\/\/roveyayinevi.com.tr\/index.php\/wp-json\/wp\/v2\/product_brand?post=731453"},{"taxonomy":"product_cat","embeddable":true,"href":"https:\/\/roveyayinevi.com.tr\/index.php\/wp-json\/wp\/v2\/product_cat?post=731453"},{"taxonomy":"product_tag","embeddable":true,"href":"https:\/\/roveyayinevi.com.tr\/index.php\/wp-json\/wp\/v2\/product_tag?post=731453"}],"curies":[{"name":"wp","href":"https:\/\/api.w.org\/{rel}","templated":true}]}}