{"id":731451,"date":"2025-08-27T21:32:20","date_gmt":"2025-08-27T18:32:20","guid":{"rendered":"https:\/\/roveyayinevi.com.tr\/index.php\/urun\/beklemeyecegim-iste\/"},"modified":"2026-04-16T02:39:10","modified_gmt":"2026-04-15T23:39:10","slug":"beklemeyecegim-iste","status":"publish","type":"product","link":"https:\/\/roveyayinevi.com.tr\/index.php\/urun\/beklemeyecegim-iste\/","title":{"rendered":"Beklemeyece\u011fim \u0130\u015fte!"},"content":{"rendered":"<p>Tibo dondurma yemeyi \u00e7ok seviyordu. Mahalleye dondurmac\u0131 arabas\u0131 geldi\u011finde bir ko\u015fu yan\u0131na gitti. Ama o da ne? Dondurmay\u0131 seven sadece o de\u011fildi. Araban\u0131n \u00f6n\u00fcnde upuzun bir kuyruk uzan\u0131yordu. Tibo ise beklemek istemiyordu. G\u00f6rkem Kantar Arsoy\u2019un yazd\u0131\u011f\u0131, kapris yapman\u0131n bir sonu\u00e7 getirmedi\u011fini tatl\u0131 bir dille anlatan Beklemeyece\u011fim \u0130\u015fte! kitab\u0131na Melis G\u00f6k\u00e7en\u2019in resimleri e\u015flik ediyor. <\/p>\n","protected":false},"excerpt":{"rendered":"<p>Tibo dondurma yemeyi \u00e7ok seviyordu. Mahalleye dondurmac\u0131 arabas\u0131 geldi\u011finde bir ko\u015fu yan\u0131na gitti. Ama o da ne? Dondurmay\u0131 seven sadece o de\u011fildi. Araban\u0131n \u00f6n\u00fcnde upuzun bir<span class=\"excerpt-hellip\"> [\u2026]<\/span><\/p>\n","protected":false},"featured_media":0,"template":"","meta":{"_monsterinsights_skip_tracking":false,"_monsterinsights_sitenote_active":false,"_monsterinsights_sitenote_note":"","_monsterinsights_sitenote_category":0},"product_brand":[],"product_cat":[12275,12274],"product_tag":[],"class_list":{"0":"post-731451","1":"product","2":"type-product","3":"status-publish","5":"product_cat-6-12-yas-kitaplari","6":"product_cat-cocuk-ve-genclik-kitaplari","7":"pa_cilt-ciltsiz","8":"pa_tur-kitap","9":"pa_yayinevi-yapi-kredi-yayinlari","10":"pa_yazar-gorkem-kantar-arsoy","12":"first","13":"instock","14":"sale","15":"shipping-taxable","16":"purchasable","17":"product-type-simple"},"_links":{"self":[{"href":"https:\/\/roveyayinevi.com.tr\/index.php\/wp-json\/wp\/v2\/product\/731451","targetHints":{"allow":["GET"]}}],"collection":[{"href":"https:\/\/roveyayinevi.com.tr\/index.php\/wp-json\/wp\/v2\/product"}],"about":[{"href":"https:\/\/roveyayinevi.com.tr\/index.php\/wp-json\/wp\/v2\/types\/product"}],"wp:attachment":[{"href":"https:\/\/roveyayinevi.com.tr\/index.php\/wp-json\/wp\/v2\/media?parent=731451"}],"wp:term":[{"taxonomy":"product_brand","embeddable":true,"href":"https:\/\/roveyayinevi.com.tr\/index.php\/wp-json\/wp\/v2\/product_brand?post=731451"},{"taxonomy":"product_cat","embeddable":true,"href":"https:\/\/roveyayinevi.com.tr\/index.php\/wp-json\/wp\/v2\/product_cat?post=731451"},{"taxonomy":"product_tag","embeddable":true,"href":"https:\/\/roveyayinevi.com.tr\/index.php\/wp-json\/wp\/v2\/product_tag?post=731451"}],"curies":[{"name":"wp","href":"https:\/\/api.w.org\/{rel}","templated":true}]}}