{"id":731450,"date":"2025-08-27T21:32:18","date_gmt":"2025-08-27T18:32:18","guid":{"rendered":"https:\/\/roveyayinevi.com.tr\/index.php\/urun\/klara-ile-gunes\/"},"modified":"2026-03-18T02:50:01","modified_gmt":"2026-03-17T23:50:01","slug":"klara-ile-gunes","status":"publish","type":"product","link":"https:\/\/roveyayinevi.com.tr\/index.php\/urun\/klara-ile-gunes\/","title":{"rendered":"Klara ile G\u00fcne\u015f"},"content":{"rendered":"<p>G\u00fcne\u015f her zaman bize ula\u015fman\u0131n yolunu bulur.\u201d G\u00fcn\u00fcm\u00fcz\u00fcn en b\u00fcy\u00fck yazarlar\u0131ndan Kazuo Ishiguro, Nobel Edebiyat \u00d6d\u00fcl\u00fc\u2019n\u00fc kazand\u0131ktan sonra yay\u0131mlanan ilk roman\u0131 Klara ile G\u00fcne\u015f\u2019te, yeni teknolojilerin etkisiyle k\u00f6kl\u00fc de\u011fi\u015fimler ge\u00e7irmi\u015f bir toplumda ya\u015fanan, sevgi, umut ve fedak\u00e2rl\u0131\u011fa dair unutulmaz bir hik\u00e2ye anlat\u0131yor. S\u0131ra d\u0131\u015f\u0131 g\u00f6zlem yetene\u011fine sahip bir yapay zek\u00e2 olan Klara, kendisi gibi \u201cYapay Arkada\u015f\u201dlar\u0131n sat\u0131ld\u0131\u011f\u0131 ma\u011fazadaki yerinden insanlar\u0131 izleyip d\u0131\u015f d\u00fcnyay\u0131 \u00f6\u011frenmeye \u00e7al\u0131\u015f\u0131r, onu yeni evine g\u00f6t\u00fcrecek o \u00f6zel \u00e7ocu\u011fu sab\u0131rla bekler. O \u00e7ocuk nihayet \u00e7\u0131kageldi\u011finde, Klara kendini ezici kayg\u0131lar ve k\u0131r\u0131lgan umutlarla dolu bir d\u00fcnyada bulacak, sars\u0131lmaz bir adanm\u0131\u015fl\u0131kla ba\u011fland\u0131\u011f\u0131 G\u00fcne\u015f\u2019in yard\u0131m\u0131yla bir mucizeyi ger\u00e7ek k\u0131lmaya \u00e7al\u0131\u015f\u0131rken insan denen canl\u0131y\u0131 b\u00fct\u00fcn zaaflar\u0131 ve \u00e7eli\u015fkileriyle tan\u0131ma f\u0131rsat\u0131 bulacakt\u0131r.   \u201cKlara ile G\u00fcne\u015f dingin duygusal yo\u011funlu\u011fu sayesinde Ishiguro\u2019nun b\u00fcy\u00fck bir d\u00fczyaz\u0131 \u00fcslup\u00e7usu olarak yerini sa\u011flamla\u015ft\u0131r\u0131yor.\u201d Evening Standard   \u201cBeni Asla B\u0131rakma\u2019y\u0131 sevenlere g\u00f6re bir roman: O kitab\u0131n DNA\u2019s\u0131ndaki duygusal a\u00e7\u0131kl\u0131k, kendimizi d\u0131\u015far\u0131dan g\u00f6rebilme niteli\u011fi ve insanl\u0131\u011fa dair \u2012tam olarak iyimser denemese de\u2012 \u015fefkatli, dokunakl\u0131 ve hakiki bak\u0131\u015f burada da mevcut.\u201d The Times\u201c[Kazuo Ishiguro] b\u00fcy\u00fck bir duygusal g\u00fcce sahip romanlar\u0131nda, d\u00fcnyayla bir ba\u011flant\u0131m\u0131z oldu\u011fu yan\u0131lsamas\u0131n\u0131n alt\u0131nda yatan dipsiz u\u00e7urumu a\u00e7\u0131\u011fa \u00e7\u0131kard\u0131.\u201d 2017 Nobel Edebiyat \u00d6d\u00fcl\u00fc\u2019n\u00fcn gerek\u00e7esinden <\/p>\n","protected":false},"excerpt":{"rendered":"<p>G\u00fcne\u015f her zaman bize ula\u015fman\u0131n yolunu bulur.\u201d G\u00fcn\u00fcm\u00fcz\u00fcn en b\u00fcy\u00fck yazarlar\u0131ndan Kazuo Ishiguro, Nobel Edebiyat \u00d6d\u00fcl\u00fc\u2019n\u00fc kazand\u0131ktan sonra yay\u0131mlanan ilk roman\u0131 Klara ile G\u00fcne\u015f\u2019te, yeni teknolojilerin<span class=\"excerpt-hellip\"> [\u2026]<\/span><\/p>\n","protected":false},"featured_media":0,"template":"","meta":{"_monsterinsights_skip_tracking":false,"_monsterinsights_sitenote_active":false,"_monsterinsights_sitenote_note":"","_monsterinsights_sitenote_category":0},"product_brand":[],"product_cat":[12291,12711],"product_tag":[],"class_list":{"0":"post-731450","1":"product","2":"type-product","3":"status-publish","5":"product_cat-edebiyat","6":"product_cat-roman-oyku","7":"pa_cilt-ciltsiz","8":"pa_tur-kitap","9":"pa_yayinevi-yapi-kredi-yayinlari","10":"pa_yazar-kazuo-ishiguro","12":"first","13":"instock","14":"sale","15":"shipping-taxable","16":"purchasable","17":"product-type-simple"},"_links":{"self":[{"href":"https:\/\/roveyayinevi.com.tr\/index.php\/wp-json\/wp\/v2\/product\/731450","targetHints":{"allow":["GET"]}}],"collection":[{"href":"https:\/\/roveyayinevi.com.tr\/index.php\/wp-json\/wp\/v2\/product"}],"about":[{"href":"https:\/\/roveyayinevi.com.tr\/index.php\/wp-json\/wp\/v2\/types\/product"}],"wp:attachment":[{"href":"https:\/\/roveyayinevi.com.tr\/index.php\/wp-json\/wp\/v2\/media?parent=731450"}],"wp:term":[{"taxonomy":"product_brand","embeddable":true,"href":"https:\/\/roveyayinevi.com.tr\/index.php\/wp-json\/wp\/v2\/product_brand?post=731450"},{"taxonomy":"product_cat","embeddable":true,"href":"https:\/\/roveyayinevi.com.tr\/index.php\/wp-json\/wp\/v2\/product_cat?post=731450"},{"taxonomy":"product_tag","embeddable":true,"href":"https:\/\/roveyayinevi.com.tr\/index.php\/wp-json\/wp\/v2\/product_tag?post=731450"}],"curies":[{"name":"wp","href":"https:\/\/api.w.org\/{rel}","templated":true}]}}