{"id":731444,"date":"2025-08-27T21:32:13","date_gmt":"2025-08-27T18:32:13","guid":{"rendered":"https:\/\/roveyayinevi.com.tr\/index.php\/urun\/50-mekanla-dunya-tarihi\/"},"modified":"2026-04-16T02:39:10","modified_gmt":"2026-04-15T23:39:10","slug":"50-mekanla-dunya-tarihi","status":"publish","type":"product","link":"https:\/\/roveyayinevi.com.tr\/index.php\/urun\/50-mekanla-dunya-tarihi\/","title":{"rendered":"50 Mekanla D\u00fcnya Tarihi"},"content":{"rendered":"<p>\u0130nsanl\u0131k tarihini, tarih \u00f6ncesi \u00e7a\u011fdan yirmi birinci y\u00fczy\u0131l\u0131n ba\u015flar\u0131na kadar, d\u00fcnyan\u0131n az bilinen 50 mekan\u0131 ile ke\u015ffedin.En eski atalar\u0131m\u0131z\u0131n kal\u0131nt\u0131lar\u0131n\u0131n bulundu\u011fu Tanzanya&#8217;daki Olduvai Ge\u00e7idi&#8217;nden, World Wide Web gibi devrimci teknolojilerin geli\u015ftirildi\u011fi Cern&#8217;e kadar d\u00fcnya \u00fczerindeki izimizi s\u00fcr\u00fcyoruz. \u0130slam&#8217;\u0131n ba\u015flad\u0131\u011f\u0131 Suudi Arabistan&#8217;daki bir ma\u011faradan, Kud\u00fcs ve Roma gibi kadim \u015fehirlere ya da \u00c7in&#8217;deki Konf\u00fc\u00e7y\u00fcs Tap\u0131na\u011f\u0131 gibi yap\u0131lara kadar uzun bir yolculu\u011fa \u00e7\u0131k\u0131yoruz. <\/p>\n","protected":false},"excerpt":{"rendered":"<p>\u0130nsanl\u0131k tarihini, tarih \u00f6ncesi \u00e7a\u011fdan yirmi birinci y\u00fczy\u0131l\u0131n ba\u015flar\u0131na kadar, d\u00fcnyan\u0131n az bilinen 50 mekan\u0131 ile ke\u015ffedin.En eski atalar\u0131m\u0131z\u0131n kal\u0131nt\u0131lar\u0131n\u0131n bulundu\u011fu Tanzanya&#8217;daki Olduvai Ge\u00e7idi&#8217;nden, World Wide<span class=\"excerpt-hellip\"> [\u2026]<\/span><\/p>\n","protected":false},"featured_media":0,"template":"","meta":{"_monsterinsights_skip_tracking":false,"_monsterinsights_sitenote_active":false,"_monsterinsights_sitenote_note":"","_monsterinsights_sitenote_category":0},"product_brand":[],"product_cat":[12370,12304],"product_tag":[],"class_list":{"0":"post-731444","1":"product","2":"type-product","3":"status-publish","5":"product_cat-arastirma-inceleme","6":"product_cat-tarih","7":"pa_cilt-ciltsiz","8":"pa_tur-kitap","9":"pa_yayinevi-orenda","10":"pa_yazar-jacob-f-field","12":"first","13":"instock","14":"sale","15":"shipping-taxable","16":"purchasable","17":"product-type-simple"},"_links":{"self":[{"href":"https:\/\/roveyayinevi.com.tr\/index.php\/wp-json\/wp\/v2\/product\/731444","targetHints":{"allow":["GET"]}}],"collection":[{"href":"https:\/\/roveyayinevi.com.tr\/index.php\/wp-json\/wp\/v2\/product"}],"about":[{"href":"https:\/\/roveyayinevi.com.tr\/index.php\/wp-json\/wp\/v2\/types\/product"}],"wp:attachment":[{"href":"https:\/\/roveyayinevi.com.tr\/index.php\/wp-json\/wp\/v2\/media?parent=731444"}],"wp:term":[{"taxonomy":"product_brand","embeddable":true,"href":"https:\/\/roveyayinevi.com.tr\/index.php\/wp-json\/wp\/v2\/product_brand?post=731444"},{"taxonomy":"product_cat","embeddable":true,"href":"https:\/\/roveyayinevi.com.tr\/index.php\/wp-json\/wp\/v2\/product_cat?post=731444"},{"taxonomy":"product_tag","embeddable":true,"href":"https:\/\/roveyayinevi.com.tr\/index.php\/wp-json\/wp\/v2\/product_tag?post=731444"}],"curies":[{"name":"wp","href":"https:\/\/api.w.org\/{rel}","templated":true}]}}