{"id":731441,"date":"2025-08-27T21:32:10","date_gmt":"2025-08-27T18:32:10","guid":{"rendered":"https:\/\/roveyayinevi.com.tr\/index.php\/urun\/kan-varsa\/"},"modified":"2026-04-16T02:39:10","modified_gmt":"2026-04-15T23:39:10","slug":"kan-varsa","status":"publish","type":"product","link":"https:\/\/roveyayinevi.com.tr\/index.php\/urun\/kan-varsa\/","title":{"rendered":"Kan Varsa"},"content":{"rendered":"<p>Kan varsa haber de vard\u0131r&#8230; Habercilerin kulland\u0131\u011f\u0131 bir deyi\u015fti bu ve o g\u00fcn bir bomban\u0131n patlat\u0131ld\u0131\u011f\u0131 Albert Macready Ortaokulu\u2019nda kesinlikle kan vard\u0131. Finders Keepers Dedektiflik Ajans\u0131&#8217;nda g\u00fcnl\u00fck i\u015fleriyle ilgilenen Holly Gibney&#8217;nin dikkatini \u00e7eken ise bamba\u015fka bir ayr\u0131nt\u0131yd\u0131. O, kan\u0131n kokusunu al\u0131p ilk haberi yapan muhabire tak\u0131lm\u0131\u015ft\u0131. Holly&#8217;nin adama odaklanmas\u0131n\u0131n ge\u00e7erli bir nedeni vard\u0131, \u00e7\u00fcnk\u00fc o bir Yabanc\u0131&#8217;yd\u0131. Kan Varsa her biri okuru kendi korku dolu d\u00fcnyas\u0131na \u00e7eken d\u00f6rt uzun \u00f6yk\u00fcden olu\u015fuyor. Holly\u2019nin ilk yaln\u0131z maceras\u0131n\u0131n d\u0131\u015f\u0131nda Bay Harrigan\u2019\u0131n Telefonu, Chuck\u2019\u0131n Hayat\u0131 ve S\u0131\u00e7an \u00f6yk\u00fcleri uykular\u0131n\u0131z\u0131 ka\u00e7\u0131racak.<\/p>\n","protected":false},"excerpt":{"rendered":"<p>Kan varsa haber de vard\u0131r&#8230; Habercilerin kulland\u0131\u011f\u0131 bir deyi\u015fti bu ve o g\u00fcn bir bomban\u0131n patlat\u0131ld\u0131\u011f\u0131 Albert Macready Ortaokulu\u2019nda kesinlikle kan vard\u0131. Finders Keepers Dedektiflik Ajans\u0131&#8217;nda<span class=\"excerpt-hellip\"> [\u2026]<\/span><\/p>\n","protected":false},"featured_media":0,"template":"","meta":{"_monsterinsights_skip_tracking":false,"_monsterinsights_sitenote_active":false,"_monsterinsights_sitenote_note":"","_monsterinsights_sitenote_category":0},"product_brand":[],"product_cat":[12291,17033],"product_tag":[],"class_list":{"0":"post-731441","1":"product","2":"type-product","3":"status-publish","5":"product_cat-edebiyat","6":"product_cat-korku-gerilim","7":"pa_cilt-ciltsiz","8":"pa_tur-kitap","9":"pa_yayinevi-altin-kitaplar","10":"pa_yazar-stephen-king","12":"first","13":"instock","14":"sale","15":"shipping-taxable","16":"purchasable","17":"product-type-simple"},"_links":{"self":[{"href":"https:\/\/roveyayinevi.com.tr\/index.php\/wp-json\/wp\/v2\/product\/731441","targetHints":{"allow":["GET"]}}],"collection":[{"href":"https:\/\/roveyayinevi.com.tr\/index.php\/wp-json\/wp\/v2\/product"}],"about":[{"href":"https:\/\/roveyayinevi.com.tr\/index.php\/wp-json\/wp\/v2\/types\/product"}],"wp:attachment":[{"href":"https:\/\/roveyayinevi.com.tr\/index.php\/wp-json\/wp\/v2\/media?parent=731441"}],"wp:term":[{"taxonomy":"product_brand","embeddable":true,"href":"https:\/\/roveyayinevi.com.tr\/index.php\/wp-json\/wp\/v2\/product_brand?post=731441"},{"taxonomy":"product_cat","embeddable":true,"href":"https:\/\/roveyayinevi.com.tr\/index.php\/wp-json\/wp\/v2\/product_cat?post=731441"},{"taxonomy":"product_tag","embeddable":true,"href":"https:\/\/roveyayinevi.com.tr\/index.php\/wp-json\/wp\/v2\/product_tag?post=731441"}],"curies":[{"name":"wp","href":"https:\/\/api.w.org\/{rel}","templated":true}]}}