{"id":731440,"date":"2025-08-27T21:32:10","date_gmt":"2025-08-27T18:32:10","guid":{"rendered":"https:\/\/roveyayinevi.com.tr\/index.php\/urun\/amerikada-irkci-soylem-ve-siddet\/"},"modified":"2026-04-16T02:39:10","modified_gmt":"2026-04-15T23:39:10","slug":"amerikada-irkci-soylem-ve-siddet","status":"publish","type":"product","link":"https:\/\/roveyayinevi.com.tr\/index.php\/urun\/amerikada-irkci-soylem-ve-siddet\/","title":{"rendered":"Amerika&#8217;da Irk\u00e7\u0131 S\u00f6ylem ve \u015eiddet"},"content":{"rendered":"<p>G\u00fcn\u00fcm\u00fczde Bat\u0131l\u0131 devletlerin, \u00f6zellikle de ABD\u2019nin \u201cbeyaz egemen d\u00fcnya\u201d projesi, pandemi s\u00fcrecinde giderek daha da g\u00fc\u00e7lenmeye devam etmektedir. Bat\u0131 d\u00fcnyas\u0131n\u0131n de\u011ferlerine \u201cters d\u00fc\u015fen\u201d d\u00fcnya halklar\u0131n\u0131 imha etme yoluyla \u2018beyazla\u015ft\u0131rma\u2019 operasyonu, Bat\u0131\/ABD ile \u00d6teki ekseninde s\u00fcregelen siyasi bir projedir. Tarihsel ak\u0131\u015f i\u00e7inde, s\u00f6m\u00fcrgeci g\u00fc\u00e7 ili\u015fkilerinin \u0131rk\u00e7\u0131 mant\u0131\u011f\u0131n\u0131 Bat\u0131 Avrupa devletlerinden devralan ABD, kendi toplumsal d\u00fczeninde beyaz egemen d\u00fcnya siyasi projesinin pratiklerini normalle\u015ftirmektedir. Bu kitap, b\u00f6lgemizi \u015fiddet politikalar\u0131yla kas\u0131p kavuran ABD\u2019yi kendi vatanda\u015flar\u0131na uygulad\u0131\u011f\u0131 \u0131rk\u00e7\u0131l\u0131k \u00fczerinden sorunsalla\u015ft\u0131rmaktad\u0131r. Beyaz kimli\u011fi kurgusunun temelinde yatan \u201cbeyaz \u0131rksal \u00e7er\u00e7eve\u201d i\u00e7ine siyahlar\u0131 oturtan ve bu \u00e7er\u00e7eve d\u0131\u015f\u0131nda onlar\u0131 tan\u0131yamayan bir \u201ccehalet\u201d ile beraber hem fiziksel hem de s\u00f6ylemsel \u201c\u015fiddeti\u201d besleyen s\u00f6ylemsel kurguyu incelerken, \u0131rk\u00e7\u0131 bak\u0131\u015f a\u00e7\u0131s\u0131n\u0131, siyahlar\u0131 hedef tahtas\u0131na oturtan polis \u015fiddeti \u00fczerinden de a\u00e7\u0131\u011fa \u00e7\u0131karmak gere\u011fine i\u015faret etmektedir.\u00c7al\u0131\u015fma, d\u00fcnyay\u0131 \u201cbeyazla\u015ft\u0131rma\u201d operasyonlar\u0131n\u0131n temelinde bulunan, d\u00fcnyay\u0131 beyaz \u00fcst\u00fcnl\u00fc\u011f\u00fcne dayanan ve farkl\u0131 \u0131rk gruplar\u0131na tepeden bakan bir kavram penceresinden g\u00f6rmeyi al\u0131\u015fkanl\u0131k haline getiren bak\u0131\u015f a\u00e7\u0131s\u0131n\u0131, ABD\u2019nin kendi \u201cyerel\u201d zemininde incelemektedir.<\/p>\n","protected":false},"excerpt":{"rendered":"<p>G\u00fcn\u00fcm\u00fczde Bat\u0131l\u0131 devletlerin, \u00f6zellikle de ABD\u2019nin \u201cbeyaz egemen d\u00fcnya\u201d projesi, pandemi s\u00fcrecinde giderek daha da g\u00fc\u00e7lenmeye devam etmektedir. Bat\u0131 d\u00fcnyas\u0131n\u0131n de\u011ferlerine \u201cters d\u00fc\u015fen\u201d d\u00fcnya halklar\u0131n\u0131 imha<span class=\"excerpt-hellip\"> [\u2026]<\/span><\/p>\n","protected":false},"featured_media":0,"template":"","meta":{"_monsterinsights_skip_tracking":false,"_monsterinsights_sitenote_active":false,"_monsterinsights_sitenote_note":"","_monsterinsights_sitenote_category":0},"product_brand":[],"product_cat":[13590,12337],"product_tag":[],"class_list":{"0":"post-731440","1":"product","2":"type-product","3":"status-publish","5":"product_cat-arastirma-inceleme-politika-siyaset","6":"product_cat-politika-siyaset","7":"pa_cilt-ciltsiz","8":"pa_tur-kitap","9":"pa_yayinevi-kopernik-kitap","10":"pa_yazar-e-lale-demirturk","12":"first","13":"instock","14":"sale","15":"shipping-taxable","16":"purchasable","17":"product-type-simple"},"_links":{"self":[{"href":"https:\/\/roveyayinevi.com.tr\/index.php\/wp-json\/wp\/v2\/product\/731440","targetHints":{"allow":["GET"]}}],"collection":[{"href":"https:\/\/roveyayinevi.com.tr\/index.php\/wp-json\/wp\/v2\/product"}],"about":[{"href":"https:\/\/roveyayinevi.com.tr\/index.php\/wp-json\/wp\/v2\/types\/product"}],"wp:attachment":[{"href":"https:\/\/roveyayinevi.com.tr\/index.php\/wp-json\/wp\/v2\/media?parent=731440"}],"wp:term":[{"taxonomy":"product_brand","embeddable":true,"href":"https:\/\/roveyayinevi.com.tr\/index.php\/wp-json\/wp\/v2\/product_brand?post=731440"},{"taxonomy":"product_cat","embeddable":true,"href":"https:\/\/roveyayinevi.com.tr\/index.php\/wp-json\/wp\/v2\/product_cat?post=731440"},{"taxonomy":"product_tag","embeddable":true,"href":"https:\/\/roveyayinevi.com.tr\/index.php\/wp-json\/wp\/v2\/product_tag?post=731440"}],"curies":[{"name":"wp","href":"https:\/\/api.w.org\/{rel}","templated":true}]}}