{"id":731435,"date":"2025-08-27T21:32:05","date_gmt":"2025-08-27T18:32:05","guid":{"rendered":"https:\/\/roveyayinevi.com.tr\/index.php\/urun\/mezbaha-bes\/"},"modified":"2026-04-16T02:39:10","modified_gmt":"2026-04-15T23:39:10","slug":"mezbaha-bes","status":"publish","type":"product","link":"https:\/\/roveyayinevi.com.tr\/index.php\/urun\/mezbaha-bes\/","title":{"rendered":"Mezbaha Be\u015f"},"content":{"rendered":"<p>YA\u015eAMIN HER ANINI FARKLI B\u0130R \u015eEK\u0130LDE DENEY\u0130MLEMEK \u0130STEYENLERE! Dinleyin: Billy Pilgrim zamanda koptu. Billy bunak bir dul olarak uykuya dald\u0131 ve d\u00fc\u011f\u00fcn g\u00fcn\u00fcnde uyand\u0131. 1955\u2019te bir kap\u0131dan ge\u00e7ti ve 1941\u2019de bir ba\u015fka kap\u0131dan \u00e7\u0131kt\u0131. O kap\u0131dan tekrar ge\u00e7ti ve kendini 1963\u2019te buldu. Do\u011fumunu ve \u00f6l\u00fcm\u00fcn\u00fc bir \u00e7ok kere g\u00f6rd\u00fc\u011f\u00fcn\u00fc ve aradaki t\u00fcm olaylara geli\u015fig\u00fczel seyahatler yapt\u0131\u011f\u0131n\u0131 s\u00f6yl\u00fcyor. \u00d6yle s\u00f6yl\u00fcyor. Billy Pilgrim zaman\u0131n ak\u0131\u015f\u0131ndan kopmu\u015ftur. Art\u0131k hayat\u0131n\u0131 diledi\u011fi gibi ileriye ve geriye sarabilir. \u0130sterse Tralfamadore gezegeninden uzayl\u0131lar\u0131n kendisini ka\u00e7\u0131rd\u0131\u011f\u0131 g\u00fcne, isterse sava\u015f esiri olarak tutuldu\u011fu Dresden\u2019i m\u00fcttefik u\u00e7aklar\u0131n\u0131n bombalad\u0131\u011f\u0131 g\u00fcne \u0131\u015f\u0131nlanabilir. Billy\u2019nin par\u00e7alanm\u0131\u015f hayat\u0131 hepimize kendi hayat\u0131m\u0131zda arad\u0131\u011f\u0131m\u0131z anlam\u0131 d\u00fc\u015f\u00fcnd\u00fcr\u00fcyor. Mezbaha Be\u015f bir modern klasik \u2013 Vonnegut\u2019un ba\u015fyap\u0131t\u0131. <\/p>\n","protected":false},"excerpt":{"rendered":"<p>YA\u015eAMIN HER ANINI FARKLI B\u0130R \u015eEK\u0130LDE DENEY\u0130MLEMEK \u0130STEYENLERE! Dinleyin: Billy Pilgrim zamanda koptu. Billy bunak bir dul olarak uykuya dald\u0131 ve d\u00fc\u011f\u00fcn g\u00fcn\u00fcnde uyand\u0131. 1955\u2019te bir<span class=\"excerpt-hellip\"> [\u2026]<\/span><\/p>\n","protected":false},"featured_media":0,"template":"","meta":{"_monsterinsights_skip_tracking":false,"_monsterinsights_sitenote_active":false,"_monsterinsights_sitenote_note":"","_monsterinsights_sitenote_category":0},"product_brand":[],"product_cat":[12291,12711],"product_tag":[],"class_list":{"0":"post-731435","1":"product","2":"type-product","3":"status-publish","5":"product_cat-edebiyat","6":"product_cat-roman-oyku","7":"pa_cilt-ciltsiz","8":"pa_tur-kitap","9":"pa_yayinevi-can-yayinlari","10":"pa_yazar-kurt-vonnegut","12":"first","13":"instock","14":"sale","15":"shipping-taxable","16":"purchasable","17":"product-type-simple"},"_links":{"self":[{"href":"https:\/\/roveyayinevi.com.tr\/index.php\/wp-json\/wp\/v2\/product\/731435","targetHints":{"allow":["GET"]}}],"collection":[{"href":"https:\/\/roveyayinevi.com.tr\/index.php\/wp-json\/wp\/v2\/product"}],"about":[{"href":"https:\/\/roveyayinevi.com.tr\/index.php\/wp-json\/wp\/v2\/types\/product"}],"wp:attachment":[{"href":"https:\/\/roveyayinevi.com.tr\/index.php\/wp-json\/wp\/v2\/media?parent=731435"}],"wp:term":[{"taxonomy":"product_brand","embeddable":true,"href":"https:\/\/roveyayinevi.com.tr\/index.php\/wp-json\/wp\/v2\/product_brand?post=731435"},{"taxonomy":"product_cat","embeddable":true,"href":"https:\/\/roveyayinevi.com.tr\/index.php\/wp-json\/wp\/v2\/product_cat?post=731435"},{"taxonomy":"product_tag","embeddable":true,"href":"https:\/\/roveyayinevi.com.tr\/index.php\/wp-json\/wp\/v2\/product_tag?post=731435"}],"curies":[{"name":"wp","href":"https:\/\/api.w.org\/{rel}","templated":true}]}}