{"id":731434,"date":"2025-08-27T21:32:04","date_gmt":"2025-08-27T18:32:04","guid":{"rendered":"https:\/\/roveyayinevi.com.tr\/index.php\/urun\/kedi-besigi\/"},"modified":"2026-04-16T02:39:10","modified_gmt":"2026-04-15T23:39:10","slug":"kedi-besigi","status":"publish","type":"product","link":"https:\/\/roveyayinevi.com.tr\/index.php\/urun\/kedi-besigi\/","title":{"rendered":"Kedi Be\u015fi\u011fi"},"content":{"rendered":"<p>B\u00dcT\u00dcN B\u0130LD\u0130\u011e\u0130N\u0130Z FELAKET SENARYOLARINI UNUTUN! Felix Hoenikker \u00f6lm\u00fc\u015ft\u00fc, \u00e7ocuklar\u0131 evde yokken denize naz\u0131r beyaz has\u0131r koltu\u011funda \u00f6lm\u00fc\u015ft\u00fc. \u0130htiyar adam b\u00fct\u00fcn g\u00fcn buz-dokuz\u2019a dair ipu\u00e7lar\u0131 vererek \u00e7ocuklar\u0131na sata\u015fm\u0131\u015f, etiketinde \u00fcst\u00fc \u00e7arp\u0131yla \u00e7izilmi\u015f bir kurukafan\u0131n oldu\u011fu minik \u015fi\u015fedeki maddeyi g\u00f6stermi\u015fti. Etikette \u015f\u00f6yle yaz\u0131yordu: \u201cTehlikeli! Buz-dokuz! Nemden uzak tutun!\u201d Atom bombas\u0131n\u0131n \u201cbaba\u201dlar\u0131ndan biri olan Felix Hoenikker, \u00f6ld\u00fc\u011f\u00fc s\u0131rada d\u00fcnyan\u0131n sonunu getirebilecek gizemli buz-dokuz \u00fczerinde \u00e7al\u0131\u015f\u0131yordu. \u00dc\u00e7 \u00e7ocu\u011fu bu maddeyi aralar\u0131nda payla\u015ft\u0131lar ve bir daha bu maddenin s\u00f6z\u00fcn\u00fc etmediler. Ta ki yollar\u0131 San Lorenzo isimli Karayip adas\u0131nda bir kez daha kesi\u015fene kadar. Bokonon\u2019un da dedi\u011fi gibi, \u201cTuhaf seyahat \u00f6nerileri Tanr\u0131\u2019n\u0131n dans dersleridir.\u201d Kedi Be\u015fi\u011fi, k\u00fcresel bir felaketin her zaman ne kadar yak\u0131n\u0131m\u0131zda oldu\u011funa dair ac\u0131 ironiyle dolu bir k\u00fclt roman. <\/p>\n","protected":false},"excerpt":{"rendered":"<p>B\u00dcT\u00dcN B\u0130LD\u0130\u011e\u0130N\u0130Z FELAKET SENARYOLARINI UNUTUN! Felix Hoenikker \u00f6lm\u00fc\u015ft\u00fc, \u00e7ocuklar\u0131 evde yokken denize naz\u0131r beyaz has\u0131r koltu\u011funda \u00f6lm\u00fc\u015ft\u00fc. \u0130htiyar adam b\u00fct\u00fcn g\u00fcn buz-dokuz\u2019a dair ipu\u00e7lar\u0131 vererek \u00e7ocuklar\u0131na<span class=\"excerpt-hellip\"> [\u2026]<\/span><\/p>\n","protected":false},"featured_media":0,"template":"","meta":{"_monsterinsights_skip_tracking":false,"_monsterinsights_sitenote_active":false,"_monsterinsights_sitenote_note":"","_monsterinsights_sitenote_category":0},"product_brand":[],"product_cat":[12291,12711],"product_tag":[],"class_list":{"0":"post-731434","1":"product","2":"type-product","3":"status-publish","5":"product_cat-edebiyat","6":"product_cat-roman-oyku","7":"pa_cilt-ciltsiz","8":"pa_tur-kitap","9":"pa_yayinevi-can-yayinlari","10":"pa_yazar-kurt-vonnegut","12":"first","13":"instock","14":"sale","15":"shipping-taxable","16":"purchasable","17":"product-type-simple"},"_links":{"self":[{"href":"https:\/\/roveyayinevi.com.tr\/index.php\/wp-json\/wp\/v2\/product\/731434","targetHints":{"allow":["GET"]}}],"collection":[{"href":"https:\/\/roveyayinevi.com.tr\/index.php\/wp-json\/wp\/v2\/product"}],"about":[{"href":"https:\/\/roveyayinevi.com.tr\/index.php\/wp-json\/wp\/v2\/types\/product"}],"wp:attachment":[{"href":"https:\/\/roveyayinevi.com.tr\/index.php\/wp-json\/wp\/v2\/media?parent=731434"}],"wp:term":[{"taxonomy":"product_brand","embeddable":true,"href":"https:\/\/roveyayinevi.com.tr\/index.php\/wp-json\/wp\/v2\/product_brand?post=731434"},{"taxonomy":"product_cat","embeddable":true,"href":"https:\/\/roveyayinevi.com.tr\/index.php\/wp-json\/wp\/v2\/product_cat?post=731434"},{"taxonomy":"product_tag","embeddable":true,"href":"https:\/\/roveyayinevi.com.tr\/index.php\/wp-json\/wp\/v2\/product_tag?post=731434"}],"curies":[{"name":"wp","href":"https:\/\/api.w.org\/{rel}","templated":true}]}}