{"id":731430,"date":"2025-08-27T21:32:00","date_gmt":"2025-08-27T18:32:00","guid":{"rendered":"https:\/\/roveyayinevi.com.tr\/index.php\/urun\/mulakata-giderken\/"},"modified":"2026-04-16T02:39:10","modified_gmt":"2026-04-15T23:39:10","slug":"mulakata-giderken","status":"publish","type":"product","link":"https:\/\/roveyayinevi.com.tr\/index.php\/urun\/mulakata-giderken\/","title":{"rendered":"M\u00fclakata Giderken"},"content":{"rendered":"<p>Uzun y\u0131llar yurt d\u0131\u015f\u0131nda ve yurt i\u00e7inde m\u00fclakatlar ger\u00e7ekle\u015ftirmi\u015f bir y\u00f6netici olarak \u00f6\u011frendiklerimden ve de\u011ferli y\u00f6neticilerimin deneyimlerinden yararlanarak haz\u0131rlam\u0131\u015f oldu\u011fum bu kitap, hem m\u00fclakat\u0131 ger\u00e7ekle\u015ftiren uzmanlar\u0131n ba\u015fvurabilece\u011fi bir soru kayna\u011f\u0131 hem de m\u00fclakata kat\u0131lacak adaylar i\u00e7in bir yol g\u00f6sterici olarak haz\u0131rland\u0131. Ba\u015far\u0131lar\u0131n\u0131za ba\u015far\u0131 katmas\u0131 dile\u011fiyle&#8230; <\/p>\n","protected":false},"excerpt":{"rendered":"<p>Uzun y\u0131llar yurt d\u0131\u015f\u0131nda ve yurt i\u00e7inde m\u00fclakatlar ger\u00e7ekle\u015ftirmi\u015f bir y\u00f6netici olarak \u00f6\u011frendiklerimden ve de\u011ferli y\u00f6neticilerimin deneyimlerinden yararlanarak haz\u0131rlam\u0131\u015f oldu\u011fum bu kitap, hem m\u00fclakat\u0131 ger\u00e7ekle\u015ftiren uzmanlar\u0131n<span class=\"excerpt-hellip\"> [\u2026]<\/span><\/p>\n","protected":false},"featured_media":0,"template":"","meta":{"_monsterinsights_skip_tracking":false,"_monsterinsights_sitenote_active":false,"_monsterinsights_sitenote_note":"","_monsterinsights_sitenote_category":0},"product_brand":[],"product_cat":[12364,12376],"product_tag":[],"class_list":{"0":"post-731430","1":"product","2":"type-product","3":"status-publish","5":"product_cat-genel-konular","6":"product_cat-kisisel-gelisim","7":"pa_cilt-ciltsiz","8":"pa_tur-kitap","9":"pa_yayinevi-remzi-kitabevi","10":"pa_yazar-tolga-erdinc","12":"first","13":"instock","14":"sale","15":"shipping-taxable","16":"purchasable","17":"product-type-simple"},"_links":{"self":[{"href":"https:\/\/roveyayinevi.com.tr\/index.php\/wp-json\/wp\/v2\/product\/731430","targetHints":{"allow":["GET"]}}],"collection":[{"href":"https:\/\/roveyayinevi.com.tr\/index.php\/wp-json\/wp\/v2\/product"}],"about":[{"href":"https:\/\/roveyayinevi.com.tr\/index.php\/wp-json\/wp\/v2\/types\/product"}],"wp:attachment":[{"href":"https:\/\/roveyayinevi.com.tr\/index.php\/wp-json\/wp\/v2\/media?parent=731430"}],"wp:term":[{"taxonomy":"product_brand","embeddable":true,"href":"https:\/\/roveyayinevi.com.tr\/index.php\/wp-json\/wp\/v2\/product_brand?post=731430"},{"taxonomy":"product_cat","embeddable":true,"href":"https:\/\/roveyayinevi.com.tr\/index.php\/wp-json\/wp\/v2\/product_cat?post=731430"},{"taxonomy":"product_tag","embeddable":true,"href":"https:\/\/roveyayinevi.com.tr\/index.php\/wp-json\/wp\/v2\/product_tag?post=731430"}],"curies":[{"name":"wp","href":"https:\/\/api.w.org\/{rel}","templated":true}]}}