{"id":731429,"date":"2025-08-27T21:31:27","date_gmt":"2025-08-27T18:31:27","guid":{"rendered":"https:\/\/roveyayinevi.com.tr\/index.php\/urun\/bana-kuslar-soyledi\/"},"modified":"2026-04-16T02:39:10","modified_gmt":"2026-04-15T23:39:10","slug":"bana-kuslar-soyledi","status":"publish","type":"product","link":"https:\/\/roveyayinevi.com.tr\/index.php\/urun\/bana-kuslar-soyledi\/","title":{"rendered":"Bana Ku\u015flar S\u00f6yledi"},"content":{"rendered":"<p>\u00c7o\u011fumuz \u00e7ocuklu\u011fa dair tek bir an\u0131ya sar\u0131l\u0131r\u0131z bazen. Bir g\u00fcn, bir ki\u015fi, bir olay\u2026 B\u00fct\u00fcn \u00e7ocuklu\u011fumuzu onun \u00e7evresinde \u00f6reriz. Hani \u00e7ocukken bir yerimiz yara oldu\u011funda tent\u00fcrdiyot s\u00fcrerlerdi \u00fcst\u00fcne, sonra da yanmas\u0131n diye \u00fcflerlerdi. Hayat\u0131m\u0131z boyunca birileri yaralar\u0131m\u0131za iyi gelecek bir \u015feyler s\u00fcrs\u00fcn, sonra da ac\u0131m\u0131z\u0131 almak i\u00e7in \u00fcflesin diye bekliyoruz. Yekta Kopan\u2019\u0131n yeni \u00f6yk\u00fc kitab\u0131nda \u00e7ocuklar var. Ger\u00e7ekle ger\u00e7ek \u00f6tesinin s\u0131n\u0131r \u00e7izgisinde y\u00fcr\u00fcrken dengesini bulmaya \u00e7al\u0131\u015fan \u00e7ocuklar. Yeti\u015fkinlerin s\u0131k\u0131c\u0131 ve yoz d\u00fcnyas\u0131na s\u0131\u011famayan, hayata taptaze g\u00f6zlerle bakan, yaral\u0131 olmas\u0131na kar\u015f\u0131n sorgulamaktan asla geri durmayan \u00e7ocuklar. Cesaretlerini ceplerinde ta\u015f\u0131yan \u00e7ocuklar. Kimi alabildi\u011fine ger\u00e7ek\u00e7i kimi cesurca yarat\u0131c\u0131 ve oyunbaz kimi de distopyan\u0131n s\u0131n\u0131rlar\u0131nda gezinen \u00f6yk\u00fcleri bir araya getiriyor. Bana Ku\u015flar S\u00f6yledi. Ele ald\u0131\u011f\u0131 \u00e7etin meselelere kar\u015f\u0131n kendine \u00f6zg\u00fc mizah\u0131ndan, derin ironisinden ve ya\u015fam sevincinden asla \u00f6d\u00fcn vermiyor Yekta Kopan. Her \u015feye ra\u011fmen hayat\u0131n yan\u0131nda olmam\u0131z hatta elden geldi\u011fince \u201cdans etmemiz\u201d gerekti\u011fini vurguluyor. \u00c7ocuklar\u0131n d\u00fcnyas\u0131ndan bak\u0131nca h\u00e2l\u00e2 umut var.\u00c7ocuklar varsa umut var.<\/p>\n","protected":false},"excerpt":{"rendered":"<p>\u00c7o\u011fumuz \u00e7ocuklu\u011fa dair tek bir an\u0131ya sar\u0131l\u0131r\u0131z bazen. Bir g\u00fcn, bir ki\u015fi, bir olay\u2026 B\u00fct\u00fcn \u00e7ocuklu\u011fumuzu onun \u00e7evresinde \u00f6reriz. Hani \u00e7ocukken bir yerimiz yara oldu\u011funda tent\u00fcrdiyot<span class=\"excerpt-hellip\"> [\u2026]<\/span><\/p>\n","protected":false},"featured_media":0,"template":"","meta":{"_monsterinsights_skip_tracking":false,"_monsterinsights_sitenote_active":false,"_monsterinsights_sitenote_note":"","_monsterinsights_sitenote_category":0},"product_brand":[],"product_cat":[12291,12711],"product_tag":[],"class_list":{"0":"post-731429","1":"product","2":"type-product","3":"status-publish","5":"product_cat-edebiyat","6":"product_cat-roman-oyku","7":"pa_cilt-ciltsiz","8":"pa_tur-kitap","9":"pa_yayinevi-can-yayinlari","10":"pa_yazar-yekta-kopan","12":"first","13":"instock","14":"sale","15":"shipping-taxable","16":"purchasable","17":"product-type-simple"},"_links":{"self":[{"href":"https:\/\/roveyayinevi.com.tr\/index.php\/wp-json\/wp\/v2\/product\/731429","targetHints":{"allow":["GET"]}}],"collection":[{"href":"https:\/\/roveyayinevi.com.tr\/index.php\/wp-json\/wp\/v2\/product"}],"about":[{"href":"https:\/\/roveyayinevi.com.tr\/index.php\/wp-json\/wp\/v2\/types\/product"}],"wp:attachment":[{"href":"https:\/\/roveyayinevi.com.tr\/index.php\/wp-json\/wp\/v2\/media?parent=731429"}],"wp:term":[{"taxonomy":"product_brand","embeddable":true,"href":"https:\/\/roveyayinevi.com.tr\/index.php\/wp-json\/wp\/v2\/product_brand?post=731429"},{"taxonomy":"product_cat","embeddable":true,"href":"https:\/\/roveyayinevi.com.tr\/index.php\/wp-json\/wp\/v2\/product_cat?post=731429"},{"taxonomy":"product_tag","embeddable":true,"href":"https:\/\/roveyayinevi.com.tr\/index.php\/wp-json\/wp\/v2\/product_tag?post=731429"}],"curies":[{"name":"wp","href":"https:\/\/api.w.org\/{rel}","templated":true}]}}