{"id":731428,"date":"2025-08-27T21:31:26","date_gmt":"2025-08-27T18:31:26","guid":{"rendered":"https:\/\/roveyayinevi.com.tr\/index.php\/urun\/cocuklar-icin-felsefe\/"},"modified":"2025-10-05T19:24:19","modified_gmt":"2025-10-05T16:24:19","slug":"cocuklar-icin-felsefe","status":"publish","type":"product","link":"https:\/\/roveyayinevi.com.tr\/index.php\/urun\/cocuklar-icin-felsefe\/","title":{"rendered":"\u00c7ocuklar \u0130\u00e7in Felsefe"},"content":{"rendered":"<p>Bir felsefe profes\u00f6r\u00fc ve bir ilkokul \u00f6\u011fretmeni taraf\u0131ndan yaz\u0131lan \u00c7ocuklar \u0130\u00e7in Felsefe, \u00f6\u011fretmenler i\u00e7in pratik bir rehber. Bu kapsaml\u0131 eser, \u00fc\u00e7 ya\u015f\u0131ndan b\u00fcy\u00fck \u00e7ocuklar ile ba\u015far\u0131l\u0131 bir \u015fekilde denenmi\u015f ve be\u011fenilmi\u015f 36 felsefi soru\u015fturmay\u0131 ve ayr\u0131nt\u0131l\u0131 etkinlik planlar\u0131n\u0131 i\u00e7eriyor. Bu de\u011ferli kaynak, \u00e7ocuklar\u0131n ba\u015fkalar\u0131n\u0131n fikirlerine sayg\u0131l\u0131 ve ho\u015fg\u00f6r\u00fcl\u00fc olmas\u0131n\u0131, dikkatle dinleyebilmesini ve kendi fikirlerini ortaya koyabilmesini kolayla\u015ft\u0131rmay\u0131 ama\u00e7l\u0131yor. \u00c7evre, arkada\u015fl\u0131k, adalet, payla\u015fma, do\u011fru-yanl\u0131\u015f, g\u00f6rg\u00fc, g\u00fczellik, duygular, r\u00fcya ve ger\u00e7eklik \u00fczerine \u00e7e\u015fitli felsefi sorular\u0131 ara\u015ft\u0131r\u0131rken beraber d\u00fc\u015f\u00fcnmenin entelekt\u00fcel hazz\u0131n\u0131 ke\u015ffetmelerini sa\u011fl\u0131yor. Berys Gaut, \u0130ngiltere\u2019deki St Andrews \u00dcniversitesi\u2019nde felsefe profes\u00f6r\u00fcd\u00fcr. Morag Gaut, \u0130ngiltere, Fife\u2019deki Anstruther \u0130lkokulu\u2019nda \u00f6\u011fretmenidir. Feray Orman, \u00c7ocuklar \u0130\u00e7in Felsefe (P4C) e\u011fitmeni ve \u00e7evirmendir. <\/p>\n","protected":false},"excerpt":{"rendered":"<p>Bir felsefe profes\u00f6r\u00fc ve bir ilkokul \u00f6\u011fretmeni taraf\u0131ndan yaz\u0131lan \u00c7ocuklar \u0130\u00e7in Felsefe, \u00f6\u011fretmenler i\u00e7in pratik bir rehber. Bu kapsaml\u0131 eser, \u00fc\u00e7 ya\u015f\u0131ndan b\u00fcy\u00fck \u00e7ocuklar ile ba\u015far\u0131l\u0131<span class=\"excerpt-hellip\"> [\u2026]<\/span><\/p>\n","protected":false},"featured_media":0,"template":"","meta":{"_monsterinsights_skip_tracking":false,"_monsterinsights_sitenote_active":false,"_monsterinsights_sitenote_note":"","_monsterinsights_sitenote_category":0},"product_brand":[],"product_cat":[12274,12631],"product_tag":[],"class_list":{"0":"post-731428","1":"product","2":"type-product","3":"status-publish","5":"product_cat-cocuk-ve-genclik-kitaplari","6":"product_cat-diger-cocuk-ve-genclik-kitaplari","7":"pa_cilt-ciltsiz","8":"pa_tur-kitap","9":"pa_yayinevi-kara-karga-yayinlari","10":"pa_yazar-berys-gaut-morag-gaut","12":"first","13":"instock","14":"sale","15":"shipping-taxable","16":"purchasable","17":"product-type-simple"},"_links":{"self":[{"href":"https:\/\/roveyayinevi.com.tr\/index.php\/wp-json\/wp\/v2\/product\/731428","targetHints":{"allow":["GET"]}}],"collection":[{"href":"https:\/\/roveyayinevi.com.tr\/index.php\/wp-json\/wp\/v2\/product"}],"about":[{"href":"https:\/\/roveyayinevi.com.tr\/index.php\/wp-json\/wp\/v2\/types\/product"}],"wp:attachment":[{"href":"https:\/\/roveyayinevi.com.tr\/index.php\/wp-json\/wp\/v2\/media?parent=731428"}],"wp:term":[{"taxonomy":"product_brand","embeddable":true,"href":"https:\/\/roveyayinevi.com.tr\/index.php\/wp-json\/wp\/v2\/product_brand?post=731428"},{"taxonomy":"product_cat","embeddable":true,"href":"https:\/\/roveyayinevi.com.tr\/index.php\/wp-json\/wp\/v2\/product_cat?post=731428"},{"taxonomy":"product_tag","embeddable":true,"href":"https:\/\/roveyayinevi.com.tr\/index.php\/wp-json\/wp\/v2\/product_tag?post=731428"}],"curies":[{"name":"wp","href":"https:\/\/api.w.org\/{rel}","templated":true}]}}