{"id":731427,"date":"2025-08-27T21:31:25","date_gmt":"2025-08-27T18:31:25","guid":{"rendered":"https:\/\/roveyayinevi.com.tr\/index.php\/urun\/felsefi-dusunce-seti-8-kitap\/"},"modified":"2026-04-16T02:39:09","modified_gmt":"2026-04-15T23:39:09","slug":"felsefi-dusunce-seti-8-kitap","status":"publish","type":"product","link":"https:\/\/roveyayinevi.com.tr\/index.php\/urun\/felsefi-dusunce-seti-8-kitap\/","title":{"rendered":"Felsefi D\u00fc\u015f\u00fcnce Seti (8 Kitap)"},"content":{"rendered":"<p>Setimiz 8 Kitaptan olu\u015fmaktad\u0131r.Y\u00fczle\u015fme, Aykut G\u00fcnayd\u0131n (Felsefi Roman)\u00d6tanazi, Aykut G\u00fcnayd\u0131n (Felsefi -Psikolojik- Roman)Heyula, Zeki Marako\u011flu (Felsefi -Psikolojik- Roman)D\u00f6n\u00fc\u015f\u00fcm, Franz Kafka (Felsefi D\u00fc\u015f\u00fcnce)Aykan, \u00dcmit Da\u011fc\u0131 (Fantastik -Felsefi- \u00d6yk\u00fc)Hermes, \u00dcmit Da\u011fc\u0131 (Tiyatro, Mitoloji, Felsefi)Kutsal \u00c7apa, \u00dcmit Da\u011fc\u0131 (Tiyatro, Mitoloji, Felsefi)Bonz, Kinyas OZ (Yeralt\u0131 Edebiyat\u0131)<\/p>\n","protected":false},"excerpt":{"rendered":"<p>Setimiz 8 Kitaptan olu\u015fmaktad\u0131r.Y\u00fczle\u015fme, Aykut G\u00fcnayd\u0131n (Felsefi Roman)\u00d6tanazi, Aykut G\u00fcnayd\u0131n (Felsefi -Psikolojik- Roman)Heyula, Zeki Marako\u011flu (Felsefi -Psikolojik- Roman)D\u00f6n\u00fc\u015f\u00fcm, Franz Kafka (Felsefi D\u00fc\u015f\u00fcnce)Aykan, \u00dcmit Da\u011fc\u0131 (Fantastik -Felsefi-<span class=\"excerpt-hellip\"> [\u2026]<\/span><\/p>\n","protected":false},"featured_media":0,"template":"","meta":{"_monsterinsights_skip_tracking":false,"_monsterinsights_sitenote_active":false,"_monsterinsights_sitenote_note":"","_monsterinsights_sitenote_category":0},"product_brand":[],"product_cat":[20351,12388],"product_tag":[],"class_list":{"0":"post-731427","1":"product","2":"type-product","3":"status-publish","5":"product_cat-dusunce","6":"product_cat-felsefe","7":"pa_cilt-set","8":"pa_tur-kitap","9":"pa_yayinevi-vaveyla-yayincilik","10":"pa_yazar-vaveyla-yayincilik-kolektif","12":"first","13":"instock","14":"sale","15":"shipping-taxable","16":"purchasable","17":"product-type-simple"},"_links":{"self":[{"href":"https:\/\/roveyayinevi.com.tr\/index.php\/wp-json\/wp\/v2\/product\/731427","targetHints":{"allow":["GET"]}}],"collection":[{"href":"https:\/\/roveyayinevi.com.tr\/index.php\/wp-json\/wp\/v2\/product"}],"about":[{"href":"https:\/\/roveyayinevi.com.tr\/index.php\/wp-json\/wp\/v2\/types\/product"}],"wp:attachment":[{"href":"https:\/\/roveyayinevi.com.tr\/index.php\/wp-json\/wp\/v2\/media?parent=731427"}],"wp:term":[{"taxonomy":"product_brand","embeddable":true,"href":"https:\/\/roveyayinevi.com.tr\/index.php\/wp-json\/wp\/v2\/product_brand?post=731427"},{"taxonomy":"product_cat","embeddable":true,"href":"https:\/\/roveyayinevi.com.tr\/index.php\/wp-json\/wp\/v2\/product_cat?post=731427"},{"taxonomy":"product_tag","embeddable":true,"href":"https:\/\/roveyayinevi.com.tr\/index.php\/wp-json\/wp\/v2\/product_tag?post=731427"}],"curies":[{"name":"wp","href":"https:\/\/api.w.org\/{rel}","templated":true}]}}