{"id":731425,"date":"2025-08-27T21:31:24","date_gmt":"2025-08-27T18:31:24","guid":{"rendered":"https:\/\/roveyayinevi.com.tr\/index.php\/urun\/aykut-gunaydin-4-kitap-seti\/"},"modified":"2026-04-16T02:39:09","modified_gmt":"2026-04-15T23:39:09","slug":"aykut-gunaydin-4-kitap-seti","status":"publish","type":"product","link":"https:\/\/roveyayinevi.com.tr\/index.php\/urun\/aykut-gunaydin-4-kitap-seti\/","title":{"rendered":"Aykut G\u00fcnayd\u0131n 4 Kitap Seti"},"content":{"rendered":"<p>Setimiz, Aykut G\u00fcnayd\u0131n\u2019\u0131n yazm\u0131\u015f oldu\u011fu 4 kitaptan olu\u015fmaktad\u0131r.\u201cP\u00e2ye\u201d Sosyal Roman\u201c\u00d6tanazi\u201d Felsefi (Psikolojik) Roman\u201cY\u00fczle\u015fme\u201d Felsefi (Psikolojik) Roman\u201cPranga\u201d Psikolojik (A\u015fk, Aile) Roman<\/p>\n","protected":false},"excerpt":{"rendered":"<p>Setimiz, Aykut G\u00fcnayd\u0131n\u2019\u0131n yazm\u0131\u015f oldu\u011fu 4 kitaptan olu\u015fmaktad\u0131r.\u201cP\u00e2ye\u201d Sosyal Roman\u201c\u00d6tanazi\u201d Felsefi (Psikolojik) Roman\u201cY\u00fczle\u015fme\u201d Felsefi (Psikolojik) Roman\u201cPranga\u201d Psikolojik (A\u015fk, Aile) Roman<\/p>\n","protected":false},"featured_media":0,"template":"","meta":{"_monsterinsights_skip_tracking":false,"_monsterinsights_sitenote_active":false,"_monsterinsights_sitenote_note":"","_monsterinsights_sitenote_category":0},"product_brand":[],"product_cat":[20351,12388],"product_tag":[],"class_list":{"0":"post-731425","1":"product","2":"type-product","3":"status-publish","5":"product_cat-dusunce","6":"product_cat-felsefe","7":"pa_cilt-set","8":"pa_tur-kitap","9":"pa_yayinevi-vaveyla-yayincilik","10":"pa_yazar-aykut-gunaydin","12":"first","13":"instock","14":"sale","15":"shipping-taxable","16":"purchasable","17":"product-type-simple"},"_links":{"self":[{"href":"https:\/\/roveyayinevi.com.tr\/index.php\/wp-json\/wp\/v2\/product\/731425","targetHints":{"allow":["GET"]}}],"collection":[{"href":"https:\/\/roveyayinevi.com.tr\/index.php\/wp-json\/wp\/v2\/product"}],"about":[{"href":"https:\/\/roveyayinevi.com.tr\/index.php\/wp-json\/wp\/v2\/types\/product"}],"wp:attachment":[{"href":"https:\/\/roveyayinevi.com.tr\/index.php\/wp-json\/wp\/v2\/media?parent=731425"}],"wp:term":[{"taxonomy":"product_brand","embeddable":true,"href":"https:\/\/roveyayinevi.com.tr\/index.php\/wp-json\/wp\/v2\/product_brand?post=731425"},{"taxonomy":"product_cat","embeddable":true,"href":"https:\/\/roveyayinevi.com.tr\/index.php\/wp-json\/wp\/v2\/product_cat?post=731425"},{"taxonomy":"product_tag","embeddable":true,"href":"https:\/\/roveyayinevi.com.tr\/index.php\/wp-json\/wp\/v2\/product_tag?post=731425"}],"curies":[{"name":"wp","href":"https:\/\/api.w.org\/{rel}","templated":true}]}}