{"id":731424,"date":"2025-08-27T21:31:23","date_gmt":"2025-08-27T18:31:23","guid":{"rendered":"https:\/\/roveyayinevi.com.tr\/index.php\/urun\/umit-dagci-7-kitap-seti\/"},"modified":"2026-04-16T02:39:09","modified_gmt":"2026-04-15T23:39:09","slug":"umit-dagci-7-kitap-seti","status":"publish","type":"product","link":"https:\/\/roveyayinevi.com.tr\/index.php\/urun\/umit-dagci-7-kitap-seti\/","title":{"rendered":"\u00dcmit Da\u011fc\u0131 7 Kitap Seti"},"content":{"rendered":"<p>Setimiz, \u00dcmit Da\u011fc\u0131\u2019n\u0131n yazm\u0131\u015f oldu\u011fu 7 kitaptan olu\u015fmaktad\u0131r.\u201cAtapusat Ailesi\u201d Sosyal (Macera) Roman\u201c\u0130lk ve Son \u2018Yarat\u0131l\u0131\u015f\u2019\u201d Fantastik (Mitolojik) Roman\u201cBir Ankara Hik\u00e2yesi \u2018G\u00f6lge\u2019\u201d Macera (Biyografik) Roman\u201cYanaNcak\u201d Sosyal (A\u015fk, Aile) Roman\u201cBirli Ya\u015fam\u201d Sosyal (Biyografik) Roman\u201cBabaya ve Mektuplar\u0131m\u201d Mektuplar\u201cAykan\u201d Fantastik (Mitolojik) \u00d6yk\u00fc<\/p>\n","protected":false},"excerpt":{"rendered":"<p>Setimiz, \u00dcmit Da\u011fc\u0131\u2019n\u0131n yazm\u0131\u015f oldu\u011fu 7 kitaptan olu\u015fmaktad\u0131r.\u201cAtapusat Ailesi\u201d Sosyal (Macera) Roman\u201c\u0130lk ve Son \u2018Yarat\u0131l\u0131\u015f\u2019\u201d Fantastik (Mitolojik) Roman\u201cBir Ankara Hik\u00e2yesi \u2018G\u00f6lge\u2019\u201d Macera (Biyografik) Roman\u201cYanaNcak\u201d Sosyal (A\u015fk,<span class=\"excerpt-hellip\"> [\u2026]<\/span><\/p>\n","protected":false},"featured_media":0,"template":"","meta":{"_monsterinsights_skip_tracking":false,"_monsterinsights_sitenote_active":false,"_monsterinsights_sitenote_note":"","_monsterinsights_sitenote_category":0},"product_brand":[],"product_cat":[20351,12388],"product_tag":[],"class_list":{"0":"post-731424","1":"product","2":"type-product","3":"status-publish","5":"product_cat-dusunce","6":"product_cat-felsefe","7":"pa_cilt-set","8":"pa_tur-kitap","9":"pa_yayinevi-vaveyla-yayincilik","10":"pa_yazar-umit-dagci","12":"first","13":"instock","14":"sale","15":"shipping-taxable","16":"purchasable","17":"product-type-simple"},"_links":{"self":[{"href":"https:\/\/roveyayinevi.com.tr\/index.php\/wp-json\/wp\/v2\/product\/731424","targetHints":{"allow":["GET"]}}],"collection":[{"href":"https:\/\/roveyayinevi.com.tr\/index.php\/wp-json\/wp\/v2\/product"}],"about":[{"href":"https:\/\/roveyayinevi.com.tr\/index.php\/wp-json\/wp\/v2\/types\/product"}],"wp:attachment":[{"href":"https:\/\/roveyayinevi.com.tr\/index.php\/wp-json\/wp\/v2\/media?parent=731424"}],"wp:term":[{"taxonomy":"product_brand","embeddable":true,"href":"https:\/\/roveyayinevi.com.tr\/index.php\/wp-json\/wp\/v2\/product_brand?post=731424"},{"taxonomy":"product_cat","embeddable":true,"href":"https:\/\/roveyayinevi.com.tr\/index.php\/wp-json\/wp\/v2\/product_cat?post=731424"},{"taxonomy":"product_tag","embeddable":true,"href":"https:\/\/roveyayinevi.com.tr\/index.php\/wp-json\/wp\/v2\/product_tag?post=731424"}],"curies":[{"name":"wp","href":"https:\/\/api.w.org\/{rel}","templated":true}]}}