{"id":731421,"date":"2025-08-27T21:31:20","date_gmt":"2025-08-27T18:31:20","guid":{"rendered":"https:\/\/roveyayinevi.com.tr\/index.php\/urun\/yaraticilik\/"},"modified":"2026-04-16T02:39:09","modified_gmt":"2026-04-15T23:39:09","slug":"yaraticilik","status":"publish","type":"product","link":"https:\/\/roveyayinevi.com.tr\/index.php\/urun\/yaraticilik\/","title":{"rendered":"Yarat\u0131c\u0131l\u0131k"},"content":{"rendered":"<p>Yirminci y\u00fczy\u0131l\u0131n en b\u00fcy\u00fck spirit\u00fcel \u00f6\u011fretmenlerinden biri olan Osho taraf\u0131ndan yaz\u0131lm\u0131\u015f olan bu eser, i\u00e7sel fikirlerinizi ve yarat\u0131c\u0131l\u0131\u011f\u0131n\u0131z\u0131 beslemeniz i\u00e7in size ilham verecek ve bunlar\u0131 hayat\u0131n\u0131z\u0131n her alan\u0131nda uygulayabileceksiniz.Osho\u2019nun bu kitab\u0131n \u00f6ns\u00f6z\u00fcnde belirtti\u011fi gibi, tarihsel olarak, yarat\u0131c\u0131 ki\u015fi neredeyse her zaman topluma kar\u015f\u0131 isyan etmeye zorlanm\u0131\u015ft\u0131r.Ancak g\u00fcn\u00fcm\u00fczde durum \u00e7arp\u0131c\u0131 bir bi\u00e7imde de\u011fi\u015fmi\u015ftir. G\u00fcn\u00fcm\u00fcz d\u00fcnyas\u0131nda, kurumsal CEO\u2019lardan okul \u00e7a\u011f\u0131nda \u00e7ocu\u011fu olan me\u015fgul annelere kadar herkesten, yeni zorluklara yarat\u0131c\u0131 bir \u015fekilde yan\u0131t verme yetene\u011fi talep edilmektedir. Hayatla ba\u015fa \u00e7\u0131kmak i\u00e7in alet \u00e7antas\u0131nda sadece ge\u00e7mi\u015fte ebeveynlerinden ve \u00f6\u011fretmenlerinden \u00f6\u011frendiklerini ta\u015f\u0131yanlar, hem ili\u015fkilerinde hem de kariyerlerinde b\u00fcy\u00fck bir dezavantaja sahiptir. Taklit\u00e7i ve kurallara-ba\u011fl\u0131 davran\u0131\u015ftan uzakla\u015f\u0131p yarat\u0131c\u0131 yenilik ve esnekli\u011fe ge\u00e7i\u015f yapmak i\u00e7in, kendimiz ve yeteneklerimiz hakk\u0131ndaki tutumlar\u0131m\u0131zda derin bir de\u011fi\u015fiklik gerekmektedir.Bu kitap, hayatlar\u0131na daha fazla yarat\u0131c\u0131l\u0131k, oyun ve esneklik getirme ihtiyac\u0131n\u0131 anlayanlar i\u00e7in bir el kitab\u0131d\u0131r. Okuyucuya, kal\u0131plar\u0131n d\u0131\u015f\u0131nda d\u00fc\u015f\u00fcnmeyi ve ayn\u0131 zamanda orada ya\u015famay\u0131 \u00f6\u011freten bir k\u0131lavuzdur.<\/p>\n","protected":false},"excerpt":{"rendered":"<p>Yirminci y\u00fczy\u0131l\u0131n en b\u00fcy\u00fck spirit\u00fcel \u00f6\u011fretmenlerinden biri olan Osho taraf\u0131ndan yaz\u0131lm\u0131\u015f olan bu eser, i\u00e7sel fikirlerinizi ve yarat\u0131c\u0131l\u0131\u011f\u0131n\u0131z\u0131 beslemeniz i\u00e7in size ilham verecek ve bunlar\u0131 hayat\u0131n\u0131z\u0131n<span class=\"excerpt-hellip\"> [\u2026]<\/span><\/p>\n","protected":false},"featured_media":0,"template":"","meta":{"_monsterinsights_skip_tracking":false,"_monsterinsights_sitenote_active":false,"_monsterinsights_sitenote_note":"","_monsterinsights_sitenote_category":0},"product_brand":[],"product_cat":[12364,12376],"product_tag":[],"class_list":{"0":"post-731421","1":"product","2":"type-product","3":"status-publish","5":"product_cat-genel-konular","6":"product_cat-kisisel-gelisim","7":"pa_cilt-ciltsiz","8":"pa_tur-kitap","9":"pa_yayinevi-butik-yayinlari","10":"pa_yazar-osho","12":"first","13":"instock","14":"sale","15":"shipping-taxable","16":"purchasable","17":"product-type-simple"},"_links":{"self":[{"href":"https:\/\/roveyayinevi.com.tr\/index.php\/wp-json\/wp\/v2\/product\/731421","targetHints":{"allow":["GET"]}}],"collection":[{"href":"https:\/\/roveyayinevi.com.tr\/index.php\/wp-json\/wp\/v2\/product"}],"about":[{"href":"https:\/\/roveyayinevi.com.tr\/index.php\/wp-json\/wp\/v2\/types\/product"}],"wp:attachment":[{"href":"https:\/\/roveyayinevi.com.tr\/index.php\/wp-json\/wp\/v2\/media?parent=731421"}],"wp:term":[{"taxonomy":"product_brand","embeddable":true,"href":"https:\/\/roveyayinevi.com.tr\/index.php\/wp-json\/wp\/v2\/product_brand?post=731421"},{"taxonomy":"product_cat","embeddable":true,"href":"https:\/\/roveyayinevi.com.tr\/index.php\/wp-json\/wp\/v2\/product_cat?post=731421"},{"taxonomy":"product_tag","embeddable":true,"href":"https:\/\/roveyayinevi.com.tr\/index.php\/wp-json\/wp\/v2\/product_tag?post=731421"}],"curies":[{"name":"wp","href":"https:\/\/api.w.org\/{rel}","templated":true}]}}