{"id":731420,"date":"2025-08-27T21:31:20","date_gmt":"2025-08-27T18:31:20","guid":{"rendered":"https:\/\/roveyayinevi.com.tr\/index.php\/urun\/uyanisa-uc-adim\/"},"modified":"2026-04-16T02:39:09","modified_gmt":"2026-04-15T23:39:09","slug":"uyanisa-uc-adim","status":"publish","type":"product","link":"https:\/\/roveyayinevi.com.tr\/index.php\/urun\/uyanisa-uc-adim\/","title":{"rendered":"Uyan\u0131\u015fa \u00dc\u00e7 Ad\u0131m"},"content":{"rendered":"<p>Her insan\u0131n i\u00e7inde en az \u00fc\u00e7 ki\u015filik vard\u0131r. \u0130lki ger\u00e7ekte oldu\u011fu, ama fark\u0131nda olmad\u0131\u011f\u0131d\u0131r. \u0130kincisi oldu\u011funu d\u00fc\u015f\u00fcnd\u00fc\u011f\u00fcd\u00fcr. \u00dc\u00e7\u00fcnc\u00fcs\u00fc ise insanlara yans\u0131tmak istedi\u011fidir. Ger\u00e7ek insan ger\u00e7ekte kim oldu\u011fundur. Sen \u00e7ok m\u00fctevaz\u0131 oldu\u011funu d\u00fc\u015f\u00fcn\u00fcrs\u00fcn ama i\u00e7in egoyla doludur. \u0130nsanlara s\u00fcrekli hizmet eden bir insan oldu\u011funu d\u00fc\u015f\u00fcn\u00fcyorsundur ama i\u00e7ten i\u00e7e herkesin sana hizmet etmesini istiyorsundur. Sen ger\u00e7ekten de oldu\u011funu anlad\u0131\u011f\u0131n insan m\u0131s\u0131n? E\u011fer oldu\u011funu d\u00fc\u015f\u00fcnd\u00fc\u011f\u00fcn ki\u015fide tak\u0131l\u0131p kal\u0131rsan ger\u00e7ek i\u00e7sel benli\u011fini asla bilemeyeceksin.Bir g\u00fcn uyanmak zorunda kalacaks\u0131n. Uyku sonsuza dek s\u00fcremez ve uyku ebedi bir dinlenme hali olamaz, karanl\u0131k nihai hakikat deneyimi olamaz. Er ya da ge\u00e7 uyanmak zorunda kalacaks\u0131n her \u015fey sana ba\u011fl\u0131. Ama uyand\u0131\u011f\u0131n zaman daha \u00f6nce uyanmad\u0131\u011f\u0131n i\u00e7in pi\u015fmanl\u0131k duyacaks\u0131n elini uzatman yeterliydi, sana \u00f6yle yak\u0131nd\u0131 ki.G\u00f6rebilen insan d\u00fc\u015f\u00fcnmez. Sadece g\u00f6remeyen insan d\u00fc\u015f\u00fcn\u00fcr. D\u00fc\u015f\u00fcnmek bir cehalet g\u00f6stergesidir; bilgi g\u00f6stergesi de\u011fil. Ne kadar \u00e7ok d\u00fc\u015f\u00fcn\u00fcrsen o kadar cahil oldu\u011funu unutma. Bildi\u011fin zaman d\u00fc\u015f\u00fcnceler kaybolur.<\/p>\n","protected":false},"excerpt":{"rendered":"<p>Her insan\u0131n i\u00e7inde en az \u00fc\u00e7 ki\u015filik vard\u0131r. \u0130lki ger\u00e7ekte oldu\u011fu, ama fark\u0131nda olmad\u0131\u011f\u0131d\u0131r. \u0130kincisi oldu\u011funu d\u00fc\u015f\u00fcnd\u00fc\u011f\u00fcd\u00fcr. \u00dc\u00e7\u00fcnc\u00fcs\u00fc ise insanlara yans\u0131tmak istedi\u011fidir. Ger\u00e7ek insan ger\u00e7ekte kim<span class=\"excerpt-hellip\"> [\u2026]<\/span><\/p>\n","protected":false},"featured_media":0,"template":"","meta":{"_monsterinsights_skip_tracking":false,"_monsterinsights_sitenote_active":false,"_monsterinsights_sitenote_note":"","_monsterinsights_sitenote_category":0},"product_brand":[],"product_cat":[12364,12376],"product_tag":[],"class_list":{"0":"post-731420","1":"product","2":"type-product","3":"status-publish","5":"product_cat-genel-konular","6":"product_cat-kisisel-gelisim","7":"pa_cilt-ciltsiz","8":"pa_tur-kitap","9":"pa_yayinevi-butik-yayinlari","10":"pa_yazar-osho","12":"first","13":"instock","14":"sale","15":"shipping-taxable","16":"purchasable","17":"product-type-simple"},"_links":{"self":[{"href":"https:\/\/roveyayinevi.com.tr\/index.php\/wp-json\/wp\/v2\/product\/731420","targetHints":{"allow":["GET"]}}],"collection":[{"href":"https:\/\/roveyayinevi.com.tr\/index.php\/wp-json\/wp\/v2\/product"}],"about":[{"href":"https:\/\/roveyayinevi.com.tr\/index.php\/wp-json\/wp\/v2\/types\/product"}],"wp:attachment":[{"href":"https:\/\/roveyayinevi.com.tr\/index.php\/wp-json\/wp\/v2\/media?parent=731420"}],"wp:term":[{"taxonomy":"product_brand","embeddable":true,"href":"https:\/\/roveyayinevi.com.tr\/index.php\/wp-json\/wp\/v2\/product_brand?post=731420"},{"taxonomy":"product_cat","embeddable":true,"href":"https:\/\/roveyayinevi.com.tr\/index.php\/wp-json\/wp\/v2\/product_cat?post=731420"},{"taxonomy":"product_tag","embeddable":true,"href":"https:\/\/roveyayinevi.com.tr\/index.php\/wp-json\/wp\/v2\/product_tag?post=731420"}],"curies":[{"name":"wp","href":"https:\/\/api.w.org\/{rel}","templated":true}]}}