{"id":731418,"date":"2025-08-27T21:31:18","date_gmt":"2025-08-27T18:31:18","guid":{"rendered":"https:\/\/roveyayinevi.com.tr\/index.php\/urun\/sezgi-2\/"},"modified":"2026-04-16T02:39:09","modified_gmt":"2026-04-15T23:39:09","slug":"sezgi-2","status":"publish","type":"product","link":"https:\/\/roveyayinevi.com.tr\/index.php\/urun\/sezgi-2\/","title":{"rendered":"Sezgi"},"content":{"rendered":"<p>Bu kitapta yirminci y\u00fczy\u0131l\u0131n en b\u00fcy\u00fck spirit\u00fcel \u00f6\u011fretmenlerinden biri olan Osho\u2019dan sezgiyi \u00f6\u011frenecek, mant\u0131\u011f\u0131n \u00f6tesindeki derin bilgeli\u011finizi ke\u015ffedeceksiniz.Sezgi bilimsel olarak a\u00e7\u0131klanamaz \u00e7\u00fcnk\u00fc akl\u0131n \u00f6tesinde bir \u015feydir. Akl\u0131n ula\u015famam\u0131\u015f oldu\u011fu bir noktadan gelir.Sezgi, d\u00fc\u015f\u00fcnsel, mant\u0131ksal zihin ile daha kapsaml\u0131 olan spirit\u00fcel \u00e2lem aras\u0131ndaki farkla ilgileniyor. Mant\u0131k, zihnin ger\u00e7ekli\u011fi nas\u0131l bildi\u011fidir, sezgi ise ruhun ger\u00e7ekli\u011fi nas\u0131l deneyimledi\u011fidir. Osho\u2019nun bu konularla ilgili arg\u00fcmanlar\u0131 son derece anla\u015f\u0131l\u0131r, ara s\u0131ra komik ve tamamen s\u00fcr\u00fckleyicidir.T\u00fcm insanlar do\u011fal bir sezgi yetisine sahiptir, ancak sosyal ko\u015fullanmalar ve e\u011fitim sistemleri sezgiye kar\u015f\u0131 \u00e7al\u0131\u015f\u0131yor. \u0130nsana sezgiyi g\u00f6rmezden gelmesi \u00f6\u011fretiliyor; i\u00e7g\u00fcd\u00fclerini anlamas\u0131 ve onlar\u0131 bireysel b\u00fcy\u00fcme ve geli\u015fmede bir temel olarak kullanmas\u0131 \u00f6\u011fretilmiyor ve bu s\u00fcre\u00e7te sezgiye d\u00f6n\u00fc\u015fmesi gereken do\u011fu\u015ftan bilgeli\u011finin k\u00f6k\u00fc kurutulmu\u015f oluyor.Bu kitapta Osho, sezginin tam olarak ne oldu\u011funu tespit ediyor ve sezginin ba\u015fkalar\u0131ndaki ve kendimizdeki i\u015fleyi\u015fini nas\u0131l belirleyece\u011fimize dair y\u00f6nergeler veriyor. \u00c7al\u0131\u015fmada, ger\u00e7ek sezgisel i\u00e7g\u00f6r\u00fc ile, s\u0131kl\u0131kla yanl\u0131\u015f se\u00e7imlere ve istenmeyen sonu\u00e7lara yol a\u00e7abilen \u201ch\u00fcsn\u00fckuruntu\u201d aras\u0131nda ayr\u0131m yapmay\u0131 \u00f6\u011freneceksiniz. Kitap, her bireyin do\u011fu\u015ftan sezgisel yetilerini beslemek ve desteklemek \u00fczere tasarlanm\u0131\u015f bir\u00e7ok \u00f6zel egzersiz ve meditasyon da i\u00e7eriyor.Osho, hayat\u0131 t\u00fcm zenginlikleriyle ya\u015fama kapasitemizi s\u0131n\u0131rlayan ko\u015fullu inan\u00e7 sistemlerini ve \u00f6nyarg\u0131lar\u0131 incelememiz ve onlardan \u00f6zg\u00fcrle\u015fmemiz i\u00e7in bizi zorluyor.<\/p>\n","protected":false},"excerpt":{"rendered":"<p>Bu kitapta yirminci y\u00fczy\u0131l\u0131n en b\u00fcy\u00fck spirit\u00fcel \u00f6\u011fretmenlerinden biri olan Osho\u2019dan sezgiyi \u00f6\u011frenecek, mant\u0131\u011f\u0131n \u00f6tesindeki derin bilgeli\u011finizi ke\u015ffedeceksiniz.Sezgi bilimsel olarak a\u00e7\u0131klanamaz \u00e7\u00fcnk\u00fc akl\u0131n \u00f6tesinde bir \u015feydir.<span class=\"excerpt-hellip\"> [\u2026]<\/span><\/p>\n","protected":false},"featured_media":0,"template":"","meta":{"_monsterinsights_skip_tracking":false,"_monsterinsights_sitenote_active":false,"_monsterinsights_sitenote_note":"","_monsterinsights_sitenote_category":0},"product_brand":[],"product_cat":[12364,12376],"product_tag":[],"class_list":{"0":"post-731418","1":"product","2":"type-product","3":"status-publish","5":"product_cat-genel-konular","6":"product_cat-kisisel-gelisim","7":"pa_cilt-ciltsiz","8":"pa_tur-kitap","9":"pa_yayinevi-butik-yayinlari","10":"pa_yazar-osho","12":"first","13":"instock","14":"sale","15":"shipping-taxable","16":"purchasable","17":"product-type-simple"},"_links":{"self":[{"href":"https:\/\/roveyayinevi.com.tr\/index.php\/wp-json\/wp\/v2\/product\/731418","targetHints":{"allow":["GET"]}}],"collection":[{"href":"https:\/\/roveyayinevi.com.tr\/index.php\/wp-json\/wp\/v2\/product"}],"about":[{"href":"https:\/\/roveyayinevi.com.tr\/index.php\/wp-json\/wp\/v2\/types\/product"}],"wp:attachment":[{"href":"https:\/\/roveyayinevi.com.tr\/index.php\/wp-json\/wp\/v2\/media?parent=731418"}],"wp:term":[{"taxonomy":"product_brand","embeddable":true,"href":"https:\/\/roveyayinevi.com.tr\/index.php\/wp-json\/wp\/v2\/product_brand?post=731418"},{"taxonomy":"product_cat","embeddable":true,"href":"https:\/\/roveyayinevi.com.tr\/index.php\/wp-json\/wp\/v2\/product_cat?post=731418"},{"taxonomy":"product_tag","embeddable":true,"href":"https:\/\/roveyayinevi.com.tr\/index.php\/wp-json\/wp\/v2\/product_tag?post=731418"}],"curies":[{"name":"wp","href":"https:\/\/api.w.org\/{rel}","templated":true}]}}