{"id":731416,"date":"2025-08-27T21:31:16","date_gmt":"2025-08-27T18:31:16","guid":{"rendered":"https:\/\/roveyayinevi.com.tr\/index.php\/urun\/mukemmel-olmamanin-hediyeleri\/"},"modified":"2026-04-16T02:39:09","modified_gmt":"2026-04-15T23:39:09","slug":"mukemmel-olmamanin-hediyeleri","status":"publish","type":"product","link":"https:\/\/roveyayinevi.com.tr\/index.php\/urun\/mukemmel-olmamanin-hediyeleri\/","title":{"rendered":"M\u00fckemmel Olmaman\u0131n Hediyeleri"},"content":{"rendered":"<p>Asla yeterince iyi de\u011filim. \u0130nsanlar ne d\u00fc\u015f\u00fcnecek? Herkes bana bak\u0131yor, sakin olmal\u0131y\u0131m. Komik g\u00f6r\u00fcn\u00fcyorum! Kendimi toparlamam laz\u0131m. Eyvah rezil oldum, \u015fimdi ne yapaca\u011f\u0131m? d\u00fc\u015f\u00fcnceleri size tan\u0131d\u0131k geliyor mu ? Tabii ki geliyor \u00e7\u00fcnk\u00fc hepimizde olan d\u00fc\u015f\u00fcnceler. Hik\u00e2yemize sahip \u00e7\u0131kmam\u0131z zor olabilir ama bu, hayatlar\u0131m\u0131z\u0131 ondan ka\u00e7arak ge\u00e7irmek kadar zor de\u011fildir. Savunmas\u0131zl\u0131klar\u0131m\u0131z\u0131 kucaklamam\u0131z tehlikelidir ama sevgi ve keyiften vazge\u00e7mek kadar tehlikeli de\u011fildir. Hangisi daha risklidir? \u0130nsanlar\u0131n ne d\u00fc\u015f\u00fcnd\u00fc\u011f\u00fcn\u00fc b\u0131rakmak m\u0131, yoksa ger\u00e7ekten nas\u0131l hissetti\u011fimizi, neye inand\u0131\u011f\u0131m\u0131z\u0131 ve kim oldu\u011fumu b\u0131rakmak m\u0131? B\u00fct\u00fcn kalbimizle, kendimize d\u00fcr\u00fcst olarak ya\u015famak hayatlar\u0131m\u0131za inan\u0131lmaz bir de\u011fer katar. Sabah uyanmak ve ne halledilmemi\u015f ve ne kadar\u0131 tamamlanmam\u0131\u015f olursa olsun, ben yeterliyim diye d\u00fc\u015f\u00fcnmek ne kadar rahatlat\u0131c\u0131d\u0131r. Gece yata\u011fa, evet hatalar\u0131m var ve bazen de korkuyorum ama bu benim \u00f6z\u00fcmde iyi kalpli bir insan oldu\u011fum ger\u00e7e\u011fini de\u011fi\u015ftirmez diye d\u00fc\u015f\u00fcnerek girmemiz gerekir.<\/p>\n","protected":false},"excerpt":{"rendered":"<p>Asla yeterince iyi de\u011filim. \u0130nsanlar ne d\u00fc\u015f\u00fcnecek? Herkes bana bak\u0131yor, sakin olmal\u0131y\u0131m. Komik g\u00f6r\u00fcn\u00fcyorum! Kendimi toparlamam laz\u0131m. Eyvah rezil oldum, \u015fimdi ne yapaca\u011f\u0131m? d\u00fc\u015f\u00fcnceleri size tan\u0131d\u0131k<span class=\"excerpt-hellip\"> [\u2026]<\/span><\/p>\n","protected":false},"featured_media":0,"template":"","meta":{"_monsterinsights_skip_tracking":false,"_monsterinsights_sitenote_active":false,"_monsterinsights_sitenote_note":"","_monsterinsights_sitenote_category":0},"product_brand":[],"product_cat":[12364,12376],"product_tag":[],"class_list":{"0":"post-731416","1":"product","2":"type-product","3":"status-publish","5":"product_cat-genel-konular","6":"product_cat-kisisel-gelisim","7":"pa_cilt-ciltsiz","8":"pa_tur-kitap","9":"pa_yayinevi-butik-yayinlari","10":"pa_yazar-brene-brown","12":"first","13":"instock","14":"sale","15":"shipping-taxable","16":"purchasable","17":"product-type-simple"},"_links":{"self":[{"href":"https:\/\/roveyayinevi.com.tr\/index.php\/wp-json\/wp\/v2\/product\/731416","targetHints":{"allow":["GET"]}}],"collection":[{"href":"https:\/\/roveyayinevi.com.tr\/index.php\/wp-json\/wp\/v2\/product"}],"about":[{"href":"https:\/\/roveyayinevi.com.tr\/index.php\/wp-json\/wp\/v2\/types\/product"}],"wp:attachment":[{"href":"https:\/\/roveyayinevi.com.tr\/index.php\/wp-json\/wp\/v2\/media?parent=731416"}],"wp:term":[{"taxonomy":"product_brand","embeddable":true,"href":"https:\/\/roveyayinevi.com.tr\/index.php\/wp-json\/wp\/v2\/product_brand?post=731416"},{"taxonomy":"product_cat","embeddable":true,"href":"https:\/\/roveyayinevi.com.tr\/index.php\/wp-json\/wp\/v2\/product_cat?post=731416"},{"taxonomy":"product_tag","embeddable":true,"href":"https:\/\/roveyayinevi.com.tr\/index.php\/wp-json\/wp\/v2\/product_tag?post=731416"}],"curies":[{"name":"wp","href":"https:\/\/api.w.org\/{rel}","templated":true}]}}