{"id":731415,"date":"2025-08-27T21:31:15","date_gmt":"2025-08-27T18:31:15","guid":{"rendered":"https:\/\/roveyayinevi.com.tr\/index.php\/urun\/veda-opucugu\/"},"modified":"2026-04-16T02:39:09","modified_gmt":"2026-04-15T23:39:09","slug":"veda-opucugu","status":"publish","type":"product","link":"https:\/\/roveyayinevi.com.tr\/index.php\/urun\/veda-opucugu\/","title":{"rendered":"Veda \u00d6p\u00fcc\u00fc\u011f\u00fc"},"content":{"rendered":"<p>\u00d6nce insan olmas\u0131n\u0131 istedi\u011fimiz \u00e7ocuklar\u0131m\u0131za&#8230;Avucundaki \u00d6p\u00fcc\u00fck ve onu izleyen Bir Cep Dolusu \u00d6p\u00fcc\u00fck adl\u0131 kitaplardan okurlar\u0131n iyi tan\u0131d\u0131klar\u0131 ve sevdikleri Minik Rakun bir s\u00fcr\u00fc \u00e7ocu\u011fun ya\u015fam\u0131nda ortak olan bir ba\u015fka ikilemle kar\u015f\u0131 kar\u015f\u0131ya kal\u0131r: Ailesiyle birlikte ta\u015f\u0131nmas\u0131 gerekir.Orman\u0131n ya\u015fad\u0131klar\u0131 b\u00f6lgesi kesilecektir ve Anne Rakun yeni bir ev bulmak zorunda kalm\u0131\u015ft\u0131r. Minik Rakun kolayca anla\u015f\u0131labilece\u011fi gibi hem \u00fczg\u00fcnd\u00fcr hem de bu ta\u015f\u0131nman\u0131ngetirebileceklerinden korkmaktad\u0131r. Ama yeni a\u011fac\u0131n pek de k\u00f6t\u00fc olmad\u0131\u011f\u0131n\u0131 fark eder. Daha da \u00f6nemlisi, tam da annesinin s\u00f6yledi\u011fi gibi, ta\u015f\u0131nma yeni evinde bulabilece\u011fi beklenmedik bir ho\u015flu\u011fu da beraberinde getirmi\u015ftir: yeni bir oyun arkada\u015f\u0131!<\/p>\n","protected":false},"excerpt":{"rendered":"<p>\u00d6nce insan olmas\u0131n\u0131 istedi\u011fimiz \u00e7ocuklar\u0131m\u0131za&#8230;Avucundaki \u00d6p\u00fcc\u00fck ve onu izleyen Bir Cep Dolusu \u00d6p\u00fcc\u00fck adl\u0131 kitaplardan okurlar\u0131n iyi tan\u0131d\u0131klar\u0131 ve sevdikleri Minik Rakun bir s\u00fcr\u00fc \u00e7ocu\u011fun ya\u015fam\u0131nda<span class=\"excerpt-hellip\"> [\u2026]<\/span><\/p>\n","protected":false},"featured_media":0,"template":"","meta":{"_monsterinsights_skip_tracking":false,"_monsterinsights_sitenote_active":false,"_monsterinsights_sitenote_note":"","_monsterinsights_sitenote_category":0},"product_brand":[],"product_cat":[12275,12274],"product_tag":[],"class_list":{"0":"post-731415","1":"product","2":"type-product","3":"status-publish","5":"product_cat-6-12-yas-kitaplari","6":"product_cat-cocuk-ve-genclik-kitaplari","7":"pa_cilt-ciltsiz","8":"pa_tur-kitap","9":"pa_yayinevi-butik-yayinlari","10":"pa_yazar-audrey-penn","12":"first","13":"instock","14":"sale","15":"shipping-taxable","16":"purchasable","17":"product-type-simple"},"_links":{"self":[{"href":"https:\/\/roveyayinevi.com.tr\/index.php\/wp-json\/wp\/v2\/product\/731415","targetHints":{"allow":["GET"]}}],"collection":[{"href":"https:\/\/roveyayinevi.com.tr\/index.php\/wp-json\/wp\/v2\/product"}],"about":[{"href":"https:\/\/roveyayinevi.com.tr\/index.php\/wp-json\/wp\/v2\/types\/product"}],"wp:attachment":[{"href":"https:\/\/roveyayinevi.com.tr\/index.php\/wp-json\/wp\/v2\/media?parent=731415"}],"wp:term":[{"taxonomy":"product_brand","embeddable":true,"href":"https:\/\/roveyayinevi.com.tr\/index.php\/wp-json\/wp\/v2\/product_brand?post=731415"},{"taxonomy":"product_cat","embeddable":true,"href":"https:\/\/roveyayinevi.com.tr\/index.php\/wp-json\/wp\/v2\/product_cat?post=731415"},{"taxonomy":"product_tag","embeddable":true,"href":"https:\/\/roveyayinevi.com.tr\/index.php\/wp-json\/wp\/v2\/product_tag?post=731415"}],"curies":[{"name":"wp","href":"https:\/\/api.w.org\/{rel}","templated":true}]}}