{"id":731413,"date":"2025-08-27T21:31:14","date_gmt":"2025-08-27T18:31:14","guid":{"rendered":"https:\/\/roveyayinevi.com.tr\/index.php\/urun\/kilo-vermenin-kolay-yolu\/"},"modified":"2026-04-16T02:39:09","modified_gmt":"2026-04-15T23:39:09","slug":"kilo-vermenin-kolay-yolu","status":"publish","type":"product","link":"https:\/\/roveyayinevi.com.tr\/index.php\/urun\/kilo-vermenin-kolay-yolu\/","title":{"rendered":"Kilo Vermenin Kolay Yolu"},"content":{"rendered":"<p>\u201cAllen Carr\u2019\u0131n kitaplar\u0131n\u0131 okuduktan sonra hayatlar\u0131 de\u011fi\u015fen \u00e7ok say\u0131da insan tan\u0131yorum.\u201dSir Richard BransonE\u015fsiz Bir Y\u00f6ntem ile Beslenmenize Yeniden Y\u00f6n Verin!Kolayca, Ac\u0131 \u00c7ekmeden ve Kal\u0131c\u0131 Olarak Kilo Verin!Abur Cubur Yemeye Y\u00f6nelik Psikolojik \u0130htiyac\u0131 Ortadan Kald\u0131r\u0131n!Hayat\u0131n\u0131z\u0131n Kontrol\u00fcn\u00fc Yeniden Kazan\u0131n!\u201cAllen Carr\u2019\u0131n bu kitab\u0131n\u0131 okudu\u011funuz s\u00fcre boyunca yapaca\u011f\u0131n\u0131z yolculuk kilo kontrol\u00fc sorununun ne kadar basit \u00e7\u00f6z\u00fclebilece\u011fini ke\u015ffetmekte bir ayd\u0131nlanma olacak.\u201dDr. P.M. Bray M.B., C.Hb., M.R.C.G.P.<\/p>\n","protected":false},"excerpt":{"rendered":"<p>\u201cAllen Carr\u2019\u0131n kitaplar\u0131n\u0131 okuduktan sonra hayatlar\u0131 de\u011fi\u015fen \u00e7ok say\u0131da insan tan\u0131yorum.\u201dSir Richard BransonE\u015fsiz Bir Y\u00f6ntem ile Beslenmenize Yeniden Y\u00f6n Verin!Kolayca, Ac\u0131 \u00c7ekmeden ve Kal\u0131c\u0131 Olarak Kilo<span class=\"excerpt-hellip\"> [\u2026]<\/span><\/p>\n","protected":false},"featured_media":0,"template":"","meta":{"_monsterinsights_skip_tracking":false,"_monsterinsights_sitenote_active":false,"_monsterinsights_sitenote_note":"","_monsterinsights_sitenote_category":0},"product_brand":[],"product_cat":[13402,13365],"product_tag":[],"class_list":{"0":"post-731413","1":"product","2":"type-product","3":"status-publish","5":"product_cat-beslenme-ve-diyet","6":"product_cat-saglik","7":"pa_cilt-ciltsiz","8":"pa_tur-kitap","9":"pa_yayinevi-butik-yayinlari","10":"pa_yazar-allen-carr","12":"first","13":"instock","14":"sale","15":"shipping-taxable","16":"purchasable","17":"product-type-simple"},"_links":{"self":[{"href":"https:\/\/roveyayinevi.com.tr\/index.php\/wp-json\/wp\/v2\/product\/731413","targetHints":{"allow":["GET"]}}],"collection":[{"href":"https:\/\/roveyayinevi.com.tr\/index.php\/wp-json\/wp\/v2\/product"}],"about":[{"href":"https:\/\/roveyayinevi.com.tr\/index.php\/wp-json\/wp\/v2\/types\/product"}],"wp:attachment":[{"href":"https:\/\/roveyayinevi.com.tr\/index.php\/wp-json\/wp\/v2\/media?parent=731413"}],"wp:term":[{"taxonomy":"product_brand","embeddable":true,"href":"https:\/\/roveyayinevi.com.tr\/index.php\/wp-json\/wp\/v2\/product_brand?post=731413"},{"taxonomy":"product_cat","embeddable":true,"href":"https:\/\/roveyayinevi.com.tr\/index.php\/wp-json\/wp\/v2\/product_cat?post=731413"},{"taxonomy":"product_tag","embeddable":true,"href":"https:\/\/roveyayinevi.com.tr\/index.php\/wp-json\/wp\/v2\/product_tag?post=731413"}],"curies":[{"name":"wp","href":"https:\/\/api.w.org\/{rel}","templated":true}]}}