{"id":731412,"date":"2025-08-27T21:31:13","date_gmt":"2025-08-27T18:31:13","guid":{"rendered":"https:\/\/roveyayinevi.com.tr\/index.php\/urun\/kendi-tercihlerinizle-yasamak\/"},"modified":"2026-04-11T13:58:49","modified_gmt":"2026-04-11T10:58:49","slug":"kendi-tercihlerinizle-yasamak","status":"publish","type":"product","link":"https:\/\/roveyayinevi.com.tr\/index.php\/urun\/kendi-tercihlerinizle-yasamak\/","title":{"rendered":"Kendi Tercihlerinizle Ya\u015famak"},"content":{"rendered":"<p>&#8220;\u0130nsanlar yaln\u0131zca tek yoldan mutlu olabilirler: kendileri olurlarsa. O zaman mutluluk p\u0131narlar\u0131 akmaya ba\u015flar; daha canl\u0131 olurlar; g\u00f6rmesi, birlikte zaman ge\u00e7irmesi bile keyif olur. Bir \u015fark\u0131, bir dans olurlar.&#8221; &#8211; OshoSeni yiyip bitiren de\u011fersizlik fikri milyonlarca insan\u0131 da yiyip bitirmektedir. \u00c7ocukluktan itibaren toplum bireyin \u00f6zg\u00fcrl\u00fc\u011f\u00fcn\u00fc ele ge\u00e7irmeye ba\u015flar. Onlar senin bir ba\u015fkas\u0131 olman\u0131 isterler, kendin olman\u0131 de\u011fil. Kendini de\u011fersiz hissetmenin sebebi budur. Bu \u00e7ok do\u011fal sen asla bir ba\u015fkas\u0131 olamazs\u0131n; i\u00e7ten i\u00e7e kendine ihanet etti\u011fini hissedersin. \u0130\u00e7ten i\u00e7e, her insan\u0131n do\u011fal hakk\u0131 olan mutlulu\u011fu, \u00f6zsayg\u0131y\u0131, gururu ve varolu\u015fun sana hayatla birlikte sundu\u011fu sayg\u0131nl\u0131\u011f\u0131 hissedemezsin.Kendin olmana izin verilirse, kendini asla de\u011fersiz hissetmezsin. Ama toplum senden bir koyun olman\u0131 ister. Sen bir ceylan olman\u0131n, bir kaplan olman\u0131n, bir aslan olman\u0131n ya da bir kartal olman\u0131n niteliklerine sahip olabilirsin ama toplum senden tek bir \u015fey olman\u0131 ister. Herkes koyun olmak zorundad\u0131r. \u015eimdi e\u011fer sen bir aslan\u0131 bir koyun olmaya zorlarsan, o kendini de\u011fersiz hisseder. Sen ona, do\u011fal olmayan bir \u015fey dayatm\u0131\u015f olursun. Kimse seni oldu\u011fun gibi sevmez; herkes senden \u015funu olman\u0131, bunu olman\u0131 ister. Elbette e\u011fer onlar\u0131n taleplerini kar\u015f\u0131larsan sevilir, say\u0131l\u0131rs\u0131n, ama bu \u00e7ok tehlikelidir; kendini kaybetmek zorunda kal\u0131rs\u0131n. Sadece ikiy\u00fczl\u00fc biri olursun. Onlar\u0131n sayg\u0131s\u0131n\u0131, sevgisini kazanmak nedir ki sen ruhunu kaybetmi\u015fsindir. Sen evrendeki yerini, alan\u0131n\u0131, en \u00f6nemli benli\u011fini ve bilincini kaybetmi\u015fsindir.<\/p>\n","protected":false},"excerpt":{"rendered":"<p>&#8220;\u0130nsanlar yaln\u0131zca tek yoldan mutlu olabilirler: kendileri olurlarsa. O zaman mutluluk p\u0131narlar\u0131 akmaya ba\u015flar; daha canl\u0131 olurlar; g\u00f6rmesi, birlikte zaman ge\u00e7irmesi bile keyif olur. Bir \u015fark\u0131,<span class=\"excerpt-hellip\"> [\u2026]<\/span><\/p>\n","protected":false},"featured_media":0,"template":"","meta":{"_monsterinsights_skip_tracking":false,"_monsterinsights_sitenote_active":false,"_monsterinsights_sitenote_note":"","_monsterinsights_sitenote_category":0},"product_brand":[],"product_cat":[12364,12376],"product_tag":[],"class_list":{"0":"post-731412","1":"product","2":"type-product","3":"status-publish","5":"product_cat-genel-konular","6":"product_cat-kisisel-gelisim","7":"pa_cilt-ciltsiz","8":"pa_tur-kitap","9":"pa_yayinevi-butik-yayinlari","10":"pa_yazar-osho","12":"first","13":"instock","14":"sale","15":"shipping-taxable","16":"purchasable","17":"product-type-simple"},"_links":{"self":[{"href":"https:\/\/roveyayinevi.com.tr\/index.php\/wp-json\/wp\/v2\/product\/731412","targetHints":{"allow":["GET"]}}],"collection":[{"href":"https:\/\/roveyayinevi.com.tr\/index.php\/wp-json\/wp\/v2\/product"}],"about":[{"href":"https:\/\/roveyayinevi.com.tr\/index.php\/wp-json\/wp\/v2\/types\/product"}],"wp:attachment":[{"href":"https:\/\/roveyayinevi.com.tr\/index.php\/wp-json\/wp\/v2\/media?parent=731412"}],"wp:term":[{"taxonomy":"product_brand","embeddable":true,"href":"https:\/\/roveyayinevi.com.tr\/index.php\/wp-json\/wp\/v2\/product_brand?post=731412"},{"taxonomy":"product_cat","embeddable":true,"href":"https:\/\/roveyayinevi.com.tr\/index.php\/wp-json\/wp\/v2\/product_cat?post=731412"},{"taxonomy":"product_tag","embeddable":true,"href":"https:\/\/roveyayinevi.com.tr\/index.php\/wp-json\/wp\/v2\/product_tag?post=731412"}],"curies":[{"name":"wp","href":"https:\/\/api.w.org\/{rel}","templated":true}]}}