{"id":731408,"date":"2025-08-27T21:31:09","date_gmt":"2025-08-27T18:31:09","guid":{"rendered":"https:\/\/roveyayinevi.com.tr\/index.php\/urun\/dede-korkut-hikayeleri-13\/"},"modified":"2026-04-16T02:39:09","modified_gmt":"2026-04-15T23:39:09","slug":"dede-korkut-hikayeleri-13","status":"publish","type":"product","link":"https:\/\/roveyayinevi.com.tr\/index.php\/urun\/dede-korkut-hikayeleri-13\/","title":{"rendered":"Dede Korkut Hikayeleri"},"content":{"rendered":"<p>Dede Korkut Hik\u00e2yeleri, O\u011fuz boyunun anonim bir \u00fcr\u00fcn\u00fcd\u00fcr. Bu haliyle, T\u00fcrk edebiyat\u0131n\u0131n \u015faheserlerindendir. Anonim oldu\u011fu i\u00e7in, zaman i\u00e7inde baz\u0131 de\u011fi\u015fikliklere u\u011fram\u0131\u015ft\u0131r.Hik\u00e2yeler, manzum (\u015fiir bi\u00e7iminde) ve mensurdur (d\u00fczyaz\u0131). Uzun dizeler vard\u0131r. D\u00fczyaz\u0131 k\u0131s\u0131mlar\u0131 da \u015fiir bi\u00e7imindeki b\u00f6l\u00fcmleri kadar ak\u0131c\u0131 ve \u015fiirseldir. \u00c7ocuk Klasikleri serimizle siz \u00e7ocuklar\u0131 bu kez de T\u00fcrk edebiyat\u0131n\u0131n e\u015fsiz eserlerinden Dede Korkut Hik\u00e2yeleri kitab\u0131yla bulu\u015fturuyoruz.<\/p>\n","protected":false},"excerpt":{"rendered":"<p>Dede Korkut Hik\u00e2yeleri, O\u011fuz boyunun anonim bir \u00fcr\u00fcn\u00fcd\u00fcr. Bu haliyle, T\u00fcrk edebiyat\u0131n\u0131n \u015faheserlerindendir. Anonim oldu\u011fu i\u00e7in, zaman i\u00e7inde baz\u0131 de\u011fi\u015fikliklere u\u011fram\u0131\u015ft\u0131r.Hik\u00e2yeler, manzum (\u015fiir bi\u00e7iminde) ve mensurdur<span class=\"excerpt-hellip\"> [\u2026]<\/span><\/p>\n","protected":false},"featured_media":0,"template":"","meta":{"_monsterinsights_skip_tracking":false,"_monsterinsights_sitenote_active":false,"_monsterinsights_sitenote_note":"","_monsterinsights_sitenote_category":0},"product_brand":[],"product_cat":[12274,12284],"product_tag":[],"class_list":{"0":"post-731408","1":"product","2":"type-product","3":"status-publish","5":"product_cat-cocuk-ve-genclik-kitaplari","6":"product_cat-hikayeler","7":"pa_cilt-ciltsiz","8":"pa_tur-kitap","9":"pa_yayinevi-yediveren-cocuk","10":"pa_yazar-yediveren-cocuk-kolektif","12":"first","13":"instock","14":"sale","15":"shipping-taxable","16":"purchasable","17":"product-type-simple"},"_links":{"self":[{"href":"https:\/\/roveyayinevi.com.tr\/index.php\/wp-json\/wp\/v2\/product\/731408","targetHints":{"allow":["GET"]}}],"collection":[{"href":"https:\/\/roveyayinevi.com.tr\/index.php\/wp-json\/wp\/v2\/product"}],"about":[{"href":"https:\/\/roveyayinevi.com.tr\/index.php\/wp-json\/wp\/v2\/types\/product"}],"wp:attachment":[{"href":"https:\/\/roveyayinevi.com.tr\/index.php\/wp-json\/wp\/v2\/media?parent=731408"}],"wp:term":[{"taxonomy":"product_brand","embeddable":true,"href":"https:\/\/roveyayinevi.com.tr\/index.php\/wp-json\/wp\/v2\/product_brand?post=731408"},{"taxonomy":"product_cat","embeddable":true,"href":"https:\/\/roveyayinevi.com.tr\/index.php\/wp-json\/wp\/v2\/product_cat?post=731408"},{"taxonomy":"product_tag","embeddable":true,"href":"https:\/\/roveyayinevi.com.tr\/index.php\/wp-json\/wp\/v2\/product_tag?post=731408"}],"curies":[{"name":"wp","href":"https:\/\/api.w.org\/{rel}","templated":true}]}}