{"id":731404,"date":"2025-08-27T21:31:04","date_gmt":"2025-08-27T18:31:04","guid":{"rendered":"https:\/\/roveyayinevi.com.tr\/index.php\/urun\/aya-yolculuk-10\/"},"modified":"2026-04-16T02:39:09","modified_gmt":"2026-04-15T23:39:09","slug":"aya-yolculuk-10","status":"publish","type":"product","link":"https:\/\/roveyayinevi.com.tr\/index.php\/urun\/aya-yolculuk-10\/","title":{"rendered":"Ay&#8217;a Yolculuk"},"content":{"rendered":"<p>\u201cKorkun\u00e7 bir patlama duyuldu.Patlaman\u0131n b\u00fcy\u00fckl\u00fc\u011f\u00fcn\u00fc, korkun\u00e7lu\u011funu s\u00f6zle anlatmak imk\u00e2ns\u0131zd\u0131. Ne yanarda\u011f patlamas\u0131 ne g\u00f6k g\u00fcr\u00fclt\u00fcs\u00fc ne sava\u015f alan\u0131nda y\u00fczlerce topun birden s\u00fcrekli at\u0131\u015f yapmas\u0131&#8230; Hay\u0131r, hi\u00e7birinden b\u00f6ylesine korkun\u00e7 bir g\u00fcr\u00fclt\u00fc duyulamazd\u0131.Kuyunun a\u011fz\u0131ndan b\u00fcy\u00fck, \u00e7ok b\u00fcy\u00fck, yo\u011fun, \u00e7ok yo\u011fun bir alev bulutu y\u00fckseldi. Ayn\u0131 anda toprak, okyanus dalgalar\u0131 gibi kabard\u0131&#8230;\u00d6yle b\u00fcy\u00fck bir h\u0131zla f\u0131rlam\u0131\u015ft\u0131 ki, hi\u00e7bir g\u00f6z bu h\u0131zdaki bir hareketi izleyemezdi.Ay\u2019a yolculuk ba\u015flam\u0131\u015ft\u0131.\u201d\u00c7ocuk Klasi\u0307kleri\u0307 seri\u0307mi\u0307zle si\u0307z \u00e7ocuklar\u0131 bu kez de sevilen yazar Jules Verne\u2019in Ay\u2019a Yolculuk kitab\u0131yla bulu\u015fturuyoruz.<\/p>\n","protected":false},"excerpt":{"rendered":"<p>\u201cKorkun\u00e7 bir patlama duyuldu.Patlaman\u0131n b\u00fcy\u00fckl\u00fc\u011f\u00fcn\u00fc, korkun\u00e7lu\u011funu s\u00f6zle anlatmak imk\u00e2ns\u0131zd\u0131. Ne yanarda\u011f patlamas\u0131 ne g\u00f6k g\u00fcr\u00fclt\u00fcs\u00fc ne sava\u015f alan\u0131nda y\u00fczlerce topun birden s\u00fcrekli at\u0131\u015f yapmas\u0131&#8230; Hay\u0131r, hi\u00e7birinden<span class=\"excerpt-hellip\"> [\u2026]<\/span><\/p>\n","protected":false},"featured_media":0,"template":"","meta":{"_monsterinsights_skip_tracking":false,"_monsterinsights_sitenote_active":false,"_monsterinsights_sitenote_note":"","_monsterinsights_sitenote_category":0},"product_brand":[],"product_cat":[12275,12274],"product_tag":[],"class_list":{"0":"post-731404","1":"product","2":"type-product","3":"status-publish","5":"product_cat-6-12-yas-kitaplari","6":"product_cat-cocuk-ve-genclik-kitaplari","7":"pa_cilt-ciltsiz","8":"pa_tur-kitap","9":"pa_yayinevi-yediveren-cocuk","10":"pa_yazar-jules-verne","12":"first","13":"instock","14":"sale","15":"shipping-taxable","16":"purchasable","17":"product-type-simple"},"_links":{"self":[{"href":"https:\/\/roveyayinevi.com.tr\/index.php\/wp-json\/wp\/v2\/product\/731404","targetHints":{"allow":["GET"]}}],"collection":[{"href":"https:\/\/roveyayinevi.com.tr\/index.php\/wp-json\/wp\/v2\/product"}],"about":[{"href":"https:\/\/roveyayinevi.com.tr\/index.php\/wp-json\/wp\/v2\/types\/product"}],"wp:attachment":[{"href":"https:\/\/roveyayinevi.com.tr\/index.php\/wp-json\/wp\/v2\/media?parent=731404"}],"wp:term":[{"taxonomy":"product_brand","embeddable":true,"href":"https:\/\/roveyayinevi.com.tr\/index.php\/wp-json\/wp\/v2\/product_brand?post=731404"},{"taxonomy":"product_cat","embeddable":true,"href":"https:\/\/roveyayinevi.com.tr\/index.php\/wp-json\/wp\/v2\/product_cat?post=731404"},{"taxonomy":"product_tag","embeddable":true,"href":"https:\/\/roveyayinevi.com.tr\/index.php\/wp-json\/wp\/v2\/product_tag?post=731404"}],"curies":[{"name":"wp","href":"https:\/\/api.w.org\/{rel}","templated":true}]}}