{"id":731403,"date":"2025-08-27T21:31:03","date_gmt":"2025-08-27T18:31:03","guid":{"rendered":"https:\/\/roveyayinevi.com.tr\/index.php\/urun\/dunyanin-merkezine-yolculuk-11\/"},"modified":"2026-04-16T02:39:09","modified_gmt":"2026-04-15T23:39:09","slug":"dunyanin-merkezine-yolculuk-11","status":"publish","type":"product","link":"https:\/\/roveyayinevi.com.tr\/index.php\/urun\/dunyanin-merkezine-yolculuk-11\/","title":{"rendered":"D\u00fcnyan\u0131n Merkezine Yolculuk"},"content":{"rendered":"<p>\u201cTam ba\u015far\u0131ya kavu\u015faca\u011f\u0131m\u0131z s\u0131rada geri d\u00f6nmek mi? Asla! Bunu yapmam\u0131 bekleme!\u201dEski bir el yazmas\u0131n\u0131n i\u00e7erisinden \u00e7\u0131kan \u015fifreli yaz\u0131lar\u0131n kahraman\u0131m\u0131z Axel taraf\u0131ndan, tesad\u00fcf eseri de olsa, \u00e7\u00f6z\u00fclmesi, kahraman\u0131m\u0131z\u0131n maden bilimci huysuz amcas\u0131 Profes\u00f6r Lindenbrock\u2019u heyecanland\u0131rmaya yetmi\u015ftir. \u00c7\u00fcnk\u00fc pusulan\u0131n s\u00f6yledi\u011fine g\u00f6re, D\u00fcnya\u2019n\u0131n merkezine yolculuk etmek m\u00fcmk\u00fcnd\u00fcr.B\u00f6yle bir ke\u015ffi tecr\u00fcbe edecek olman\u0131n co\u015fkusuyla art\u0131k yerinde duramayan Profes\u00f6r Lindenbrock, Axel\u2019\u0131 da pe\u015finden s\u00fcr\u00fcklemeye kararl\u0131d\u0131r. Bu fikir, onu pek heyecanland\u0131rmasa, hatta deh\u015fete d\u00fc\u015f\u00fcrse de Axel, amcas\u0131n\u0131n pe\u015fine tak\u0131larak ka\u00e7\u0131n\u0131lmaz bi\u00e7imde bir hayli zorlu olacak bu bilimsel ke\u015fif yolculu\u011funda ona e\u015flik eder.\u00c7ocuk Klasi\u0307kleri\u0307 seri\u0307mi\u0307zle si\u0307z \u00e7ocuklar\u0131 bu kez de Jules Verne\u2019in sevilen eseri D\u00fcnyan\u0131nn Merkezine Yolculuk kitab\u0131yla bulu\u015fturuyoruz.<\/p>\n","protected":false},"excerpt":{"rendered":"<p>\u201cTam ba\u015far\u0131ya kavu\u015faca\u011f\u0131m\u0131z s\u0131rada geri d\u00f6nmek mi? Asla! Bunu yapmam\u0131 bekleme!\u201dEski bir el yazmas\u0131n\u0131n i\u00e7erisinden \u00e7\u0131kan \u015fifreli yaz\u0131lar\u0131n kahraman\u0131m\u0131z Axel taraf\u0131ndan, tesad\u00fcf eseri de olsa, \u00e7\u00f6z\u00fclmesi,<span class=\"excerpt-hellip\"> [\u2026]<\/span><\/p>\n","protected":false},"featured_media":0,"template":"","meta":{"_monsterinsights_skip_tracking":false,"_monsterinsights_sitenote_active":false,"_monsterinsights_sitenote_note":"","_monsterinsights_sitenote_category":0},"product_brand":[],"product_cat":[12275,12274],"product_tag":[],"class_list":{"0":"post-731403","1":"product","2":"type-product","3":"status-publish","5":"product_cat-6-12-yas-kitaplari","6":"product_cat-cocuk-ve-genclik-kitaplari","7":"pa_cilt-ciltsiz","8":"pa_tur-kitap","9":"pa_yayinevi-yediveren-cocuk","10":"pa_yazar-jules-verne","12":"first","13":"instock","14":"sale","15":"shipping-taxable","16":"purchasable","17":"product-type-simple"},"_links":{"self":[{"href":"https:\/\/roveyayinevi.com.tr\/index.php\/wp-json\/wp\/v2\/product\/731403","targetHints":{"allow":["GET"]}}],"collection":[{"href":"https:\/\/roveyayinevi.com.tr\/index.php\/wp-json\/wp\/v2\/product"}],"about":[{"href":"https:\/\/roveyayinevi.com.tr\/index.php\/wp-json\/wp\/v2\/types\/product"}],"wp:attachment":[{"href":"https:\/\/roveyayinevi.com.tr\/index.php\/wp-json\/wp\/v2\/media?parent=731403"}],"wp:term":[{"taxonomy":"product_brand","embeddable":true,"href":"https:\/\/roveyayinevi.com.tr\/index.php\/wp-json\/wp\/v2\/product_brand?post=731403"},{"taxonomy":"product_cat","embeddable":true,"href":"https:\/\/roveyayinevi.com.tr\/index.php\/wp-json\/wp\/v2\/product_cat?post=731403"},{"taxonomy":"product_tag","embeddable":true,"href":"https:\/\/roveyayinevi.com.tr\/index.php\/wp-json\/wp\/v2\/product_tag?post=731403"}],"curies":[{"name":"wp","href":"https:\/\/api.w.org\/{rel}","templated":true}]}}