{"id":731402,"date":"2025-08-27T21:31:02","date_gmt":"2025-08-27T18:31:02","guid":{"rendered":"https:\/\/roveyayinevi.com.tr\/index.php\/urun\/oyun-oynayabilir-miyiz\/"},"modified":"2026-04-16T02:39:09","modified_gmt":"2026-04-15T23:39:09","slug":"oyun-oynayabilir-miyiz","status":"publish","type":"product","link":"https:\/\/roveyayinevi.com.tr\/index.php\/urun\/oyun-oynayabilir-miyiz\/","title":{"rendered":"Oyun Oynayabilir miyiz?"},"content":{"rendered":"<p>D\u00fcnyadaki her \u00e7ocuk oyun oynarken g\u00fcl\u00fcmser. Ben de b\u00fcy\u00fcy\u00fcp \u00f6\u011fretmen oldu\u011fumda s\u0131n\u0131f\u0131ma kocaman bir yaz\u0131 yazd\u0131rd\u0131m.\u201cKu\u015flar u\u00e7ar, bal\u0131klar y\u00fczer, \u00e7ocuklar oyun oynar.\u201d Garry Landreth Birazdan derse ba\u015flayaca\u011f\u0131m\u0131z i\u00e7in \u00e7ok heyecanl\u0131yd\u0131m. Daha, \u201cG\u00fcnayd\u0131n \u00e7ocuklar,\u201d diyemeden Azra parma\u011f\u0131n\u0131 kald\u0131r\u0131p \u201c\u00d6\u011fretmenim oyun oynayabilir miyiz?\u201d diye sordu. \u0130\u015fte o anda Sinem \u00d6\u011fretmen\u2019in g\u00fcl\u00fcmsemesini hat\u0131rlad\u0131m. Kocaman g\u00fcl\u00fcmsedim. \u201c\u0130stedi\u011finiz her zaman!\u201d dedim. \u015eimdi oyun oynuyorlar. Kahkahalar\u0131 duyabiliyor musunuz? Ben kim miyim? Bu kitab\u0131 okudu\u011funda anlayacaks\u0131n&#8230; Oyun Oynayabilir miyiz? b\u00fct\u00fcn \u00e7ocuklar\u0131n ortak diline, oyuna dair, i\u00e7inizi \u0131s\u0131tacak ve d\u00fc\u015f\u00fcnd\u00fcrecek bir hik\u00e2ye.   \u201cT\u00fcm \u00e7ocuklar\u0131n ortak dili, oyun. Daha \u00e7ok \u00e7ocu\u011fun, daha \u00e7ok oyun oynamas\u0131 i\u00e7in yaz\u0131lm\u0131\u015f bu kitab\u0131n t\u00fcm oyun dostu \u00e7ocuklar taraf\u0131ndan okunmas\u0131n\u0131 dilerim.\u201d   Do\u00e7. Dr. Yavuz Samur Bah\u00e7e\u015fehir \u00dcniversitesi E\u011fitim Bilimleri Fak\u00fcltesi <\/p>\n","protected":false},"excerpt":{"rendered":"<p>D\u00fcnyadaki her \u00e7ocuk oyun oynarken g\u00fcl\u00fcmser. Ben de b\u00fcy\u00fcy\u00fcp \u00f6\u011fretmen oldu\u011fumda s\u0131n\u0131f\u0131ma kocaman bir yaz\u0131 yazd\u0131rd\u0131m.\u201cKu\u015flar u\u00e7ar, bal\u0131klar y\u00fczer, \u00e7ocuklar oyun oynar.\u201d Garry Landreth Birazdan derse<span class=\"excerpt-hellip\"> [\u2026]<\/span><\/p>\n","protected":false},"featured_media":0,"template":"","meta":{"_monsterinsights_skip_tracking":false,"_monsterinsights_sitenote_active":false,"_monsterinsights_sitenote_note":"","_monsterinsights_sitenote_category":0},"product_brand":[],"product_cat":[12913,12274],"product_tag":[],"class_list":{"0":"post-731402","1":"product","2":"type-product","3":"status-publish","5":"product_cat-3-6-yas-kitaplari","6":"product_cat-cocuk-ve-genclik-kitaplari","7":"pa_cilt-ciltsiz","8":"pa_tur-kitap","9":"pa_yayinevi-ithaki-yayinlari","10":"pa_yazar-utku-haser","12":"first","13":"instock","14":"sale","15":"shipping-taxable","16":"purchasable","17":"product-type-simple"},"_links":{"self":[{"href":"https:\/\/roveyayinevi.com.tr\/index.php\/wp-json\/wp\/v2\/product\/731402","targetHints":{"allow":["GET"]}}],"collection":[{"href":"https:\/\/roveyayinevi.com.tr\/index.php\/wp-json\/wp\/v2\/product"}],"about":[{"href":"https:\/\/roveyayinevi.com.tr\/index.php\/wp-json\/wp\/v2\/types\/product"}],"wp:attachment":[{"href":"https:\/\/roveyayinevi.com.tr\/index.php\/wp-json\/wp\/v2\/media?parent=731402"}],"wp:term":[{"taxonomy":"product_brand","embeddable":true,"href":"https:\/\/roveyayinevi.com.tr\/index.php\/wp-json\/wp\/v2\/product_brand?post=731402"},{"taxonomy":"product_cat","embeddable":true,"href":"https:\/\/roveyayinevi.com.tr\/index.php\/wp-json\/wp\/v2\/product_cat?post=731402"},{"taxonomy":"product_tag","embeddable":true,"href":"https:\/\/roveyayinevi.com.tr\/index.php\/wp-json\/wp\/v2\/product_tag?post=731402"}],"curies":[{"name":"wp","href":"https:\/\/api.w.org\/{rel}","templated":true}]}}