{"id":731400,"date":"2025-08-27T21:31:00","date_gmt":"2025-08-27T18:31:00","guid":{"rendered":"https:\/\/roveyayinevi.com.tr\/index.php\/urun\/gozyaslari-iyilestirir-cocuklarimizi-nasil-dinleriz\/"},"modified":"2026-04-16T02:39:09","modified_gmt":"2026-04-15T23:39:09","slug":"gozyaslari-iyilestirir-cocuklarimizi-nasil-dinleriz","status":"publish","type":"product","link":"https:\/\/roveyayinevi.com.tr\/index.php\/urun\/gozyaslari-iyilestirir-cocuklarimizi-nasil-dinleriz\/","title":{"rendered":"G\u00f6zya\u015flar\u0131 \u0130yile\u015ftirir: \u00c7ocuklar\u0131m\u0131z\u0131 Nas\u0131l Dinleriz?"},"content":{"rendered":"<p>Bebe\u011fi ya da k\u00fc\u00e7\u00fck \u00e7ocu\u011fu olan ebeveynlerin ba\u015f etmesi gereken en zor \u015feylerden biri g\u00f6zya\u015flar\u0131d\u0131r. Bebekleri a\u011flad\u0131\u011f\u0131nda, anne babalar\u0131 onlar\u0131 susturmak i\u00e7in u\u011fra\u015f\u0131rlar. Yeni y\u00fcr\u00fcmeye ba\u015flayan \u00e7ocuklar \u00f6fke n\u00f6beti ge\u00e7irdi\u011finde de, onlar\u0131n dikkatini da\u011f\u0131tmaya, onlar\u0131 konu\u015farak ikna etmeye \u00e7al\u0131\u015f\u0131r veya bunun pek uzun s\u00fcrmeyece\u011fini umarak a\u011flamalar\u0131n\u0131 g\u00f6rmezden gelirler. \u00c7\u00fcnk\u00fc genellikle ebeveynli\u011fin ba\u015far\u0131s\u0131 \u00e7ocuklar\u0131n ne kadar a\u011flad\u0131\u011f\u0131na g\u00f6re de\u011ferlendirilir.   G\u00f6zya\u015flar\u0131 \u0130yile\u015ftirir, i\u015fte bu geleneksel ebeveynlik yakla\u015f\u0131m\u0131nda ya\u015fanabilecek en k\u00f6kl\u00fc de\u011fi\u015fimin, ebeveynlerin \u00e7ocuklar\u0131n\u0131n g\u00f6zya\u015flar\u0131na verdikleri tepkilerin de\u011fi\u015fmesine ba\u011fl\u0131 oldu\u011funu g\u00f6zler \u00f6n\u00fcne seriyor. \u00c7ocu\u011funuzun duygular\u0131n\u0131 engellemeye \u00e7al\u0131\u015fmak yerine onlar\u0131 dinlemeye ge\u00e7erek ebeveynli\u011finizi nas\u0131l d\u00f6n\u00fc\u015ft\u00fcrebilece\u011finizi, onunla nas\u0131l g\u00fc\u00e7l\u00fc bir ba\u011f kurabilece\u011finizi ve onun \u00fcz\u00fcnt\u00fclerine verdi\u011finiz tepkilerdeki basit de\u011fi\u015fikliklerle ebeveynlik zorluklar\u0131n\u0131za nas\u0131l \u00e7\u00f6z\u00fcm getirebilece\u011finizi anlat\u0131yor.   Ayn\u0131 zamanda bu kitapta, \u00e7ocu\u011funuzun zorlu anlar\u0131yla m\u00fccadele ederken kendi duygular\u0131n\u0131za yard\u0131mc\u0131 olmaya y\u00f6nelik ipu\u00e7lar\u0131 bulabilir, istedi\u011finiz gibi ebeveynler olabilmeniz i\u00e7in kendinizi nas\u0131l besleyip destekleyebilece\u011finizi de \u00f6\u011frenebilirsiniz.   \u201c\u00c7ocu\u011funuza elinizdekinin en iyisini vermek istersiniz ve Kate\u2019in G\u00f6zya\u015flar\u0131 \u0130yile\u015ftirir\u2019de sundu\u011fu i\u00e7g\u00f6ru\u0308 ve uygulamalar tam da ihtiyac\u0131n\u0131z olan, sevgi ve \u00f6zgu\u0308veninizi, a\u011flayan \u00e7ocu\u011funuzun hissetmesini sa\u011flayacak ara\u00e7lar.\u201d \u2013Patty Wipfler, Listen: Five Tools to Meet Your Everyday Parenting Challenges\u2019\u0131n yazar\u0131   <\/p>\n","protected":false},"excerpt":{"rendered":"<p>Bebe\u011fi ya da k\u00fc\u00e7\u00fck \u00e7ocu\u011fu olan ebeveynlerin ba\u015f etmesi gereken en zor \u015feylerden biri g\u00f6zya\u015flar\u0131d\u0131r. Bebekleri a\u011flad\u0131\u011f\u0131nda, anne babalar\u0131 onlar\u0131 susturmak i\u00e7in u\u011fra\u015f\u0131rlar. Yeni y\u00fcr\u00fcmeye ba\u015flayan<span class=\"excerpt-hellip\"> [\u2026]<\/span><\/p>\n","protected":false},"featured_media":0,"template":"","meta":{"_monsterinsights_skip_tracking":false,"_monsterinsights_sitenote_active":false,"_monsterinsights_sitenote_note":"","_monsterinsights_sitenote_category":0},"product_brand":[],"product_cat":[12831,12324],"product_tag":[],"class_list":{"0":"post-731400","1":"product","2":"type-product","3":"status-publish","5":"product_cat-aile-ve-cocuk","6":"product_cat-sosyoloji","7":"pa_cilt-ciltsiz","8":"pa_tur-kitap","9":"pa_yayinevi-nova-kitap","10":"pa_yazar-kate-orson","12":"first","13":"instock","14":"sale","15":"shipping-taxable","16":"purchasable","17":"product-type-simple"},"_links":{"self":[{"href":"https:\/\/roveyayinevi.com.tr\/index.php\/wp-json\/wp\/v2\/product\/731400","targetHints":{"allow":["GET"]}}],"collection":[{"href":"https:\/\/roveyayinevi.com.tr\/index.php\/wp-json\/wp\/v2\/product"}],"about":[{"href":"https:\/\/roveyayinevi.com.tr\/index.php\/wp-json\/wp\/v2\/types\/product"}],"wp:attachment":[{"href":"https:\/\/roveyayinevi.com.tr\/index.php\/wp-json\/wp\/v2\/media?parent=731400"}],"wp:term":[{"taxonomy":"product_brand","embeddable":true,"href":"https:\/\/roveyayinevi.com.tr\/index.php\/wp-json\/wp\/v2\/product_brand?post=731400"},{"taxonomy":"product_cat","embeddable":true,"href":"https:\/\/roveyayinevi.com.tr\/index.php\/wp-json\/wp\/v2\/product_cat?post=731400"},{"taxonomy":"product_tag","embeddable":true,"href":"https:\/\/roveyayinevi.com.tr\/index.php\/wp-json\/wp\/v2\/product_tag?post=731400"}],"curies":[{"name":"wp","href":"https:\/\/api.w.org\/{rel}","templated":true}]}}