{"id":731399,"date":"2025-08-27T21:30:59","date_gmt":"2025-08-27T18:30:59","guid":{"rendered":"https:\/\/roveyayinevi.com.tr\/index.php\/urun\/1-sayfalik-pazarlama-plani\/"},"modified":"2026-04-16T02:39:06","modified_gmt":"2026-04-15T23:39:06","slug":"1-sayfalik-pazarlama-plani","status":"publish","type":"product","link":"https:\/\/roveyayinevi.com.tr\/index.php\/urun\/1-sayfalik-pazarlama-plani\/","title":{"rendered":"1 Sayfal\u0131k Pazarlama Plan\u0131"},"content":{"rendered":"<p>Nas\u0131l yeni m\u00fc\u015fteriler edinilir ve mevcut m\u00fc\u015fterilerden daha fazla k\u00e2r sa\u011flan\u0131r? Neden &#8220;B\u00fcy\u00fck i\u015fletme&#8221; tarz\u0131 pazarlama, i\u015finizi ve stratejilerinizi \u00e7\u00f6kertebilir? Nas\u0131l i\u015fleri tersine \u00e7evirerek potansiyel m\u00fc\u015fterilere sald\u0131rgan veya muhta\u00e7 g\u00f6r\u00fcnmeden sat\u0131\u015f\u0131 kapat\u0131rs\u0131n\u0131z?   Pazarlama, ideal hedef pazar\u0131n\u0131z\u0131n sizi tan\u0131mas\u0131n\u0131 ve bir mu\u0308\u015fteri olacak kadar size gu\u0308venmesini sa\u011flamak i\u00e7in kulland\u0131\u011f\u0131n\u0131z stratejidir. Ku\u0308\u00e7u\u0308k i\u015fletmelerin \u00e7o\u011funun neden vasat bir du\u0308zeyde ilerledi\u011fini hi\u00e7 merak ettiniz mi? Ba\u015far\u0131l\u0131 bir i\u015f kurmak i\u00e7in, rasgele pazarlama eylemleri yapmay\u0131 b\u0131rakman\u0131z ve h\u0131zl\u0131 i\u015f b\u00fcy\u00fcmesi i\u00e7in g\u00fcvenilir bir pazarlama plan\u0131 izlemeye ba\u015flaman\u0131z gerekir. Geleneksel bir pazarlama plan\u0131 olu\u015fturmak zor ve zaman alan bir s\u00fcre\u00e7tir, bu y\u00fczden \u00e7o\u011fu zaman yap\u0131lmaz.   \u0130ster yeni ba\u015fl\u0131yor olun ister deneyimli bir giri\u015fimci, 1 Sayfal\u0131k Pazarlama Plan\u0131, i\u015fletmenizin b\u00fcy\u00fcmesini sa\u011flayacak bir pazarlama plan\u0131 olu\u015fturman\u0131n en kolay ve en h\u0131zl\u0131 yolunu vadediyor.   \u201cBu kitap, ba\u015ftan sona ki\u015fiselle\u015ftirilmi\u015f bir pazarlama plan\u0131n\u0131 olu\u015fturan titizlikle test edilmi\u015f s\u00fcre\u00e7leri ad\u0131m ad\u0131m ortaya koyuyor \u2013 ve bu plan yaln\u0131zca bir sayfa.\u201d \u2013Inc.   &#8220;Pazarlaman\u0131n giderek karma\u015f\u0131kla\u015ft\u0131\u011f\u0131n\u0131 herkes biliyor. Allan Dib bu sorunu yeni kitab\u0131yla \u00e7\u00f6z\u00fcyor. Okuyun ve hayat\u0131n\u0131z\u0131 kolayla\u015ft\u0131r\u0131n.&#8221; \u2013Al Ries, Konumland\u0131rma: T\u00fcketici Zihnini Fethetme Sava\u015f\u0131\u2019n\u0131n yazar\u0131 <\/p>\n","protected":false},"excerpt":{"rendered":"<p>Nas\u0131l yeni m\u00fc\u015fteriler edinilir ve mevcut m\u00fc\u015fterilerden daha fazla k\u00e2r sa\u011flan\u0131r? Neden &#8220;B\u00fcy\u00fck i\u015fletme&#8221; tarz\u0131 pazarlama, i\u015finizi ve stratejilerinizi \u00e7\u00f6kertebilir? Nas\u0131l i\u015fleri tersine \u00e7evirerek potansiyel m\u00fc\u015fterilere<span class=\"excerpt-hellip\"> [\u2026]<\/span><\/p>\n","protected":false},"featured_media":0,"template":"","meta":{"_monsterinsights_skip_tracking":false,"_monsterinsights_sitenote_active":false,"_monsterinsights_sitenote_note":"","_monsterinsights_sitenote_category":0},"product_brand":[],"product_cat":[13043,17647],"product_tag":[],"class_list":{"0":"post-731399","1":"product","2":"type-product","3":"status-publish","5":"product_cat-ekonomi","6":"product_cat-is-dunyasi","7":"pa_cilt-ciltsiz","8":"pa_tur-kitap","9":"pa_yayinevi-nova-kitap","10":"pa_yazar-allan-dib","12":"first","13":"instock","14":"sale","15":"shipping-taxable","16":"purchasable","17":"product-type-simple"},"_links":{"self":[{"href":"https:\/\/roveyayinevi.com.tr\/index.php\/wp-json\/wp\/v2\/product\/731399","targetHints":{"allow":["GET"]}}],"collection":[{"href":"https:\/\/roveyayinevi.com.tr\/index.php\/wp-json\/wp\/v2\/product"}],"about":[{"href":"https:\/\/roveyayinevi.com.tr\/index.php\/wp-json\/wp\/v2\/types\/product"}],"wp:attachment":[{"href":"https:\/\/roveyayinevi.com.tr\/index.php\/wp-json\/wp\/v2\/media?parent=731399"}],"wp:term":[{"taxonomy":"product_brand","embeddable":true,"href":"https:\/\/roveyayinevi.com.tr\/index.php\/wp-json\/wp\/v2\/product_brand?post=731399"},{"taxonomy":"product_cat","embeddable":true,"href":"https:\/\/roveyayinevi.com.tr\/index.php\/wp-json\/wp\/v2\/product_cat?post=731399"},{"taxonomy":"product_tag","embeddable":true,"href":"https:\/\/roveyayinevi.com.tr\/index.php\/wp-json\/wp\/v2\/product_tag?post=731399"}],"curies":[{"name":"wp","href":"https:\/\/api.w.org\/{rel}","templated":true}]}}