{"id":731394,"date":"2025-08-27T21:30:55","date_gmt":"2025-08-27T18:30:55","guid":{"rendered":"https:\/\/roveyayinevi.com.tr\/index.php\/urun\/kendimi-dogurmadan-hemen-once\/"},"modified":"2026-04-16T02:39:06","modified_gmt":"2026-04-15T23:39:06","slug":"kendimi-dogurmadan-hemen-once","status":"publish","type":"product","link":"https:\/\/roveyayinevi.com.tr\/index.php\/urun\/kendimi-dogurmadan-hemen-once\/","title":{"rendered":"Kendimi Do\u011furmadan Hemen \u00d6nce"},"content":{"rendered":"<p>Birbirine tutunup g\u00fc\u00e7lenen \u015feylerin, i\u00e7 i\u00e7e ge\u00e7ip birbirini \u00e7\u00fcr\u00fctenlere anlatacaklar\u0131 var. \u0130nsan ile yumak bunun i\u00e7in benziyor birbirine. Bir ucunu, d\u00fcnyay\u0131 ke\u015ffetmeye bakan bebek tutuyor ipin, di\u011fer ucunu k\u0131r\u0131\u015f k\u0131r\u0131\u015f bir el. Evvelden lezzeti ak\u0131l \u00e7elen ile \u015fimdi \u00e7i\u011fnendik\u00e7e a\u011f\u0131zda \u00e7o\u011falan ayn\u0131 ekmek. Her \u015fey birbirine eklenerek ba\u015flay\u0131p bitiyor. Herkes bunun i\u00e7in a\u00e7\u0131yor kap\u0131s\u0131n\u0131 yabanc\u0131n\u0131n \u201cBenim,\u201d diyen bildik sesine.   \u00c7a\u011fla \u00c7inili, ilk kitab\u0131 Kendimi Do\u011furmadan Hemen \u00d6nce ile insana dair ne varsa apa\u00e7\u0131k koyuyor \u00f6n\u00fcm\u00fcze. \u0130yi ve k\u00f6t\u00fc, hakl\u0131 ve haks\u0131z, su\u00e7lu ve masum ayn\u0131 ki\u015fi oluyor bazen. Okura ise \u00e7a\u011flayan bir \u0131rma\u011f\u0131 seyreder gibi ak\u0131p ge\u00e7en \u00f6yk\u00fclere bakmak kal\u0131yor.   \u201cKafas\u0131n\u0131n i\u00e7i gene ka\u015f\u0131n\u0131yor. Ne zaman bu kadar strese girse egzamas\u0131 azard\u0131. Al i\u015fte, insan\u0131n \u2018b\u00f6cek\u2019 olmas\u0131 i\u00e7in ille de sekiz kol, iki de kanat \u00e7\u0131karmas\u0131na l\u00fczum yoktu, sinirlenip \u00fcz\u00fcl\u00fcnce derisi yara oluyor, g\u00fcnlerce kabuk at\u0131yor, sa\u00e7lar\u0131 d\u00f6k\u00fcl\u00fcyordu. B\u00fct\u00fcn bunlar durmadan devam etse, v\u00fccudunun her yeri yara olup kepeklense, onu da g\u00f6r\u00fcnce kusarlard\u0131. \u0130nsanlar, k\u00f6t\u00fc giyindi\u011finde ona burun k\u0131v\u0131rd\u0131klar\u0131na g\u00f6re pek\u00e2l\u00e2 v\u00fccudu yaral\u0131 olsa bir b\u00f6cek g\u00f6rm\u00fc\u015f gibi i\u00e7leri de kalkard\u0131.\u201d <\/p>\n","protected":false},"excerpt":{"rendered":"<p>Birbirine tutunup g\u00fc\u00e7lenen \u015feylerin, i\u00e7 i\u00e7e ge\u00e7ip birbirini \u00e7\u00fcr\u00fctenlere anlatacaklar\u0131 var. \u0130nsan ile yumak bunun i\u00e7in benziyor birbirine. Bir ucunu, d\u00fcnyay\u0131 ke\u015ffetmeye bakan bebek tutuyor ipin,<span class=\"excerpt-hellip\"> [\u2026]<\/span><\/p>\n","protected":false},"featured_media":0,"template":"","meta":{"_monsterinsights_skip_tracking":false,"_monsterinsights_sitenote_active":false,"_monsterinsights_sitenote_note":"","_monsterinsights_sitenote_category":0},"product_brand":[],"product_cat":[12291,12711],"product_tag":[],"class_list":{"0":"post-731394","1":"product","2":"type-product","3":"status-publish","5":"product_cat-edebiyat","6":"product_cat-roman-oyku","7":"pa_cilt-ciltsiz","8":"pa_tur-kitap","9":"pa_yayinevi-ithaki-yayinlari","10":"pa_yazar-cagla-cinili","12":"first","13":"instock","14":"sale","15":"shipping-taxable","16":"purchasable","17":"product-type-simple"},"_links":{"self":[{"href":"https:\/\/roveyayinevi.com.tr\/index.php\/wp-json\/wp\/v2\/product\/731394","targetHints":{"allow":["GET"]}}],"collection":[{"href":"https:\/\/roveyayinevi.com.tr\/index.php\/wp-json\/wp\/v2\/product"}],"about":[{"href":"https:\/\/roveyayinevi.com.tr\/index.php\/wp-json\/wp\/v2\/types\/product"}],"wp:attachment":[{"href":"https:\/\/roveyayinevi.com.tr\/index.php\/wp-json\/wp\/v2\/media?parent=731394"}],"wp:term":[{"taxonomy":"product_brand","embeddable":true,"href":"https:\/\/roveyayinevi.com.tr\/index.php\/wp-json\/wp\/v2\/product_brand?post=731394"},{"taxonomy":"product_cat","embeddable":true,"href":"https:\/\/roveyayinevi.com.tr\/index.php\/wp-json\/wp\/v2\/product_cat?post=731394"},{"taxonomy":"product_tag","embeddable":true,"href":"https:\/\/roveyayinevi.com.tr\/index.php\/wp-json\/wp\/v2\/product_tag?post=731394"}],"curies":[{"name":"wp","href":"https:\/\/api.w.org\/{rel}","templated":true}]}}