{"id":731393,"date":"2025-08-27T21:30:53","date_gmt":"2025-08-27T18:30:53","guid":{"rendered":"https:\/\/roveyayinevi.com.tr\/index.php\/urun\/maymun-ve-oz\/"},"modified":"2026-04-16T02:39:06","modified_gmt":"2026-04-15T23:39:06","slug":"maymun-ve-oz","status":"publish","type":"product","link":"https:\/\/roveyayinevi.com.tr\/index.php\/urun\/maymun-ve-oz\/","title":{"rendered":"Maymun ve \u00d6z"},"content":{"rendered":"<p>\u201cBu kitab\u0131n ka\u00e7\u0131n\u0131lmaz bir g\u00fcc\u00fc var; kat\u0131\u015f\u0131ks\u0131z ve ele avuca s\u0131\u011fmaz keskinli\u011finin okurlar\u0131 etkilememesi m\u00fcmk\u00fcn de\u011fil.\u201d \u2013Time   \u201cVE BUNA \u0130LERLEME DED\u0130LER. \u0130LERLEME! S\u00d6YL\u00dcYORUM SANA, \u0130NSAN BEYN\u0130N\u0130N BULU\u015eLARININ PEK AZI \u0130LERLEMEYD\u0130.\u201d   \u201cFikirlerin romanc\u0131s\u0131\u201d Aldous Huxley, 20. y\u00fczy\u0131l\u0131n en \u00f6nemli distopya yazarlar\u0131ndan biri. Cesur Yeni D\u00fcnya ve Ada\u2019yla birlikte yazar\u0131n \u00fc\u00e7 vizyoner klasi\u011finden biri say\u0131lan Maymun ve \u00d6z ise bunlar\u0131n i\u00e7inde en karanl\u0131k olan\u0131. Senaryo formunun kullan\u0131ld\u0131\u011f\u0131 bu kitap, yazar\u0131n kurgunun yan\u0131nda bi\u00e7imde de yarat\u0131c\u0131l\u0131\u011f\u0131n\u0131 g\u00f6sterdi\u011fi deneysel bir roman.   Hollywood\u2019da s\u0131radan bir g\u00fcn. Kahramanlar\u0131m\u0131z kenara at\u0131lm\u0131\u015f senaryolardan birinin cazibesine kap\u0131l\u0131r ve biz de kendimizi bu senaryoyu okurken buluruz. \u201cMaymun ve \u00d6z\u201d ba\u015fl\u0131kl\u0131 bu tuhaf metinde anlat\u0131lanlara g\u00f6re, \u00dc\u00e7\u00fcnc\u00fc D\u00fcnya Sava\u015f\u0131 neredeyse t\u00fcm d\u00fcnyay\u0131 y\u0131k\u0131ma u\u011fratm\u0131\u015f, n\u00fckleer ve kimyasal silahlar uygarl\u0131\u011f\u0131n sonunu getirmi\u015ftir.   Y\u0131k\u0131mdan etkilenmeyen bir grup biliminsan\u0131, Kaliforniya\u2019ya bir inceleme gezisi d\u00fczenler. Bu ki\u015filerden biri olan Dr. Poole o b\u00f6lgede ya\u015fayanlar taraf\u0131ndan tutsak al\u0131n\u0131r. Bu insanlar, \u015eeytan\u2019\u0131 y\u00fccelten yeni bir inan\u00e7 sistemi kurmu\u015flard\u0131r. Dr. Poole, \u015eeytan\u2019\u0131n ve k\u00f6t\u00fcl\u00fc\u011f\u00fcn nas\u0131l bir h\u00e2kimiyet kurdu\u011funu \u00f6\u011frendikten sonra, art\u0131k oradan uzakla\u015fmas\u0131 gerekti\u011fini anlar.   Uygarl\u0131\u011f\u0131n teknolojik ilerlemesi nereye varacak? Sava\u015flar ve n\u00fckleer silahlanma d\u00fcnyay\u0131 nereye g\u00f6t\u00fcrecek? \u0130nsan, kime ya da neye do\u011fru evrilecek?   Maymun ve \u00d6z, \u015eeytan\u2019\u0131n boynuzlar\u0131 taraf\u0131ndan \u00e7izilen bir din, etik ve evrim \u00fc\u00e7geni.     <\/p>\n","protected":false},"excerpt":{"rendered":"<p>\u201cBu kitab\u0131n ka\u00e7\u0131n\u0131lmaz bir g\u00fcc\u00fc var; kat\u0131\u015f\u0131ks\u0131z ve ele avuca s\u0131\u011fmaz keskinli\u011finin okurlar\u0131 etkilememesi m\u00fcmk\u00fcn de\u011fil.\u201d \u2013Time \u201cVE BUNA \u0130LERLEME DED\u0130LER. \u0130LERLEME! S\u00d6YL\u00dcYORUM SANA, \u0130NSAN BEYN\u0130N\u0130N<span class=\"excerpt-hellip\"> [\u2026]<\/span><\/p>\n","protected":false},"featured_media":0,"template":"","meta":{"_monsterinsights_skip_tracking":false,"_monsterinsights_sitenote_active":false,"_monsterinsights_sitenote_note":"","_monsterinsights_sitenote_category":0},"product_brand":[],"product_cat":[12540,12291],"product_tag":[],"class_list":{"0":"post-731393","1":"product","2":"type-product","3":"status-publish","5":"product_cat-bilim-kurgu","6":"product_cat-edebiyat","7":"pa_cilt-ciltsiz","8":"pa_tur-kitap","9":"pa_yayinevi-ithaki-yayinlari","10":"pa_yazar-aldous-huxley","12":"first","13":"instock","14":"sale","15":"shipping-taxable","16":"purchasable","17":"product-type-simple"},"_links":{"self":[{"href":"https:\/\/roveyayinevi.com.tr\/index.php\/wp-json\/wp\/v2\/product\/731393","targetHints":{"allow":["GET"]}}],"collection":[{"href":"https:\/\/roveyayinevi.com.tr\/index.php\/wp-json\/wp\/v2\/product"}],"about":[{"href":"https:\/\/roveyayinevi.com.tr\/index.php\/wp-json\/wp\/v2\/types\/product"}],"wp:attachment":[{"href":"https:\/\/roveyayinevi.com.tr\/index.php\/wp-json\/wp\/v2\/media?parent=731393"}],"wp:term":[{"taxonomy":"product_brand","embeddable":true,"href":"https:\/\/roveyayinevi.com.tr\/index.php\/wp-json\/wp\/v2\/product_brand?post=731393"},{"taxonomy":"product_cat","embeddable":true,"href":"https:\/\/roveyayinevi.com.tr\/index.php\/wp-json\/wp\/v2\/product_cat?post=731393"},{"taxonomy":"product_tag","embeddable":true,"href":"https:\/\/roveyayinevi.com.tr\/index.php\/wp-json\/wp\/v2\/product_tag?post=731393"}],"curies":[{"name":"wp","href":"https:\/\/api.w.org\/{rel}","templated":true}]}}