{"id":731392,"date":"2025-08-27T21:30:52","date_gmt":"2025-08-27T18:30:52","guid":{"rendered":"https:\/\/roveyayinevi.com.tr\/index.php\/urun\/iste-tanrilar\/"},"modified":"2026-04-16T02:39:06","modified_gmt":"2026-04-15T23:39:06","slug":"iste-tanrilar","status":"publish","type":"product","link":"https:\/\/roveyayinevi.com.tr\/index.php\/urun\/iste-tanrilar\/","title":{"rendered":"\u0130\u015fte Tanr\u0131lar"},"content":{"rendered":"<p>\u201cParalel evrenden enerji transferi ve s\u0131rad\u0131\u015f\u0131 uzayl\u0131lar i\u00e7eren \u00e7ok katmanl\u0131 bir hik\u00e2ye. Asimov\u2019un yazd\u0131\u011f\u0131 en iyi tekil eser.\u201d  \u2013The Encyclopedia of Science Fiction Hugo En \u0130yi Roman \u00d6d\u00fcl\u00fc \/ Nebula En \u0130yi Roman \u00d6d\u00fcl\u00fc \/ Locus En \u0130yi Roman \u00d6d\u00fcl\u00fc   \u201cTAR\u0130HTE MUTLU SONLAR DE\u011e\u0130L, A\u015eILACAK KR\u0130Z ANLARI VARDIR.\u201d   Isaac Asimov, bilimin i\u00e7inden gelip bilimkurguda devrim yapan, bilimkurgunun \u00fc\u00e7 b\u00fcy\u00fck ustas\u0131ndan biri. \u0130\u015fte Tanr\u0131lar ise Asimov\u2019un ba\u011f\u0131ms\u0131z bilimkurgu romanlar\u0131n\u0131n zirvesi, yazar\u0131n kendi tabiriyle \u201cbilimkurgudaki en iyi uzayl\u0131 tasvirini bar\u0131nd\u0131ran, ayr\u0131ca yaz\u0131p yazabilece\u011fim en iyi metin.\u201d   Yirmi ikinci y\u00fczy\u0131l. D\u00fcnya, Elektron Pompas\u0131\u2019n\u0131n icad\u0131yla s\u0131n\u0131rs\u0131z ve bedava enerjiye ula\u015fm\u0131\u015f durumda. \u0130nsanl\u0131\u011f\u0131n hayallerini ger\u00e7ekle\u015ftirmesi ve geli\u015fmesinin \u00f6n\u00fcnde neredeyse hi\u00e7 engel yok. Bu ba\u015far\u0131n\u0131n arkas\u0131nda ise D\u00fcnya ile kendi paralel evrenleri aras\u0131nda madde de\u011fi\u015fimi yapabilen uzayl\u0131lar var.   Her ne kadar bedava olsa da bu enerji bedelden yoksun de\u011fil. Ne insanlar\u0131n ne de uzayl\u0131lar\u0131n \u00f6ng\u00f6rebildi\u011fi bir felaket yak\u0131nda: G\u00fcne\u015f\u2019in ve D\u00fcnya\u2019n\u0131n t\u00fcm\u00fcyle y\u0131k\u0131m\u0131.   Bu felaketin fark\u0131nda olan sadece birka\u00e7 ki\u015fi var: D\u00fcnyal\u0131 bir s\u00fcrg\u00fcn biliminsan\u0131, \u00f6len bir gezegende ya\u015fayan asi bir uzayl\u0131, Ay\u2019da do\u011fmu\u015f ve gelece\u011fe dair tutarl\u0131 tahminleri olan bir Sezgici. Onlar\u0131n s\u00f6ylediklerine inanan kimse olmasa da evrenlerin kurtulu\u015fu bu \u00fc\u00e7l\u00fcn\u00fcn ellerinde.   \u0130\u015fte Tanr\u0131lar, \u00e7abalar\u0131 nafile olmayanlar\u0131n kitab\u0131.   <\/p>\n","protected":false},"excerpt":{"rendered":"<p>\u201cParalel evrenden enerji transferi ve s\u0131rad\u0131\u015f\u0131 uzayl\u0131lar i\u00e7eren \u00e7ok katmanl\u0131 bir hik\u00e2ye. Asimov\u2019un yazd\u0131\u011f\u0131 en iyi tekil eser.\u201d \u2013The Encyclopedia of Science Fiction Hugo En \u0130yi<span class=\"excerpt-hellip\"> [\u2026]<\/span><\/p>\n","protected":false},"featured_media":0,"template":"","meta":{"_monsterinsights_skip_tracking":false,"_monsterinsights_sitenote_active":false,"_monsterinsights_sitenote_note":"","_monsterinsights_sitenote_category":0},"product_brand":[],"product_cat":[12540,12291],"product_tag":[],"class_list":{"0":"post-731392","1":"product","2":"type-product","3":"status-publish","5":"product_cat-bilim-kurgu","6":"product_cat-edebiyat","7":"pa_cilt-ciltsiz","8":"pa_tur-kitap","9":"pa_yayinevi-ithaki-yayinlari","10":"pa_yazar-isaac-asimov","12":"first","13":"instock","14":"sale","15":"shipping-taxable","16":"purchasable","17":"product-type-simple"},"_links":{"self":[{"href":"https:\/\/roveyayinevi.com.tr\/index.php\/wp-json\/wp\/v2\/product\/731392","targetHints":{"allow":["GET"]}}],"collection":[{"href":"https:\/\/roveyayinevi.com.tr\/index.php\/wp-json\/wp\/v2\/product"}],"about":[{"href":"https:\/\/roveyayinevi.com.tr\/index.php\/wp-json\/wp\/v2\/types\/product"}],"wp:attachment":[{"href":"https:\/\/roveyayinevi.com.tr\/index.php\/wp-json\/wp\/v2\/media?parent=731392"}],"wp:term":[{"taxonomy":"product_brand","embeddable":true,"href":"https:\/\/roveyayinevi.com.tr\/index.php\/wp-json\/wp\/v2\/product_brand?post=731392"},{"taxonomy":"product_cat","embeddable":true,"href":"https:\/\/roveyayinevi.com.tr\/index.php\/wp-json\/wp\/v2\/product_cat?post=731392"},{"taxonomy":"product_tag","embeddable":true,"href":"https:\/\/roveyayinevi.com.tr\/index.php\/wp-json\/wp\/v2\/product_tag?post=731392"}],"curies":[{"name":"wp","href":"https:\/\/api.w.org\/{rel}","templated":true}]}}