{"id":731388,"date":"2025-08-27T21:30:49","date_gmt":"2025-08-27T18:30:49","guid":{"rendered":"https:\/\/roveyayinevi.com.tr\/index.php\/urun\/bedene-dair-seti-3-kitap-takim\/"},"modified":"2026-04-16T02:39:06","modified_gmt":"2026-04-15T23:39:06","slug":"bedene-dair-seti-3-kitap-takim","status":"publish","type":"product","link":"https:\/\/roveyayinevi.com.tr\/index.php\/urun\/bedene-dair-seti-3-kitap-takim\/","title":{"rendered":"Bedene Dair Seti (3 Kitap Tak\u0131m)"},"content":{"rendered":"<p>\u0130nsan V\u00fccuduna Seyahat\u201cMuhte\u015fem&#8230; Bunun gibi bir kitap okumad\u0131m.\u201d-John Berger-\u201c&#8230;sinir kasa, kas kiri\u015fe, kiri\u015f ise sa\u011fduyuya uyar. Ve sa\u011fduyu, ruhun makam\u0131d\u0131r.\u201d-Leonardo da Vinci- V\u00fccudumuzu yak\u0131ndan tan\u0131d\u0131\u011f\u0131m\u0131z\u0131 zannederiz ama insan bedeni asl\u0131nda \u00e7o\u011fumuz i\u00e7in ke\u015ffedilmemi\u015f topraklard\u0131r. Ka\u00e7\u0131m\u0131z kalbin insan refah\u0131yla nas\u0131l bir ba\u011flant\u0131s\u0131 oldu\u011funu biliyor? Ya da epilepsi n\u00f6betlerinin beyni nas\u0131l etkiledi\u011fini? Veya aya\u011f\u0131n insanl\u0131k a\u00e7\u0131s\u0131ndan neden belirleyici rol \u00fcstlendi\u011fini? \u00d6d\u00fcll\u00fc yazar Gavin Francis \u0130nsan V\u00fccuduna Seyahat\u2019te okurlar\u0131 bedenin sakl\u0131 kalm\u0131\u015f patikalar\u0131nda gizemli bir yolculu\u011fa \u00e7\u0131kar\u0131rken organlar\u0131m\u0131z\u0131n mucizevi i\u015fleyi\u015fini anlamam\u0131zda bize rehberlik ediyor.Cerrah, acil t\u0131p uzman\u0131 ve aile hekimi olarak edindi\u011fi tecr\u00fcbelerden yola \u00e7\u0131kan Francis hastalar\u0131n\u0131n \u00f6yk\u00fclerini, t\u0131p tarihi, felsefe ve edebiyatla harmanlayarak insan v\u00fccudunu hastal\u0131kta ve sa\u011fl\u0131kta, ya\u015farken ve \u00f6l\u00fcrken anlat\u0131yor. \u0130nsan V\u00fccuduna Seyahat \u00f6z\u00fcnde insan olman\u0131n anlam\u0131na dair derin d\u00fc\u015f\u00fcnceler bar\u0131nd\u0131ran, v\u00fccudunuza bak\u0131\u015f a\u00e7\u0131n\u0131z\u0131 de\u011fi\u015ftirecek \u015fiirsel ve dokunakl\u0131 bir kitap.\u201cY\u0131l\u0131n Kitab\u0131\u201d-Observer \u2013 Sunday Times \u2013 Economist \u2013 Sunday Herald- Mikrobiyota\u201cBilim yazarl\u0131\u011f\u0131n\u0131n zirvesi.\u201d- BILL GATES -\u201cEtkisi bula\u015f\u0131c\u0131.\u201d- NEW YORK TIMES -2017 Wellcome Kitap \u00d6d\u00fcl\u00fc Finalisti \u201cY\u0131l\u0131n En \u0130yi Kitab\u0131\u201d Se\u00e7kilerinde- New York Times, Guardian, Popular Science, Times, Economist, Buzzfeed, Kirkus -NE\u201cHayvanlar evrimin kremas\u0131 olabilir ama as\u0131l pasta bakterilerdir.\u201d- ANDREW KNOLL -\u0130\u00e7inizde trilyonlar ya\u015f\u0131yor. Koskoca bir d\u00fcnya, capcanl\u0131 bir kolonisiniz asl\u0131nda. Sadece ba\u011f\u0131rsa\u011f\u0131n\u0131zdaki bakterilerin say\u0131s\u0131, galaksimizdeki y\u0131ld\u0131zlar\u0131n say\u0131s\u0131ndan fazla. Y\u00fczlerce y\u0131l adlar\u0131n\u0131 hastal\u0131kla anm\u0131\u015f olsak da art\u0131k biliyoruz: Mikroplar ya\u015fam\u0131n Azrail\u2019i de\u011fil, bek\u00e7isi. Trilyonlarca mikrop organlar\u0131m\u0131z\u0131 \u015fekillendiriyor, bizi hastal\u0131klardan koruyor, davran\u0131\u015flar\u0131m\u0131za y\u00f6n veriyor. A\u015f\u0131lara nas\u0131l tepki verdi\u011fimizden, \u00e7ocuklar\u0131n ald\u0131klar\u0131 g\u0131dalardan ne kadar beslenebildiklerine kadar, ya\u015fam\u0131m\u0131za \u00e7ok derin ve geni\u015f kapsaml\u0131 katk\u0131lar\u0131 var. Art\u0131k kesin olarak biliyoruz ki mikroplar\u0131 g\u00f6z ard\u0131 etmek, hayata anahtar deli\u011finden bakmak demek.Bu kitap kap\u0131y\u0131 ard\u0131na kadar a\u00e7\u0131yor ve bizi v\u00fccudumuzdaki ak\u0131lalmaz evrenle tan\u0131\u015ft\u0131r\u0131yor. Ed Yong, bizleri kendimize yepyeni bir a\u00e7\u0131dan, nehirlere, ormanlara, mercan resiflerine bakt\u0131\u011f\u0131m\u0131z gibi bakmaya \u00e7a\u011f\u0131r\u0131yor: bireylerden \u00e7ok, geli\u015fen ekosistemler olarak. Mikrobiyota, d\u00fcnyaya ve kendinize bak\u0131\u015f\u0131n\u0131z milyon minik yoldan de\u011fi\u015ftirecek. Bu kitab\u0131 okuduktan sonra muhtemelen bir \u201cfavori mikrop\u201dunuz olacak. Gen\u201cGelece\u011fimizin y\u0131ld\u0131zlarda oldu\u011funu d\u00fc\u015f\u00fcn\u00fcrd\u00fck. Art\u0131k genlerimizde oldu\u011funu biliyoruz.\u201d- James Watson, DNA\u2019n\u0131n Nobel \u00f6d\u00fcll\u00fc ka\u015fiflerinden -Gen. \u0130nsano\u011flunu in\u015fa eden, onu tan\u0131mlayan kaynak kod. Sahip oldu\u011fumuz en insani \u015fey. Ve onu anlamaktan ona y\u00f6n verebilmeye ge\u00e7ti\u011fimiz bug\u00fcnlerde, t\u00fcr\u00fcm\u00fcz\u00fcn belki de verip verece\u011fi en b\u00fcy\u00fck bilgelik s\u0131nav\u0131n\u0131n konusu.T\u00fcm Hastal\u0131klar\u0131n \u015eah\u0131\u2019yla Pulitzer kazanan Siddhartha Mukherjee, kendi ailesindeki \u015fizofreni ge\u00e7mi\u015finden yola \u00e7\u0131karak bizleri bilim tarihinin en g\u00fc\u00e7l\u00fc ve tehlikeli fikirlerden birinin do\u011fu\u015fu, geli\u015fimi ve gelece\u011fi \u00fcst\u00fcne muazzam bir yolculu\u011fa \u00e7\u0131kar\u0131yor. Mendel\u2019in bezelyeleri ile filizlenen bir fikrin Darwin\u2019le birlikte ye\u015fermesi, Nazilerin elinde tehlikeli bir silaha d\u00f6n\u00fc\u015f\u00fcp \u0131rk ve kimlik tart\u0131\u015fmalar\u0131n\u0131n ba\u015fk\u00f6\u015fesine yerle\u015fmesi, ard\u0131ndan modern genetik, insan genomu haritas\u0131 ve o b\u00fcy\u00fck soru: E\u011fer genetikle oynamak, \u00e7ocuklar\u0131m\u0131z\u0131n yazg\u0131lar\u0131n\u0131 ve kimliklerini belirlemek m\u00fcmk\u00fcnse insan olmak ne anlama gelir? Genetik bilimin ahlaki labirentinde yolumuzu nas\u0131l \u00e7izece\u011fiz?Kraliyet Akademisi Bilim Kitab\u0131 \u00d6d\u00fcl\u00fc ve Wellcome Kitap \u00d6d\u00fcl\u00fc Finalisti olan GEN \u2013 Hayli Ki\u015fisel Bir Hik\u00e2ye, geneti\u011fin sadece bir laboratuvar bilimi de\u011fil, yar\u0131n\u0131m\u0131z\u0131n ka\u00e7\u0131n\u0131lmaz bir par\u00e7as\u0131 oldu\u011funu su g\u00f6t\u00fcrmez bi\u00e7imde ortaya koyan, ola\u011fan\u00fcst\u00fc bir kitap.Bu belki de bug\u00fcne kadar anlat\u0131lm\u0131\u015f en muhte\u015fem dedektiflik hikayesi. Aristo\u2019dan Francis Collins\u2019e kadar binlerce ara\u015ft\u0131rmac\u0131, her h\u00fccrenin merkezinde yer alan soru i\u015faretlerini bin y\u0131l boyunca \u00e7\u00f6zmeye \u00e7al\u0131\u015f\u0131yorlar. Gen de t\u0131pk\u0131 T\u00fcm Hastal\u0131klar\u0131n \u015eah\u0131 gibi, dahiyane, s\u00fcr\u00fckleyici, co\u015fkulu bir kitap. \u201c\u0130nsan olmak ne demektir?\u201d sorusunun cevab\u0131n\u0131 merak ediyorsan\u0131z, bu kitab\u0131 okumak zorundas\u0131n\u0131z.- ANTHONY DOERR &#8211;<\/p>\n","protected":false},"excerpt":{"rendered":"<p>\u0130nsan V\u00fccuduna Seyahat\u201cMuhte\u015fem&#8230; Bunun gibi bir kitap okumad\u0131m.\u201d-John Berger-\u201c&#8230;sinir kasa, kas kiri\u015fe, kiri\u015f ise sa\u011fduyuya uyar. Ve sa\u011fduyu, ruhun makam\u0131d\u0131r.\u201d-Leonardo da Vinci- V\u00fccudumuzu yak\u0131ndan tan\u0131d\u0131\u011f\u0131m\u0131z\u0131 zannederiz<span class=\"excerpt-hellip\"> [\u2026]<\/span><\/p>\n","protected":false},"featured_media":0,"template":"","meta":{"_monsterinsights_skip_tracking":false,"_monsterinsights_sitenote_active":false,"_monsterinsights_sitenote_note":"","_monsterinsights_sitenote_category":0},"product_brand":[],"product_cat":[13005,13006],"product_tag":[],"class_list":{"0":"post-731388","1":"product","2":"type-product","3":"status-publish","5":"product_cat-bilim-muhendislik","6":"product_cat-populer-bilim","7":"pa_cilt-takim","8":"pa_tur-kitap","9":"pa_yayinevi-domingo-yayinevi","10":"pa_yazar-domingo-yayinevi-kolektif","12":"first","13":"instock","14":"sale","15":"shipping-taxable","16":"purchasable","17":"product-type-simple"},"_links":{"self":[{"href":"https:\/\/roveyayinevi.com.tr\/index.php\/wp-json\/wp\/v2\/product\/731388","targetHints":{"allow":["GET"]}}],"collection":[{"href":"https:\/\/roveyayinevi.com.tr\/index.php\/wp-json\/wp\/v2\/product"}],"about":[{"href":"https:\/\/roveyayinevi.com.tr\/index.php\/wp-json\/wp\/v2\/types\/product"}],"wp:attachment":[{"href":"https:\/\/roveyayinevi.com.tr\/index.php\/wp-json\/wp\/v2\/media?parent=731388"}],"wp:term":[{"taxonomy":"product_brand","embeddable":true,"href":"https:\/\/roveyayinevi.com.tr\/index.php\/wp-json\/wp\/v2\/product_brand?post=731388"},{"taxonomy":"product_cat","embeddable":true,"href":"https:\/\/roveyayinevi.com.tr\/index.php\/wp-json\/wp\/v2\/product_cat?post=731388"},{"taxonomy":"product_tag","embeddable":true,"href":"https:\/\/roveyayinevi.com.tr\/index.php\/wp-json\/wp\/v2\/product_tag?post=731388"}],"curies":[{"name":"wp","href":"https:\/\/api.w.org\/{rel}","templated":true}]}}