{"id":731386,"date":"2025-08-27T21:30:48","date_gmt":"2025-08-27T18:30:48","guid":{"rendered":"https:\/\/roveyayinevi.com.tr\/index.php\/urun\/thomas-more-bir-gun-filozoflar-kral-ya-da-krallar-filozof-olursa-insanlik-o-zaman-mutluluga-kavusur\/"},"modified":"2026-04-16T02:39:06","modified_gmt":"2026-04-15T23:39:06","slug":"thomas-more-bir-gun-filozoflar-kral-ya-da-krallar-filozof-olursa-insanlik-o-zaman-mutluluga-kavusur","status":"publish","type":"product","link":"https:\/\/roveyayinevi.com.tr\/index.php\/urun\/thomas-more-bir-gun-filozoflar-kral-ya-da-krallar-filozof-olursa-insanlik-o-zaman-mutluluga-kavusur\/","title":{"rendered":"Thomas More \/ Bir G\u00fcn Filozoflar Kral ya da Krallar Filozof Olursa \u0130nsanl\u0131k O Zaman. Mutlulu\u011fa Kavu\u015fur"},"content":{"rendered":"<p>\u201c\u00c7\u00fcr\u00fcyen bir bedene k\u0131yasla ebedi olan ruhtan vazge\u00e7mek ancak onursuzlar\u0131n i\u015fidir ve de ahmaklar\u0131n.\u201d   Filiz vermeyen bir\u00e7ok hayat\u0131n aksine koyu g\u00f6lgeli yapraklar\u0131 r\u00fczg\u00e2rlarla oyna\u015fan ulu bir \u00e7\u0131nar gibi ya\u015fad\u0131 Thomas More. Gen\u00e7 ya\u015fta \u00e7ok da istememesine ra\u011fmen h\u0131zl\u0131 bir t\u0131rman\u0131\u015fa ge\u00e7ti ancak \u015fatafat\u0131n, ikiy\u00fczl\u00fcl\u00fc\u011f\u00fcn, heveslerin \u0131\u015f\u0131klar\u0131 alt\u0131nda ya\u015famaktansa son nefesini d\u00fcr\u00fcstl\u00fc\u011f\u00fcn k\u00fcf kokulu zindanlar\u0131nda vermeyi tercih etti. \u201cVicdan \u00f6zg\u00fcrl\u00fc\u011f\u00fc\u201d u\u011fruna cellad\u0131na g\u00fcl\u00fcmseyecek kadar ya\u015fam\u0131n\u0131n do\u011frulu\u011fundan emindi. \u0130damla noktalanan 57 y\u0131ll\u0131k ya\u015fam\u0131n\u0131n ard\u0131nda yak\u0131n dostu Erasmus\u2019un \u0131srar\u0131 \u00fczerine yazd\u0131\u011f\u0131 bir kilometre ta\u015f\u0131 olan \u00dctopya\u2019y\u0131 b\u0131rakt\u0131. \u00dctopya\u2019da e\u011fitimden \u00fcretime, siyasetten adalete, ticaretten y\u00f6netime kadar her a\u00e7\u0131dan ideal bir devleti resmetti. Hem sorunu s\u00f6yledi hem \u00e7\u00f6z\u00fcm\u00fc hayk\u0131rd\u0131. D\u00f6neminin d\u0131\u015f\u0131na ta\u015ft\u0131. Peki ya biz Thomas More\u2019un anlatt\u0131\u011f\u0131 ideal topluma ula\u015fma yolunda neredeyiz?   <\/p>\n","protected":false},"excerpt":{"rendered":"<p>\u201c\u00c7\u00fcr\u00fcyen bir bedene k\u0131yasla ebedi olan ruhtan vazge\u00e7mek ancak onursuzlar\u0131n i\u015fidir ve de ahmaklar\u0131n.\u201d Filiz vermeyen bir\u00e7ok hayat\u0131n aksine koyu g\u00f6lgeli yapraklar\u0131 r\u00fczg\u00e2rlarla oyna\u015fan ulu bir<span class=\"excerpt-hellip\"> [\u2026]<\/span><\/p>\n","protected":false},"featured_media":0,"template":"","meta":{"_monsterinsights_skip_tracking":false,"_monsterinsights_sitenote_active":false,"_monsterinsights_sitenote_note":"","_monsterinsights_sitenote_category":0},"product_brand":[],"product_cat":[12388,13555],"product_tag":[],"class_list":{"0":"post-731386","1":"product","2":"type-product","3":"status-publish","5":"product_cat-felsefe","6":"product_cat-genel-felsefe","7":"pa_cilt-ciltsiz","8":"pa_tur-kitap","9":"pa_yayinevi-destek-yayinlari","10":"pa_yazar-caglar-cetok","12":"first","13":"instock","14":"sale","15":"shipping-taxable","16":"purchasable","17":"product-type-simple"},"_links":{"self":[{"href":"https:\/\/roveyayinevi.com.tr\/index.php\/wp-json\/wp\/v2\/product\/731386","targetHints":{"allow":["GET"]}}],"collection":[{"href":"https:\/\/roveyayinevi.com.tr\/index.php\/wp-json\/wp\/v2\/product"}],"about":[{"href":"https:\/\/roveyayinevi.com.tr\/index.php\/wp-json\/wp\/v2\/types\/product"}],"wp:attachment":[{"href":"https:\/\/roveyayinevi.com.tr\/index.php\/wp-json\/wp\/v2\/media?parent=731386"}],"wp:term":[{"taxonomy":"product_brand","embeddable":true,"href":"https:\/\/roveyayinevi.com.tr\/index.php\/wp-json\/wp\/v2\/product_brand?post=731386"},{"taxonomy":"product_cat","embeddable":true,"href":"https:\/\/roveyayinevi.com.tr\/index.php\/wp-json\/wp\/v2\/product_cat?post=731386"},{"taxonomy":"product_tag","embeddable":true,"href":"https:\/\/roveyayinevi.com.tr\/index.php\/wp-json\/wp\/v2\/product_tag?post=731386"}],"curies":[{"name":"wp","href":"https:\/\/api.w.org\/{rel}","templated":true}]}}