{"id":731385,"date":"2025-08-27T21:30:47","date_gmt":"2025-08-27T18:30:47","guid":{"rendered":"https:\/\/roveyayinevi.com.tr\/index.php\/urun\/bodrumdaki-acayip-gunlerim\/"},"modified":"2026-04-05T02:46:38","modified_gmt":"2026-04-04T23:46:38","slug":"bodrumdaki-acayip-gunlerim","status":"publish","type":"product","link":"https:\/\/roveyayinevi.com.tr\/index.php\/urun\/bodrumdaki-acayip-gunlerim\/","title":{"rendered":"Bodrum&#8217;daki Acayip G\u00fcnlerim"},"content":{"rendered":"<p>Volga, \u0130stanbul\u2019da, soka\u011f\u0131nda oyuncak m\u00fczesi olan g\u00fczel bir apartmanda oturuyordu. G\u00fcnlerini birlikte ge\u00e7irdi\u011fi arkada\u015flar\u0131 vard\u0131. Silgi tozlar\u0131ndan heykel yapt\u0131klar\u0131, \u00e7izgilere basmadan yemekhaneye kadar yar\u0131\u015ft\u0131klar\u0131 meydan okumalar, tad\u0131 tuzuydu okul g\u00fcnlerinin. Ama g\u00fcn\u00fcn birinde ad\u0131na verilmi\u015f\u0327bir karara uymak zorunda kald\u0131: Bodrum\u2019a ta\u015f\u0131nmak.Baz\u0131 \u00e7ocuklara g\u00f6re \u0130stanbul\u2019dan Bodrum\u2019a ta\u015f\u0131nmak haval\u0131 bir \u015feydi ama bunu bir de Volga\u2019ya sorun! K\u0131\u015f\u0131n bile denize girebilmek her \u015fey de\u011fildi sonu\u00e7ta. Etraf\u0131n\u0131 mandalina bah\u00e7elerinin sard\u0131\u011f\u0131, fantastik bir filmden f\u0131rlam\u0131\u015f\u0327gibi g\u00f6r\u00fcnen bir evde ya\u015famak Volga\u2019n\u0131n bilmedi\u011fi bir \u015feydi.Nevra Nergiz, bildi\u011fimiz hayat geride kald\u0131\u011f\u0131nda yeniliklere yelken a\u00e7man\u0131n ve ke\u015ffetmenin g\u00fczelli\u011fini ferahlatan bir esinti gibi anlat\u0131yor.<\/p>\n","protected":false},"excerpt":{"rendered":"<p>Volga, \u0130stanbul\u2019da, soka\u011f\u0131nda oyuncak m\u00fczesi olan g\u00fczel bir apartmanda oturuyordu. G\u00fcnlerini birlikte ge\u00e7irdi\u011fi arkada\u015flar\u0131 vard\u0131. Silgi tozlar\u0131ndan heykel yapt\u0131klar\u0131, \u00e7izgilere basmadan yemekhaneye kadar yar\u0131\u015ft\u0131klar\u0131 meydan okumalar,<span class=\"excerpt-hellip\"> [\u2026]<\/span><\/p>\n","protected":false},"featured_media":0,"template":"","meta":{"_monsterinsights_skip_tracking":false,"_monsterinsights_sitenote_active":false,"_monsterinsights_sitenote_note":"","_monsterinsights_sitenote_category":0},"product_brand":[],"product_cat":[12275,12274],"product_tag":[],"class_list":{"0":"post-731385","1":"product","2":"type-product","3":"status-publish","5":"product_cat-6-12-yas-kitaplari","6":"product_cat-cocuk-ve-genclik-kitaplari","7":"pa_cilt-ciltsiz","8":"pa_tur-kitap","9":"pa_yayinevi-cinar-yayinlari","10":"pa_yazar-nevra-nergiz","12":"first","13":"instock","14":"sale","15":"shipping-taxable","16":"purchasable","17":"product-type-simple"},"_links":{"self":[{"href":"https:\/\/roveyayinevi.com.tr\/index.php\/wp-json\/wp\/v2\/product\/731385","targetHints":{"allow":["GET"]}}],"collection":[{"href":"https:\/\/roveyayinevi.com.tr\/index.php\/wp-json\/wp\/v2\/product"}],"about":[{"href":"https:\/\/roveyayinevi.com.tr\/index.php\/wp-json\/wp\/v2\/types\/product"}],"wp:attachment":[{"href":"https:\/\/roveyayinevi.com.tr\/index.php\/wp-json\/wp\/v2\/media?parent=731385"}],"wp:term":[{"taxonomy":"product_brand","embeddable":true,"href":"https:\/\/roveyayinevi.com.tr\/index.php\/wp-json\/wp\/v2\/product_brand?post=731385"},{"taxonomy":"product_cat","embeddable":true,"href":"https:\/\/roveyayinevi.com.tr\/index.php\/wp-json\/wp\/v2\/product_cat?post=731385"},{"taxonomy":"product_tag","embeddable":true,"href":"https:\/\/roveyayinevi.com.tr\/index.php\/wp-json\/wp\/v2\/product_tag?post=731385"}],"curies":[{"name":"wp","href":"https:\/\/api.w.org\/{rel}","templated":true}]}}